{"id":672,"date":"2022-06-10T08:16:52","date_gmt":"2022-06-10T06:16:52","guid":{"rendered":"https:\/\/www.hotelatlantisparis.com\/situation\/"},"modified":"2022-06-22T10:04:15","modified_gmt":"2022-06-22T08:04:15","slug":"ubicacion","status":"publish","type":"page","link":"https:\/\/www.hotelatlantisparis.com\/es\/ubicacion\/","title":{"rendered":"Situation"},"content":{"rendered":"\n\n\n<iframe src=\"https:\/\/www.google.com\/maps\/embed?pb=!1m18!1m12!1m3!1d10501.41523103213!2d2.323764868771253!3d48.85146330914813!2m3!1f0!2f0!3f0!3m2!1i1024!2i768!4f13.1!3m3!1m2!1s0x47e671d754ae27b1%3A0x8ce38e396805f33c!2s4%20Rue%20du%20Vieux%20Colombier%2C%2075006%20Paris!5e0!3m2!1sfr!2sfr!4v1654672939234!5m2!1sfr!2sfr\" width=\"100%\" height=\"400\" style=\"border:0;\" allowfullscreen=\"\" loading=\"lazy\" referrerpolicy=\"no-referrer-when-downgrade\"><\/iframe>\n\n\t<section class=\"section\" id=\"section_111705540\">\n\t\t<div class=\"bg section-bg fill bg-fill  bg-loaded\" >\n\n\t\t\t\n\t\t\t\n\t\t\t\n\n\t\t<\/div>\n\n\t\t\n\n\t\t<div class=\"section-content relative\">\n\t\t\t\n\n<div class=\"row\"  id=\"row-36428965\">\n\n\n\t<div id=\"col-1602224973\" class=\"col small-12 large-12\"  data-animate=\"fadeInUp\">\n\t\t\t\t<div class=\"col-inner\"  >\n\t\t\t\n\t\t\t\n\n<h1 style=\"text-align: center;\">UNA UBICACI\u00d3N DE ENSUE\u00d1O EN PLENO CORAZ\u00d3N DE PAR\u00cdS<\/h1>\n<p style=\"text-align:center;\"><img decoding=\"async\" class=\"aligncenter size-medium wp-image-133\" src=\"https:\/\/www.hotelatlantisparis.com\/wp-content\/uploads\/2022\/06\/deco-300x54.png\" alt=\"\" width=\"300\" height=\"54\" srcset=\"https:\/\/www.hotelatlantisparis.com\/wp-content\/uploads\/2022\/06\/deco-300x54.png 300w, https:\/\/www.hotelatlantisparis.com\/wp-content\/uploads\/2022\/06\/deco.png 500w\" sizes=\"(max-width: 300px) 100vw, 300px\" \/><\/p>\n<p>Situado en el elegante Distrito VI, en el coraz\u00f3n de Saint-Germain-des-Pr\u00e9s, el hotel Atlantis ofrece un ambiente incre\u00edble en el que dejar las maletas. Frente al hotel, la impresionante place Saint Sulpice, su majestuosa iglesia y su encantadora fuente esperan a los visitantes, ya que son el punto de inicio para disfrutar de lo mejor que ofrece tanto este barrio como Par\u00eds en su conjunto.<\/p>\n<p>Perfectamente conectada mediante transportes colectivos, esta ubicaci\u00f3n permite recorrer toda la ciudad muy f\u00e1cilmente. Se puede acceder con comodidad a Notre Dame, el Louvre, la Torre Eiffel, Montmartre y los grandes almacenes gracias al transporte p\u00fablico. Algunos monumentos tambi\u00e9n se pueden descubrir a pie, como el Pante\u00f3n, los jardines de Luxemburgo o la Torre Montparnasse y el Sena.<\/p>\n<p>Desde aqu\u00ed, todo Par\u00eds abre sus puertas.<\/p>\n\n\n  \n    <div id=\"gallery-1114831467\" class=\"slider slider-auto-height row-collapse slider-nav-reveal\" data-flickity-options='{\"imagesLoaded\": true, \"dragThreshold\" : 5, \"cellAlign\": \"left\",\"wrapAround\": true,\"prevNextButtons\": true,\"percentPosition\": true,\"pageDots\": true, \"rightToLeft\": false, \"autoPlay\" : 3000}'>\n\n  <div class=\"gallery-col col\" >\n          <div class=\"col-inner\">\n            <a class=\"image-lightbox lightbox-gallery\" href=\"https:\/\/www.hotelatlantisparis.com\/wp-content\/uploads\/2022\/06\/PLACE-EGLISE_3-1024x683.jpg\" title=\"\">            <div class=\"box has-hover gallery-box box-overlay dark\">\n              <div class=\"box-image box-shadow-3\" >\n                <img decoding=\"async\" width=\"300\" height=\"200\" src=\"https:\/\/www.hotelatlantisparis.com\/wp-content\/uploads\/2022\/06\/PLACE-EGLISE_3-300x200.jpg\" class=\"attachment-medium size-medium\" alt=\"\" ids=\"70,71,69,68\" type=\"slider-full\" depth=\"3\" slider_nav_color=\"light\" slider_bullets=\"true\" auto_slide=\"3000\" srcset=\"https:\/\/www.hotelatlantisparis.com\/wp-content\/uploads\/2022\/06\/PLACE-EGLISE_3-300x200.jpg 300w, https:\/\/www.hotelatlantisparis.com\/wp-content\/uploads\/2022\/06\/PLACE-EGLISE_3-1024x683.jpg 1024w, https:\/\/www.hotelatlantisparis.com\/wp-content\/uploads\/2022\/06\/PLACE-EGLISE_3-768x512.jpg 768w, https:\/\/www.hotelatlantisparis.com\/wp-content\/uploads\/2022\/06\/PLACE-EGLISE_3.jpg 1500w\" sizes=\"(max-width: 300px) 100vw, 300px\" \/>                                  <div class=\"overlay fill\"\n                      style=\"background-color: rgba(0,0,0,.15)\">\n                  <\/div>\n                                                              <\/div>\n              <div class=\"box-text text-left\" >\n                 <p><\/p>\n              <\/div>\n            <\/div>\n            <\/a>          <\/div>\n         <\/div><div class=\"gallery-col col\" >\n          <div class=\"col-inner\">\n            <a class=\"image-lightbox lightbox-gallery\" href=\"https:\/\/www.hotelatlantisparis.com\/wp-content\/uploads\/2022\/06\/PLACE-EGLISE_4-1024x683.jpg\" title=\"\">            <div class=\"box has-hover gallery-box box-overlay dark\">\n              <div class=\"box-image box-shadow-3\" >\n                <img decoding=\"async\" width=\"300\" height=\"200\" src=\"https:\/\/www.hotelatlantisparis.com\/wp-content\/uploads\/2022\/06\/PLACE-EGLISE_4-300x200.jpg\" class=\"attachment-medium size-medium\" alt=\"\" ids=\"70,71,69,68\" type=\"slider-full\" depth=\"3\" slider_nav_color=\"light\" slider_bullets=\"true\" auto_slide=\"3000\" srcset=\"https:\/\/www.hotelatlantisparis.com\/wp-content\/uploads\/2022\/06\/PLACE-EGLISE_4-300x200.jpg 300w, https:\/\/www.hotelatlantisparis.com\/wp-content\/uploads\/2022\/06\/PLACE-EGLISE_4-1024x683.jpg 1024w, https:\/\/www.hotelatlantisparis.com\/wp-content\/uploads\/2022\/06\/PLACE-EGLISE_4-768x512.jpg 768w, https:\/\/www.hotelatlantisparis.com\/wp-content\/uploads\/2022\/06\/PLACE-EGLISE_4.jpg 1500w\" sizes=\"(max-width: 300px) 100vw, 300px\" \/>                                  <div class=\"overlay fill\"\n                      style=\"background-color: rgba(0,0,0,.15)\">\n                  <\/div>\n                                                              <\/div>\n              <div class=\"box-text text-left\" >\n                 <p><\/p>\n              <\/div>\n            <\/div>\n            <\/a>          <\/div>\n         <\/div><div class=\"gallery-col col\" >\n          <div class=\"col-inner\">\n            <a class=\"image-lightbox lightbox-gallery\" href=\"https:\/\/www.hotelatlantisparis.com\/wp-content\/uploads\/2022\/06\/PLACE-EGLISE_2-1024x683.jpg\" title=\"\">            <div class=\"box has-hover gallery-box box-overlay dark\">\n              <div class=\"box-image box-shadow-3\" >\n                <img decoding=\"async\" width=\"300\" height=\"200\" src=\"https:\/\/www.hotelatlantisparis.com\/wp-content\/uploads\/2022\/06\/PLACE-EGLISE_2-300x200.jpg\" class=\"attachment-medium size-medium\" alt=\"\" ids=\"70,71,69,68\" type=\"slider-full\" depth=\"3\" slider_nav_color=\"light\" slider_bullets=\"true\" auto_slide=\"3000\" srcset=\"https:\/\/www.hotelatlantisparis.com\/wp-content\/uploads\/2022\/06\/PLACE-EGLISE_2-300x200.jpg 300w, https:\/\/www.hotelatlantisparis.com\/wp-content\/uploads\/2022\/06\/PLACE-EGLISE_2-1024x683.jpg 1024w, https:\/\/www.hotelatlantisparis.com\/wp-content\/uploads\/2022\/06\/PLACE-EGLISE_2-768x512.jpg 768w, https:\/\/www.hotelatlantisparis.com\/wp-content\/uploads\/2022\/06\/PLACE-EGLISE_2.jpg 1500w\" sizes=\"(max-width: 300px) 100vw, 300px\" \/>                                  <div class=\"overlay fill\"\n                      style=\"background-color: rgba(0,0,0,.15)\">\n                  <\/div>\n                                                              <\/div>\n              <div class=\"box-text text-left\" >\n                 <p><\/p>\n              <\/div>\n            <\/div>\n            <\/a>          <\/div>\n         <\/div><div class=\"gallery-col col\" >\n          <div class=\"col-inner\">\n            <a class=\"image-lightbox lightbox-gallery\" href=\"https:\/\/www.hotelatlantisparis.com\/wp-content\/uploads\/2022\/06\/PLACE-EGLISE_1-1024x683.jpg\" title=\"\">            <div class=\"box has-hover gallery-box box-overlay dark\">\n              <div class=\"box-image box-shadow-3\" >\n                <img decoding=\"async\" width=\"300\" height=\"200\" src=\"https:\/\/www.hotelatlantisparis.com\/wp-content\/uploads\/2022\/06\/PLACE-EGLISE_1-300x200.jpg\" class=\"attachment-medium size-medium\" alt=\"\" ids=\"70,71,69,68\" type=\"slider-full\" depth=\"3\" slider_nav_color=\"light\" slider_bullets=\"true\" auto_slide=\"3000\" srcset=\"https:\/\/www.hotelatlantisparis.com\/wp-content\/uploads\/2022\/06\/PLACE-EGLISE_1-300x200.jpg 300w, https:\/\/www.hotelatlantisparis.com\/wp-content\/uploads\/2022\/06\/PLACE-EGLISE_1-1024x683.jpg 1024w, https:\/\/www.hotelatlantisparis.com\/wp-content\/uploads\/2022\/06\/PLACE-EGLISE_1-768x512.jpg 768w, https:\/\/www.hotelatlantisparis.com\/wp-content\/uploads\/2022\/06\/PLACE-EGLISE_1.jpg 1500w\" sizes=\"(max-width: 300px) 100vw, 300px\" \/>                                  <div class=\"overlay fill\"\n                      style=\"background-color: rgba(0,0,0,.15)\">\n                  <\/div>\n                                                              <\/div>\n              <div class=\"box-text text-left\" >\n                 <p><\/p>\n              <\/div>\n            <\/div>\n            <\/a>          <\/div>\n         <\/div><\/div>\n\n\n\t\t<\/div>\n\t\t\t\t\n<style>\n#col-1602224973 > .col-inner {\n  margin: 20px 0px 0px 0px;\n}\n<\/style>\n\t<\/div>\n\n\t\n\n<\/div>\n\n\t\t<\/div>\n\n\t\t\n<style>\n#section_111705540 {\n  padding-top: 30px;\n  padding-bottom: 30px;\n}\n#section_111705540 .ux-shape-divider--top svg {\n  height: 150px;\n  --divider-top-width: 100%;\n}\n#section_111705540 .ux-shape-divider--bottom svg {\n  height: 150px;\n  --divider-width: 100%;\n}\n<\/style>\n\t<\/section>\n\t\n\t<section class=\"section\" id=\"section_1825901060\">\n\t\t<div class=\"bg section-bg fill bg-fill  bg-loaded\" >\n\n\t\t\t\n\t\t\t\n\t\t\t\n\n\t\t<\/div>\n\n\t\t\n\n\t\t<div class=\"section-content relative\">\n\t\t\t\n\n<div class=\"row\"  id=\"row-1144167382\">\n\n\n\t<div id=\"col-102324158\" class=\"col small-12 large-12\"  >\n\t\t\t\t<div class=\"col-inner\"  >\n\t\t\t\n\t\t\t\n\n\t<div id=\"text-3307990159\" class=\"text\">\n\t\t\n\n<p style=\"text-align:center;\"><img decoding=\"async\" class=\"size-medium wp-image-133 aligncenter\" src=\"https:\/\/www.hotelatlantisparis.com\/wp-content\/uploads\/2022\/06\/deco-300x54.png\" alt=\"\" width=\"300\" height=\"54\" srcset=\"https:\/\/www.hotelatlantisparis.com\/wp-content\/uploads\/2022\/06\/deco-300x54.png 300w, https:\/\/www.hotelatlantisparis.com\/wp-content\/uploads\/2022\/06\/deco.png 500w\" sizes=\"(max-width: 300px) 100vw, 300px\" \/><\/p>\n<h2>UN BARRIO T\u00cdPICAMENTE PARISINO<\/h2>\n<p>Mucho m\u00e1s que un barrio museo, Saint-Germain-des-Pr\u00e9s, especialmente las inmediaciones de la place Saint-Sulpice, es un peque\u00f1o pueblo en pleno coraz\u00f3n de la ciudad, un lugar que se vive y se descubre paseando. <\/p>\n<p>En las calles aleda\u00f1as, las tiendas de los creadores lindan con librer\u00edas emblem\u00e1ticas y las tiendas de comestibles compiten en cuanto a creatividad y sabor para animar el barrio. Por ello, muy cerca del hotel, podr\u00e1 degustar reposter\u00eda del famoso Christophe Michalak, saborear el famoso \u00abp\u00e2t\u00e9 en cro\u00fbte\u00bb de la Maison Verot, tomar un caf\u00e9 en los cosmopolitas Caf\u00e9 de Flore o Les Deux Magots, ir de compras a Le Bon March\u00e9, perderse por sus encantadoras calles, catar una crep memorable en la rue d\u2019Odessa\u2026 <\/p>\n<p>D\u00e9jese sorprender y enamorar por el barrio antes de volver a la suavidad y tranquilidad del hotel Atlantis. <\/p>\n\n\t\t\n<style>\n#text-3307990159 {\n  text-align: center;\n}\n<\/style>\n\t<\/div>\n\t\n\n\t\t<\/div>\n\t\t\t\t\t<\/div>\n\n\t\n\n<\/div>\n\n\t\t<\/div>\n\n\t\t\n<style>\n#section_1825901060 {\n  padding-top: 30px;\n  padding-bottom: 30px;\n}\n#section_1825901060 .ux-shape-divider--top svg {\n  height: 150px;\n  --divider-top-width: 100%;\n}\n#section_1825901060 .ux-shape-divider--bottom svg {\n  height: 150px;\n  --divider-width: 100%;\n}\n<\/style>\n\t<\/section>\n\t\n\n","protected":false},"excerpt":{"rendered":"","protected":false},"author":1,"featured_media":0,"parent":0,"menu_order":0,"comment_status":"closed","ping_status":"closed","template":"page-blank.php","meta":{"footnotes":""},"class_list":["post-672","page","type-page","status-publish","hentry"],"yoast_head":"<!-- This site is optimized with the Yoast SEO plugin v19.9 - https:\/\/yoast.com\/wordpress\/plugins\/seo\/ -->\n<title>UNA UBICACI\u00d3N DE ENSUE\u00d1O EN PLENO CORAZ\u00d3N DE PAR\u00cdS<\/title>\n<meta name=\"description\" content=\"Situado en el elegante Distrito VI, en el coraz\u00f3n de Saint-Germain-des-Pr\u00e9s, el hotel Atlantis ofrece un ambiente incre\u00edble en el que dejar las maletas.\" \/>\n<meta name=\"robots\" content=\"index, follow, max-snippet:-1, max-image-preview:large, max-video-preview:-1\" \/>\n<link rel=\"canonical\" href=\"https:\/\/www.hotelatlantisparis.com\/es\/ubicacion\/\" \/>\n<meta property=\"og:locale\" content=\"es_ES\" \/>\n<meta property=\"og:type\" content=\"article\" \/>\n<meta property=\"og:title\" content=\"UNA UBICACI\u00d3N DE ENSUE\u00d1O EN PLENO CORAZ\u00d3N DE PAR\u00cdS\" \/>\n<meta property=\"og:description\" content=\"Situado en el elegante Distrito VI, en el coraz\u00f3n de Saint-Germain-des-Pr\u00e9s, el hotel Atlantis ofrece un ambiente incre\u00edble en el que dejar las maletas.\" \/>\n<meta property=\"og:url\" content=\"https:\/\/www.hotelatlantisparis.com\/es\/ubicacion\/\" \/>\n<meta property=\"og:site_name\" content=\"H\u00f4tel Atlantis Saint-Germain-des-Pr\u00e9s\" \/>\n<meta property=\"article:modified_time\" content=\"2022-06-22T08:04:15+00:00\" \/>\n<meta property=\"og:image\" content=\"https:\/\/www.hotelatlantisparis.com\/wp-content\/uploads\/2022\/06\/deco-300x54.png\" \/>\n<meta name=\"twitter:card\" content=\"summary_large_image\" \/>\n<meta name=\"twitter:label1\" content=\"Tiempo de lectura\" \/>\n\t<meta name=\"twitter:data1\" content=\"3 minutos\" \/>\n<script type=\"application\/ld+json\" class=\"yoast-schema-graph\">{\"@context\":\"https:\/\/schema.org\",\"@graph\":[{\"@type\":\"WebPage\",\"@id\":\"https:\/\/www.hotelatlantisparis.com\/es\/ubicacion\/\",\"url\":\"https:\/\/www.hotelatlantisparis.com\/es\/ubicacion\/\",\"name\":\"UNA UBICACI\u00d3N DE ENSUE\u00d1O EN PLENO CORAZ\u00d3N DE PAR\u00cdS\",\"isPartOf\":{\"@id\":\"https:\/\/www.hotelatlantisparis.com\/#website\"},\"datePublished\":\"2022-06-10T06:16:52+00:00\",\"dateModified\":\"2022-06-22T08:04:15+00:00\",\"description\":\"Situado en el elegante Distrito VI, en el coraz\u00f3n de Saint-Germain-des-Pr\u00e9s, el hotel Atlantis ofrece un ambiente incre\u00edble en el que dejar las maletas.\",\"breadcrumb\":{\"@id\":\"https:\/\/www.hotelatlantisparis.com\/es\/ubicacion\/#breadcrumb\"},\"inLanguage\":\"es\",\"potentialAction\":[{\"@type\":\"ReadAction\",\"target\":[\"https:\/\/www.hotelatlantisparis.com\/es\/ubicacion\/\"]}]},{\"@type\":\"BreadcrumbList\",\"@id\":\"https:\/\/www.hotelatlantisparis.com\/es\/ubicacion\/#breadcrumb\",\"itemListElement\":[{\"@type\":\"ListItem\",\"position\":1,\"name\":\"Accueil\",\"item\":\"https:\/\/www.hotelatlantisparis.com\/es\/\"},{\"@type\":\"ListItem\",\"position\":2,\"name\":\"Situation\"}]},{\"@type\":\"WebSite\",\"@id\":\"https:\/\/www.hotelatlantisparis.com\/#website\",\"url\":\"https:\/\/www.hotelatlantisparis.com\/\",\"name\":\"H\u00f4tel Atlantis Saint-Germain-des-Pr\u00e9s\",\"description\":\"Un h\u00f4tel 3 \u00e9toiles de charme \u00e0 Paris\",\"publisher\":{\"@id\":\"https:\/\/www.hotelatlantisparis.com\/#organization\"},\"potentialAction\":[{\"@type\":\"SearchAction\",\"target\":{\"@type\":\"EntryPoint\",\"urlTemplate\":\"https:\/\/www.hotelatlantisparis.com\/?s={search_term_string}\"},\"query-input\":\"required name=search_term_string\"}],\"inLanguage\":\"es\"},{\"@type\":\"Organization\",\"@id\":\"https:\/\/www.hotelatlantisparis.com\/#organization\",\"name\":\"H\u00f4tel Atlantis Saint-Germain-des-Pr\u00e9s\",\"url\":\"https:\/\/www.hotelatlantisparis.com\/\",\"logo\":{\"@type\":\"ImageObject\",\"inLanguage\":\"es\",\"@id\":\"https:\/\/www.hotelatlantisparis.com\/#\/schema\/logo\/image\/\",\"url\":\"https:\/\/www.hotelatlantisparis.com\/wp-content\/uploads\/2022\/06\/logo-Hotel-Atlantis-Paris-2.png\",\"contentUrl\":\"https:\/\/www.hotelatlantisparis.com\/wp-content\/uploads\/2022\/06\/logo-Hotel-Atlantis-Paris-2.png\",\"width\":560,\"height\":150,\"caption\":\"H\u00f4tel Atlantis Saint-Germain-des-Pr\u00e9s\"},\"image\":{\"@id\":\"https:\/\/www.hotelatlantisparis.com\/#\/schema\/logo\/image\/\"}}]}<\/script>\n<!-- \/ Yoast SEO plugin. -->","yoast_head_json":{"title":"UNA UBICACI\u00d3N DE ENSUE\u00d1O EN PLENO CORAZ\u00d3N DE PAR\u00cdS","description":"Situado en el elegante Distrito VI, en el coraz\u00f3n de Saint-Germain-des-Pr\u00e9s, el hotel Atlantis ofrece un ambiente incre\u00edble en el que dejar las maletas.","robots":{"index":"index","follow":"follow","max-snippet":"max-snippet:-1","max-image-preview":"max-image-preview:large","max-video-preview":"max-video-preview:-1"},"canonical":"https:\/\/www.hotelatlantisparis.com\/es\/ubicacion\/","og_locale":"es_ES","og_type":"article","og_title":"UNA UBICACI\u00d3N DE ENSUE\u00d1O EN PLENO CORAZ\u00d3N DE PAR\u00cdS","og_description":"Situado en el elegante Distrito VI, en el coraz\u00f3n de Saint-Germain-des-Pr\u00e9s, el hotel Atlantis ofrece un ambiente incre\u00edble en el que dejar las maletas.","og_url":"https:\/\/www.hotelatlantisparis.com\/es\/ubicacion\/","og_site_name":"H\u00f4tel Atlantis Saint-Germain-des-Pr\u00e9s","article_modified_time":"2022-06-22T08:04:15+00:00","og_image":[{"url":"https:\/\/www.hotelatlantisparis.com\/wp-content\/uploads\/2022\/06\/deco-300x54.png"}],"twitter_card":"summary_large_image","twitter_misc":{"Tiempo de lectura":"3 minutos"},"schema":{"@context":"https:\/\/schema.org","@graph":[{"@type":"WebPage","@id":"https:\/\/www.hotelatlantisparis.com\/es\/ubicacion\/","url":"https:\/\/www.hotelatlantisparis.com\/es\/ubicacion\/","name":"UNA UBICACI\u00d3N DE ENSUE\u00d1O EN PLENO CORAZ\u00d3N DE PAR\u00cdS","isPartOf":{"@id":"https:\/\/www.hotelatlantisparis.com\/#website"},"datePublished":"2022-06-10T06:16:52+00:00","dateModified":"2022-06-22T08:04:15+00:00","description":"Situado en el elegante Distrito VI, en el coraz\u00f3n de Saint-Germain-des-Pr\u00e9s, el hotel Atlantis ofrece un ambiente incre\u00edble en el que dejar las maletas.","breadcrumb":{"@id":"https:\/\/www.hotelatlantisparis.com\/es\/ubicacion\/#breadcrumb"},"inLanguage":"es","potentialAction":[{"@type":"ReadAction","target":["https:\/\/www.hotelatlantisparis.com\/es\/ubicacion\/"]}]},{"@type":"BreadcrumbList","@id":"https:\/\/www.hotelatlantisparis.com\/es\/ubicacion\/#breadcrumb","itemListElement":[{"@type":"ListItem","position":1,"name":"Accueil","item":"https:\/\/www.hotelatlantisparis.com\/es\/"},{"@type":"ListItem","position":2,"name":"Situation"}]},{"@type":"WebSite","@id":"https:\/\/www.hotelatlantisparis.com\/#website","url":"https:\/\/www.hotelatlantisparis.com\/","name":"H\u00f4tel Atlantis Saint-Germain-des-Pr\u00e9s","description":"Un h\u00f4tel 3 \u00e9toiles de charme \u00e0 Paris","publisher":{"@id":"https:\/\/www.hotelatlantisparis.com\/#organization"},"potentialAction":[{"@type":"SearchAction","target":{"@type":"EntryPoint","urlTemplate":"https:\/\/www.hotelatlantisparis.com\/?s={search_term_string}"},"query-input":"required name=search_term_string"}],"inLanguage":"es"},{"@type":"Organization","@id":"https:\/\/www.hotelatlantisparis.com\/#organization","name":"H\u00f4tel Atlantis Saint-Germain-des-Pr\u00e9s","url":"https:\/\/www.hotelatlantisparis.com\/","logo":{"@type":"ImageObject","inLanguage":"es","@id":"https:\/\/www.hotelatlantisparis.com\/#\/schema\/logo\/image\/","url":"https:\/\/www.hotelatlantisparis.com\/wp-content\/uploads\/2022\/06\/logo-Hotel-Atlantis-Paris-2.png","contentUrl":"https:\/\/www.hotelatlantisparis.com\/wp-content\/uploads\/2022\/06\/logo-Hotel-Atlantis-Paris-2.png","width":560,"height":150,"caption":"H\u00f4tel Atlantis Saint-Germain-des-Pr\u00e9s"},"image":{"@id":"https:\/\/www.hotelatlantisparis.com\/#\/schema\/logo\/image\/"}}]}},"_links":{"self":[{"href":"https:\/\/www.hotelatlantisparis.com\/es\/wp-json\/wp\/v2\/pages\/672","targetHints":{"allow":["GET"]}}],"collection":[{"href":"https:\/\/www.hotelatlantisparis.com\/es\/wp-json\/wp\/v2\/pages"}],"about":[{"href":"https:\/\/www.hotelatlantisparis.com\/es\/wp-json\/wp\/v2\/types\/page"}],"author":[{"embeddable":true,"href":"https:\/\/www.hotelatlantisparis.com\/es\/wp-json\/wp\/v2\/users\/1"}],"replies":[{"embeddable":true,"href":"https:\/\/www.hotelatlantisparis.com\/es\/wp-json\/wp\/v2\/comments?post=672"}],"version-history":[{"count":2,"href":"https:\/\/www.hotelatlantisparis.com\/es\/wp-json\/wp\/v2\/pages\/672\/revisions"}],"predecessor-version":[{"id":807,"href":"https:\/\/www.hotelatlantisparis.com\/es\/wp-json\/wp\/v2\/pages\/672\/revisions\/807"}],"wp:attachment":[{"href":"https:\/\/www.hotelatlantisparis.com\/es\/wp-json\/wp\/v2\/media?parent=672"}],"curies":[{"name":"wp","href":"https:\/\/api.w.org\/{rel}","templated":true}]}}