{"id":644,"date":"2022-06-10T06:47:31","date_gmt":"2022-06-10T04:47:31","guid":{"rendered":"https:\/\/www.hotelatlantisparis.com\/chambre-superieure\/"},"modified":"2022-06-22T06:59:01","modified_gmt":"2022-06-22T04:59:01","slug":"camera-superior","status":"publish","type":"page","link":"https:\/\/www.hotelatlantisparis.com\/it\/camera-superior\/","title":{"rendered":"Chambre sup\u00e9rieure"},"content":{"rendered":"\n\t<section class=\"section\" id=\"section_1565791432\">\n\t\t<div class=\"bg section-bg fill bg-fill  bg-loaded\" >\n\n\t\t\t\n\t\t\t\n\t\t\t\n\n\t\t<\/div>\n\n\t\t\n\n\t\t<div class=\"section-content relative\">\n\t\t\t\n\n<div class=\"slider-wrapper relative\" id=\"slider-2000764249\" >\n    <div class=\"slider slider-type-fade slider-nav-circle slider-nav-large slider-nav-light slider-style-normal\"\n        data-flickity-options='{\n            \"cellAlign\": \"center\",\n            \"imagesLoaded\": true,\n            \"lazyLoad\": 1,\n            \"freeScroll\": false,\n            \"wrapAround\": true,\n            \"autoPlay\": 6000,\n            \"pauseAutoPlayOnHover\" : true,\n            \"prevNextButtons\": true,\n            \"contain\" : true,\n            \"adaptiveHeight\" : true,\n            \"dragThreshold\" : 10,\n            \"percentPosition\": true,\n            \"pageDots\": true,\n            \"rightToLeft\": false,\n            \"draggable\": true,\n            \"selectedAttraction\": 0.1,\n            \"parallax\" : 0,\n            \"friction\": 0.6        }'\n        >\n        \n\n\n  <div class=\"banner has-hover\" id=\"banner-311122020\">\n          <div class=\"banner-inner fill\">\n        <div class=\"banner-bg fill\" >\n            <div class=\"bg fill bg-fill \"><\/div>\n                                    \n                    <\/div>\n\t\t\n        <div class=\"banner-layers container\">\n            <div class=\"fill banner-link\"><\/div>            \n\n\n        <\/div>\n      <\/div>\n\n            \n<style>\n#banner-311122020 {\n  padding-top: 56.25%;\n}\n#banner-311122020 .bg.bg-loaded {\n  background-image: url(https:\/\/www.hotelatlantisparis.com\/wp-content\/uploads\/2022\/06\/CHAMBRE303_1.jpg);\n}\n#banner-311122020 .ux-shape-divider--top svg {\n  height: 150px;\n  --divider-top-width: 100%;\n}\n#banner-311122020 .ux-shape-divider--bottom svg {\n  height: 150px;\n  --divider-width: 100%;\n}\n<\/style>\n  <\/div>\n\n\n\n  <div class=\"banner has-hover\" id=\"banner-1521216289\">\n          <div class=\"banner-inner fill\">\n        <div class=\"banner-bg fill\" >\n            <div class=\"bg fill bg-fill \"><\/div>\n                                    \n                    <\/div>\n\t\t\n        <div class=\"banner-layers container\">\n            <div class=\"fill banner-link\"><\/div>            \n\n\n        <\/div>\n      <\/div>\n\n            \n<style>\n#banner-1521216289 {\n  padding-top: 56.25%;\n}\n#banner-1521216289 .bg.bg-loaded {\n  background-image: url(https:\/\/www.hotelatlantisparis.com\/wp-content\/uploads\/2022\/06\/CHAMBRE303_2.jpg);\n}\n#banner-1521216289 .ux-shape-divider--top svg {\n  height: 150px;\n  --divider-top-width: 100%;\n}\n#banner-1521216289 .ux-shape-divider--bottom svg {\n  height: 150px;\n  --divider-width: 100%;\n}\n<\/style>\n  <\/div>\n\n\n\n  <div class=\"banner has-hover\" id=\"banner-1639742389\">\n          <div class=\"banner-inner fill\">\n        <div class=\"banner-bg fill\" >\n            <div class=\"bg fill bg-fill \"><\/div>\n                                    \n                    <\/div>\n\t\t\n        <div class=\"banner-layers container\">\n            <div class=\"fill banner-link\"><\/div>            \n\n\n        <\/div>\n      <\/div>\n\n            \n<style>\n#banner-1639742389 {\n  padding-top: 56.25%;\n}\n#banner-1639742389 .bg.bg-loaded {\n  background-image: url(https:\/\/www.hotelatlantisparis.com\/wp-content\/uploads\/2022\/06\/CHAMBRE303_3.jpg);\n}\n#banner-1639742389 .ux-shape-divider--top svg {\n  height: 150px;\n  --divider-top-width: 100%;\n}\n#banner-1639742389 .ux-shape-divider--bottom svg {\n  height: 150px;\n  --divider-width: 100%;\n}\n<\/style>\n  <\/div>\n\n\n\n  <div class=\"banner has-hover\" id=\"banner-334465418\">\n          <div class=\"banner-inner fill\">\n        <div class=\"banner-bg fill\" >\n            <div class=\"bg fill bg-fill \"><\/div>\n                                    \n                    <\/div>\n\t\t\n        <div class=\"banner-layers container\">\n            <div class=\"fill banner-link\"><\/div>            \n\n\n        <\/div>\n      <\/div>\n\n            \n<style>\n#banner-334465418 {\n  padding-top: 56.25%;\n}\n#banner-334465418 .bg.bg-loaded {\n  background-image: url(https:\/\/www.hotelatlantisparis.com\/wp-content\/uploads\/2022\/06\/CHAMBRE303_4.jpg);\n}\n#banner-334465418 .ux-shape-divider--top svg {\n  height: 150px;\n  --divider-top-width: 100%;\n}\n#banner-334465418 .ux-shape-divider--bottom svg {\n  height: 150px;\n  --divider-width: 100%;\n}\n<\/style>\n  <\/div>\n\n\n\n  <div class=\"banner has-hover\" id=\"banner-673040918\">\n          <div class=\"banner-inner fill\">\n        <div class=\"banner-bg fill\" >\n            <div class=\"bg fill bg-fill \"><\/div>\n                                    \n                    <\/div>\n\t\t\n        <div class=\"banner-layers container\">\n            <div class=\"fill banner-link\"><\/div>            \n\n\n        <\/div>\n      <\/div>\n\n            \n<style>\n#banner-673040918 {\n  padding-top: 56.25%;\n}\n#banner-673040918 .bg.bg-loaded {\n  background-image: url(https:\/\/www.hotelatlantisparis.com\/wp-content\/uploads\/2022\/06\/CHAMBRE303_5.jpg);\n}\n#banner-673040918 .ux-shape-divider--top svg {\n  height: 150px;\n  --divider-top-width: 100%;\n}\n#banner-673040918 .ux-shape-divider--bottom svg {\n  height: 150px;\n  --divider-width: 100%;\n}\n<\/style>\n  <\/div>\n\n\n\n  <div class=\"banner has-hover\" id=\"banner-906919020\">\n          <div class=\"banner-inner fill\">\n        <div class=\"banner-bg fill\" >\n            <div class=\"bg fill bg-fill \"><\/div>\n                                    \n                    <\/div>\n\t\t\n        <div class=\"banner-layers container\">\n            <div class=\"fill banner-link\"><\/div>            \n\n\n        <\/div>\n      <\/div>\n\n            \n<style>\n#banner-906919020 {\n  padding-top: 56.25%;\n}\n#banner-906919020 .bg.bg-loaded {\n  background-image: url(https:\/\/www.hotelatlantisparis.com\/wp-content\/uploads\/2022\/06\/CHAMBRE303_6.jpg);\n}\n#banner-906919020 .ux-shape-divider--top svg {\n  height: 150px;\n  --divider-top-width: 100%;\n}\n#banner-906919020 .ux-shape-divider--bottom svg {\n  height: 150px;\n  --divider-width: 100%;\n}\n<\/style>\n  <\/div>\n\n\n\n  <div class=\"banner has-hover\" id=\"banner-1365949870\">\n          <div class=\"banner-inner fill\">\n        <div class=\"banner-bg fill\" >\n            <div class=\"bg fill bg-fill \"><\/div>\n                                    \n                    <\/div>\n\t\t\n        <div class=\"banner-layers container\">\n            <div class=\"fill banner-link\"><\/div>            \n\n\n        <\/div>\n      <\/div>\n\n            \n<style>\n#banner-1365949870 {\n  padding-top: 56.25%;\n}\n#banner-1365949870 .bg.bg-loaded {\n  background-image: url(https:\/\/www.hotelatlantisparis.com\/wp-content\/uploads\/2022\/06\/CHAMBRE303_7.jpg);\n}\n#banner-1365949870 .ux-shape-divider--top svg {\n  height: 150px;\n  --divider-top-width: 100%;\n}\n#banner-1365949870 .ux-shape-divider--bottom svg {\n  height: 150px;\n  --divider-width: 100%;\n}\n<\/style>\n  <\/div>\n\n\n\n     <\/div>\n\n     <div class=\"loading-spin dark large centered\"><\/div>\n\n     \t<\/div>\n\n\n\n\t\t<\/div>\n\n\t\t\n<style>\n#section_1565791432 {\n  padding-top: 0px;\n  padding-bottom: 0px;\n}\n#section_1565791432 .ux-shape-divider--top svg {\n  height: 150px;\n  --divider-top-width: 100%;\n}\n#section_1565791432 .ux-shape-divider--bottom svg {\n  height: 150px;\n  --divider-width: 100%;\n}\n<\/style>\n\t<\/section>\n\t\n\t<section class=\"section\" id=\"section_1128694200\">\n\t\t<div class=\"bg section-bg fill bg-fill  bg-loaded\" >\n\n\t\t\t\n\t\t\t\n\t\t\t\n\n\t\t<\/div>\n\n\t\t\n\n\t\t<div class=\"section-content relative\">\n\t\t\t\n\n<div class=\"row\"  id=\"row-156456743\">\n\n\n\t<div id=\"col-2021547211\" class=\"col small-12 large-12\"  data-animate=\"fadeInUp\">\n\t\t\t\t<div class=\"col-inner\"  >\n\t\t\t\n\t\t\t\n\n<h1 style=\"text-align: center;\">CAMERA SUPERIOR<\/h1>\n<p style=\"text-align:center;\"><img decoding=\"async\" class=\"aligncenter size-medium wp-image-133\" src=\"https:\/\/www.hotelatlantisparis.com\/wp-content\/uploads\/2022\/06\/deco-300x54.png\" alt=\"\" width=\"300\" height=\"54\" srcset=\"https:\/\/www.hotelatlantisparis.com\/wp-content\/uploads\/2022\/06\/deco-300x54.png 300w, https:\/\/www.hotelatlantisparis.com\/wp-content\/uploads\/2022\/06\/deco.png 500w\" sizes=\"(max-width: 300px) 100vw, 300px\" \/><\/p>\n<p style=\"text-align: center; color: #b89f80; font-weight: bold;\">Letto king-size 160 x 190 cm <br \/>2 persone<\/p>\n<p>Particolarmente comode e piacevoli, le camere Superior sono tutte dotate di vasca da bagno e di un grande letto king size (160 x 190 cm). Perfetto per rilassarsi dopo una giornata di visite turistiche, con vista su uno dei monumenti pi\u00f9 eleganti di Parigi: la piazza e la chiesa di Saint Sulpice. <\/p>\n\n<a rel=\"noopener noreferrer\" href=\"https:\/\/www.secure-hotel-booking.com\/Atlantis-Saint-Germain-des-Pres\/2EVV\/it?hotelId=11385\" target=\"_blank\" class=\"button alert is-shade expand\"  >\n    <span>Prenotare<\/span>\n  <\/a>\n\n\n\n\t\t<\/div>\n\t\t\t\t\n<style>\n#col-2021547211 > .col-inner {\n  margin: 20px 0px 0px 0px;\n}\n<\/style>\n\t<\/div>\n\n\t\n\n<\/div>\n\n\t\t<\/div>\n\n\t\t\n<style>\n#section_1128694200 {\n  padding-top: 30px;\n  padding-bottom: 30px;\n}\n#section_1128694200 .ux-shape-divider--top svg {\n  height: 150px;\n  --divider-top-width: 100%;\n}\n#section_1128694200 .ux-shape-divider--bottom svg {\n  height: 150px;\n  --divider-width: 100%;\n}\n<\/style>\n\t<\/section>\n\t\n\t<section class=\"section\" id=\"section_1260245011\">\n\t\t<div class=\"bg section-bg fill bg-fill  bg-loaded\" >\n\n\t\t\t\n\t\t\t\n\t\t\t\n\n\t\t<\/div>\n\n\t\t\n\n\t\t<div class=\"section-content relative\">\n\t\t\t\n\n<div class=\"row\"  id=\"row-1020189265\">\n\n\n\t<div id=\"col-1441335498\" class=\"col small-12 large-12\"  >\n\t\t\t\t<div class=\"col-inner\"  >\n\t\t\t\n\t\t\t\n\n\t<div id=\"text-1285831189\" class=\"text\">\n\t\t\n\n<p style=\"text-align:center;\"><img decoding=\"async\" class=\"size-medium wp-image-133 aligncenter\" src=\"https:\/\/www.hotelatlantisparis.com\/wp-content\/uploads\/2022\/06\/deco-300x54.png\" alt=\"\" width=\"300\" height=\"54\" srcset=\"https:\/\/www.hotelatlantisparis.com\/wp-content\/uploads\/2022\/06\/deco-300x54.png 300w, https:\/\/www.hotelatlantisparis.com\/wp-content\/uploads\/2022\/06\/deco.png 500w\" sizes=\"(max-width: 300px) 100vw, 300px\" \/><\/p>\n<h2>SERVIZI E ATTREZZATURE DELLA CAMERA<\/h2>\n\n\t\t\n<style>\n#text-1285831189 {\n  text-align: center;\n}\n<\/style>\n\t<\/div>\n\t\n\n\t\t<\/div>\n\t\t\t\t\t<\/div>\n\n\t\n\n\t<div id=\"col-1049477042\" class=\"col medium-6 small-12 large-6\"  >\n\t\t\t\t<div class=\"col-inner\"  >\n\t\t\t\n\t\t\t\n\n<p>&#8211; Prodotti di cortesia <br \/>&#8211; Aria condizionata reversibile<br \/>&#8211; Asciugacapelli<br \/>&#8211; Wi-Fi gratuito e illimitato<br \/>&#8211; Schermo piatto con canali internazionali<\/p>\n\n\n\t\t<\/div>\n\t\t\t\t\t<\/div>\n\n\t\n\n\t<div id=\"col-1760615661\" class=\"col medium-6 small-12 large-6\"  >\n\t\t\t\t<div class=\"col-inner\"  >\n\t\t\t\n\t\t\t\n\n<p>&#8211; Vista sul cortile o sulla strada (chiesa &#8211; piazza Saint Sulpice)<br \/>&#8211; Scrivania con sedia<br \/>&#8211; Armadio con spazio per appendere gli abiti<br \/>&#8211; Comodini con lampade<br \/>&#8211; Vasca da bagno\/doccia<\/p>\n\n\n\t\t<\/div>\n\t\t\t\t\t<\/div>\n\n\t\n\n<\/div>\n\n\t\t<\/div>\n\n\t\t\n<style>\n#section_1260245011 {\n  padding-top: 30px;\n  padding-bottom: 30px;\n  background-color: rgb(255,255,255);\n}\n#section_1260245011 .ux-shape-divider--top svg {\n  height: 150px;\n  --divider-top-width: 100%;\n}\n#section_1260245011 .ux-shape-divider--bottom svg {\n  height: 150px;\n  --divider-width: 100%;\n}\n<\/style>\n\t<\/section>\n\t\n\n","protected":false},"excerpt":{"rendered":"","protected":false},"author":1,"featured_media":0,"parent":0,"menu_order":0,"comment_status":"closed","ping_status":"closed","template":"page-blank.php","meta":{"footnotes":""},"class_list":["post-644","page","type-page","status-publish","hentry"],"yoast_head":"<!-- This site is optimized with the Yoast SEO plugin v19.9 - https:\/\/yoast.com\/wordpress\/plugins\/seo\/ -->\n<title>Le camere superiori dell&#039;hotel Atlantis Paris Saint-Germain-des-Pr\u00e9s<\/title>\n<meta name=\"description\" content=\"Particolarmente comode e piacevoli, le camere Superior sono tutte dotate di vasca da bagno e di un grande letto king size\" \/>\n<meta name=\"robots\" content=\"index, follow, max-snippet:-1, max-image-preview:large, max-video-preview:-1\" \/>\n<link rel=\"canonical\" href=\"https:\/\/www.hotelatlantisparis.com\/it\/camera-superior\/\" \/>\n<meta property=\"og:locale\" content=\"it_IT\" \/>\n<meta property=\"og:type\" content=\"article\" \/>\n<meta property=\"og:title\" content=\"Le camere superiori dell&#039;hotel Atlantis Paris Saint-Germain-des-Pr\u00e9s\" \/>\n<meta property=\"og:description\" content=\"Particolarmente comode e piacevoli, le camere Superior sono tutte dotate di vasca da bagno e di un grande letto king size\" \/>\n<meta property=\"og:url\" content=\"https:\/\/www.hotelatlantisparis.com\/it\/camera-superior\/\" \/>\n<meta property=\"og:site_name\" content=\"H\u00f4tel Atlantis Saint-Germain-des-Pr\u00e9s\" \/>\n<meta property=\"article:modified_time\" content=\"2022-06-22T04:59:01+00:00\" \/>\n<meta property=\"og:image\" content=\"https:\/\/www.hotelatlantisparis.com\/wp-content\/uploads\/2022\/06\/deco-300x54.png\" \/>\n<meta name=\"twitter:card\" content=\"summary_large_image\" \/>\n<meta name=\"twitter:label1\" content=\"Tempo di lettura stimato\" \/>\n\t<meta name=\"twitter:data1\" content=\"2 minuti\" \/>\n<script type=\"application\/ld+json\" class=\"yoast-schema-graph\">{\"@context\":\"https:\/\/schema.org\",\"@graph\":[{\"@type\":\"WebPage\",\"@id\":\"https:\/\/www.hotelatlantisparis.com\/it\/camera-superior\/\",\"url\":\"https:\/\/www.hotelatlantisparis.com\/it\/camera-superior\/\",\"name\":\"Le camere superiori dell'hotel Atlantis Paris Saint-Germain-des-Pr\u00e9s\",\"isPartOf\":{\"@id\":\"https:\/\/www.hotelatlantisparis.com\/#website\"},\"datePublished\":\"2022-06-10T04:47:31+00:00\",\"dateModified\":\"2022-06-22T04:59:01+00:00\",\"description\":\"Particolarmente comode e piacevoli, le camere Superior sono tutte dotate di vasca da bagno e di un grande letto king size\",\"breadcrumb\":{\"@id\":\"https:\/\/www.hotelatlantisparis.com\/it\/camera-superior\/#breadcrumb\"},\"inLanguage\":\"it-IT\",\"potentialAction\":[{\"@type\":\"ReadAction\",\"target\":[\"https:\/\/www.hotelatlantisparis.com\/it\/camera-superior\/\"]}]},{\"@type\":\"BreadcrumbList\",\"@id\":\"https:\/\/www.hotelatlantisparis.com\/it\/camera-superior\/#breadcrumb\",\"itemListElement\":[{\"@type\":\"ListItem\",\"position\":1,\"name\":\"Accueil\",\"item\":\"https:\/\/www.hotelatlantisparis.com\/it\/\"},{\"@type\":\"ListItem\",\"position\":2,\"name\":\"Chambre sup\u00e9rieure\"}]},{\"@type\":\"WebSite\",\"@id\":\"https:\/\/www.hotelatlantisparis.com\/#website\",\"url\":\"https:\/\/www.hotelatlantisparis.com\/\",\"name\":\"H\u00f4tel Atlantis Saint-Germain-des-Pr\u00e9s\",\"description\":\"Un h\u00f4tel 3 \u00e9toiles de charme \u00e0 Paris\",\"publisher\":{\"@id\":\"https:\/\/www.hotelatlantisparis.com\/#organization\"},\"potentialAction\":[{\"@type\":\"SearchAction\",\"target\":{\"@type\":\"EntryPoint\",\"urlTemplate\":\"https:\/\/www.hotelatlantisparis.com\/?s={search_term_string}\"},\"query-input\":\"required name=search_term_string\"}],\"inLanguage\":\"it-IT\"},{\"@type\":\"Organization\",\"@id\":\"https:\/\/www.hotelatlantisparis.com\/#organization\",\"name\":\"H\u00f4tel Atlantis Saint-Germain-des-Pr\u00e9s\",\"url\":\"https:\/\/www.hotelatlantisparis.com\/\",\"logo\":{\"@type\":\"ImageObject\",\"inLanguage\":\"it-IT\",\"@id\":\"https:\/\/www.hotelatlantisparis.com\/#\/schema\/logo\/image\/\",\"url\":\"https:\/\/www.hotelatlantisparis.com\/wp-content\/uploads\/2022\/06\/logo-Hotel-Atlantis-Paris-2.png\",\"contentUrl\":\"https:\/\/www.hotelatlantisparis.com\/wp-content\/uploads\/2022\/06\/logo-Hotel-Atlantis-Paris-2.png\",\"width\":560,\"height\":150,\"caption\":\"H\u00f4tel Atlantis Saint-Germain-des-Pr\u00e9s\"},\"image\":{\"@id\":\"https:\/\/www.hotelatlantisparis.com\/#\/schema\/logo\/image\/\"}}]}<\/script>\n<!-- \/ Yoast SEO plugin. -->","yoast_head_json":{"title":"Le camere superiori dell'hotel Atlantis Paris Saint-Germain-des-Pr\u00e9s","description":"Particolarmente comode e piacevoli, le camere Superior sono tutte dotate di vasca da bagno e di un grande letto king size","robots":{"index":"index","follow":"follow","max-snippet":"max-snippet:-1","max-image-preview":"max-image-preview:large","max-video-preview":"max-video-preview:-1"},"canonical":"https:\/\/www.hotelatlantisparis.com\/it\/camera-superior\/","og_locale":"it_IT","og_type":"article","og_title":"Le camere superiori dell'hotel Atlantis Paris Saint-Germain-des-Pr\u00e9s","og_description":"Particolarmente comode e piacevoli, le camere Superior sono tutte dotate di vasca da bagno e di un grande letto king size","og_url":"https:\/\/www.hotelatlantisparis.com\/it\/camera-superior\/","og_site_name":"H\u00f4tel Atlantis Saint-Germain-des-Pr\u00e9s","article_modified_time":"2022-06-22T04:59:01+00:00","og_image":[{"url":"https:\/\/www.hotelatlantisparis.com\/wp-content\/uploads\/2022\/06\/deco-300x54.png"}],"twitter_card":"summary_large_image","twitter_misc":{"Tempo di lettura stimato":"2 minuti"},"schema":{"@context":"https:\/\/schema.org","@graph":[{"@type":"WebPage","@id":"https:\/\/www.hotelatlantisparis.com\/it\/camera-superior\/","url":"https:\/\/www.hotelatlantisparis.com\/it\/camera-superior\/","name":"Le camere superiori dell'hotel Atlantis Paris Saint-Germain-des-Pr\u00e9s","isPartOf":{"@id":"https:\/\/www.hotelatlantisparis.com\/#website"},"datePublished":"2022-06-10T04:47:31+00:00","dateModified":"2022-06-22T04:59:01+00:00","description":"Particolarmente comode e piacevoli, le camere Superior sono tutte dotate di vasca da bagno e di un grande letto king size","breadcrumb":{"@id":"https:\/\/www.hotelatlantisparis.com\/it\/camera-superior\/#breadcrumb"},"inLanguage":"it-IT","potentialAction":[{"@type":"ReadAction","target":["https:\/\/www.hotelatlantisparis.com\/it\/camera-superior\/"]}]},{"@type":"BreadcrumbList","@id":"https:\/\/www.hotelatlantisparis.com\/it\/camera-superior\/#breadcrumb","itemListElement":[{"@type":"ListItem","position":1,"name":"Accueil","item":"https:\/\/www.hotelatlantisparis.com\/it\/"},{"@type":"ListItem","position":2,"name":"Chambre sup\u00e9rieure"}]},{"@type":"WebSite","@id":"https:\/\/www.hotelatlantisparis.com\/#website","url":"https:\/\/www.hotelatlantisparis.com\/","name":"H\u00f4tel Atlantis Saint-Germain-des-Pr\u00e9s","description":"Un h\u00f4tel 3 \u00e9toiles de charme \u00e0 Paris","publisher":{"@id":"https:\/\/www.hotelatlantisparis.com\/#organization"},"potentialAction":[{"@type":"SearchAction","target":{"@type":"EntryPoint","urlTemplate":"https:\/\/www.hotelatlantisparis.com\/?s={search_term_string}"},"query-input":"required name=search_term_string"}],"inLanguage":"it-IT"},{"@type":"Organization","@id":"https:\/\/www.hotelatlantisparis.com\/#organization","name":"H\u00f4tel Atlantis Saint-Germain-des-Pr\u00e9s","url":"https:\/\/www.hotelatlantisparis.com\/","logo":{"@type":"ImageObject","inLanguage":"it-IT","@id":"https:\/\/www.hotelatlantisparis.com\/#\/schema\/logo\/image\/","url":"https:\/\/www.hotelatlantisparis.com\/wp-content\/uploads\/2022\/06\/logo-Hotel-Atlantis-Paris-2.png","contentUrl":"https:\/\/www.hotelatlantisparis.com\/wp-content\/uploads\/2022\/06\/logo-Hotel-Atlantis-Paris-2.png","width":560,"height":150,"caption":"H\u00f4tel Atlantis Saint-Germain-des-Pr\u00e9s"},"image":{"@id":"https:\/\/www.hotelatlantisparis.com\/#\/schema\/logo\/image\/"}}]}},"_links":{"self":[{"href":"https:\/\/www.hotelatlantisparis.com\/it\/wp-json\/wp\/v2\/pages\/644","targetHints":{"allow":["GET"]}}],"collection":[{"href":"https:\/\/www.hotelatlantisparis.com\/it\/wp-json\/wp\/v2\/pages"}],"about":[{"href":"https:\/\/www.hotelatlantisparis.com\/it\/wp-json\/wp\/v2\/types\/page"}],"author":[{"embeddable":true,"href":"https:\/\/www.hotelatlantisparis.com\/it\/wp-json\/wp\/v2\/users\/1"}],"replies":[{"embeddable":true,"href":"https:\/\/www.hotelatlantisparis.com\/it\/wp-json\/wp\/v2\/comments?post=644"}],"version-history":[{"count":2,"href":"https:\/\/www.hotelatlantisparis.com\/it\/wp-json\/wp\/v2\/pages\/644\/revisions"}],"predecessor-version":[{"id":755,"href":"https:\/\/www.hotelatlantisparis.com\/it\/wp-json\/wp\/v2\/pages\/644\/revisions\/755"}],"wp:attachment":[{"href":"https:\/\/www.hotelatlantisparis.com\/it\/wp-json\/wp\/v2\/media?parent=644"}],"curies":[{"name":"wp","href":"https:\/\/api.w.org\/{rel}","templated":true}]}}