{"id":664,"date":"2022-06-10T06:57:27","date_gmt":"2022-06-10T04:57:27","guid":{"rendered":"https:\/\/www.hotelatlantisparis.com\/services\/"},"modified":"2022-06-22T07:14:57","modified_gmt":"2022-06-22T05:14:57","slug":"servizi","status":"publish","type":"page","link":"https:\/\/www.hotelatlantisparis.com\/it\/servizi\/","title":{"rendered":"Services"},"content":{"rendered":"\n\t<section class=\"section\" id=\"section_17438774\">\n\t\t<div class=\"bg section-bg fill bg-fill  bg-loaded\" >\n\n\t\t\t\n\t\t\t\n\t\t\t\n\n\t\t<\/div>\n\n\t\t\n\n\t\t<div class=\"section-content relative\">\n\t\t\t\n\n<div class=\"slider-wrapper relative\" id=\"slider-1864445708\" >\n    <div class=\"slider slider-type-fade slider-nav-circle slider-nav-large slider-nav-light slider-style-normal\"\n        data-flickity-options='{\n            \"cellAlign\": \"center\",\n            \"imagesLoaded\": true,\n            \"lazyLoad\": 1,\n            \"freeScroll\": false,\n            \"wrapAround\": true,\n            \"autoPlay\": 6000,\n            \"pauseAutoPlayOnHover\" : true,\n            \"prevNextButtons\": true,\n            \"contain\" : true,\n            \"adaptiveHeight\" : true,\n            \"dragThreshold\" : 10,\n            \"percentPosition\": true,\n            \"pageDots\": true,\n            \"rightToLeft\": false,\n            \"draggable\": true,\n            \"selectedAttraction\": 0.1,\n            \"parallax\" : 0,\n            \"friction\": 0.6        }'\n        >\n        \n\n\n  <div class=\"banner has-hover is-full-height\" id=\"banner-274730417\">\n          <div class=\"banner-inner fill\">\n        <div class=\"banner-bg fill\" >\n            <div class=\"bg fill bg-fill \"><\/div>\n                                    \n                    <\/div>\n\t\t\n        <div class=\"banner-layers container\">\n            <div class=\"fill banner-link\"><\/div>            \n\n\n        <\/div>\n      <\/div>\n\n            \n<style>\n#banner-274730417 {\n  padding-top: 100%;\n}\n#banner-274730417 .bg.bg-loaded {\n  background-image: url(https:\/\/www.hotelatlantisparis.com\/wp-content\/uploads\/2022\/06\/PARTIES-COMMUNES_11.jpg);\n}\n#banner-274730417 .ux-shape-divider--top svg {\n  height: 150px;\n  --divider-top-width: 100%;\n}\n#banner-274730417 .ux-shape-divider--bottom svg {\n  height: 150px;\n  --divider-width: 100%;\n}\n<\/style>\n  <\/div>\n\n\n\n  <div class=\"banner has-hover is-full-height\" id=\"banner-165248822\">\n          <div class=\"banner-inner fill\">\n        <div class=\"banner-bg fill\" >\n            <div class=\"bg fill bg-fill \"><\/div>\n                                    \n                    <\/div>\n\t\t\n        <div class=\"banner-layers container\">\n            <div class=\"fill banner-link\"><\/div>            \n\n\n        <\/div>\n      <\/div>\n\n            \n<style>\n#banner-165248822 {\n  padding-top: 100%;\n}\n#banner-165248822 .bg.bg-loaded {\n  background-image: url(https:\/\/www.hotelatlantisparis.com\/wp-content\/uploads\/2022\/06\/PARTIES-COMMUNES_8.jpg);\n}\n#banner-165248822 .ux-shape-divider--top svg {\n  height: 150px;\n  --divider-top-width: 100%;\n}\n#banner-165248822 .ux-shape-divider--bottom svg {\n  height: 150px;\n  --divider-width: 100%;\n}\n<\/style>\n  <\/div>\n\n\n\n  <div class=\"banner has-hover is-full-height\" id=\"banner-40239361\">\n          <div class=\"banner-inner fill\">\n        <div class=\"banner-bg fill\" >\n            <div class=\"bg fill bg-fill \"><\/div>\n                                    \n                    <\/div>\n\t\t\n        <div class=\"banner-layers container\">\n            <div class=\"fill banner-link\"><\/div>            \n\n\n        <\/div>\n      <\/div>\n\n            \n<style>\n#banner-40239361 {\n  padding-top: 100%;\n}\n#banner-40239361 .bg.bg-loaded {\n  background-image: url(https:\/\/www.hotelatlantisparis.com\/wp-content\/uploads\/2022\/06\/PARTIES-COMMUNES_12.jpg);\n}\n#banner-40239361 .ux-shape-divider--top svg {\n  height: 150px;\n  --divider-top-width: 100%;\n}\n#banner-40239361 .ux-shape-divider--bottom svg {\n  height: 150px;\n  --divider-width: 100%;\n}\n<\/style>\n  <\/div>\n\n\n\n  <div class=\"banner has-hover is-full-height\" id=\"banner-1767919896\">\n          <div class=\"banner-inner fill\">\n        <div class=\"banner-bg fill\" >\n            <div class=\"bg fill bg-fill \"><\/div>\n                                    \n                    <\/div>\n\t\t\n        <div class=\"banner-layers container\">\n            <div class=\"fill banner-link\"><\/div>            \n\n\n        <\/div>\n      <\/div>\n\n            \n<style>\n#banner-1767919896 {\n  padding-top: 100%;\n}\n#banner-1767919896 .bg.bg-loaded {\n  background-image: url(https:\/\/www.hotelatlantisparis.com\/wp-content\/uploads\/2022\/06\/PARTIES-COMMUNES_3.jpg);\n}\n#banner-1767919896 .ux-shape-divider--top svg {\n  height: 150px;\n  --divider-top-width: 100%;\n}\n#banner-1767919896 .ux-shape-divider--bottom svg {\n  height: 150px;\n  --divider-width: 100%;\n}\n<\/style>\n  <\/div>\n\n\n\n  <div class=\"banner has-hover is-full-height\" id=\"banner-129500773\">\n          <div class=\"banner-inner fill\">\n        <div class=\"banner-bg fill\" >\n            <div class=\"bg fill bg-fill \"><\/div>\n                                    \n                    <\/div>\n\t\t\n        <div class=\"banner-layers container\">\n            <div class=\"fill banner-link\"><\/div>            \n\n\n        <\/div>\n      <\/div>\n\n            \n<style>\n#banner-129500773 {\n  padding-top: 100%;\n}\n#banner-129500773 .bg.bg-loaded {\n  background-image: url(https:\/\/www.hotelatlantisparis.com\/wp-content\/uploads\/2022\/06\/PARTIES-COMMUNES_6.jpg);\n}\n#banner-129500773 .ux-shape-divider--top svg {\n  height: 150px;\n  --divider-top-width: 100%;\n}\n#banner-129500773 .ux-shape-divider--bottom svg {\n  height: 150px;\n  --divider-width: 100%;\n}\n<\/style>\n  <\/div>\n\n\n\n     <\/div>\n\n     <div class=\"loading-spin dark large centered\"><\/div>\n\n     \t<\/div>\n\n\n\n\t\t<\/div>\n\n\t\t\n<style>\n#section_17438774 {\n  padding-top: 0px;\n  padding-bottom: 0px;\n}\n#section_17438774 .ux-shape-divider--top svg {\n  height: 150px;\n  --divider-top-width: 100%;\n}\n#section_17438774 .ux-shape-divider--bottom svg {\n  height: 150px;\n  --divider-width: 100%;\n}\n<\/style>\n\t<\/section>\n\t\n\t<section class=\"section\" id=\"section_1647346030\">\n\t\t<div class=\"bg section-bg fill bg-fill  \" >\n\n\t\t\t\n\t\t\t<div class=\"section-bg-overlay absolute fill\"><\/div>\n\t\t\t\n\n\t\t<\/div>\n\n\t\t\n\n\t\t<div class=\"section-content relative\">\n\t\t\t\n\n<div class=\"row row-collapse row-full-width align-middle\"  id=\"row-76957213\">\n\n\n\t<div id=\"col-719262673\" class=\"col medium-12 small-12 large-6\"  data-animate=\"fadeInLeft\">\n\t\t\t\t<div class=\"col-inner\" style=\"max-width:600px;\" >\n\t\t\t\n\t\t\t\n\n<h3 style=\"text-align: center; margin-bottom:0; font-size:20px;\">I NOSTRI SERVIZI<\/h3>\n<p>Gestito dalla stessa famiglia da 3 generazioni, l&#8217;Atlantis Hotel \u00e8 un luogo ideale in cui soggiornare. Qui l&#8217;accoglienza e il benessere dei clienti sono valori fondamentali e ogni membro del team \u00e8 cordiale e ospitale in ogni circostanza.<br \/>\nDal momento del vostro arrivo e per tutta la durata del vostro soggiorno, il nostro team \u00e8 a disposizione per rispondere alle vostre domande, consigliarvi ottimi luoghi nella zona o aiutarvi. <br \/>\nDalla mattina alla sera, venite a godervi l&#8217;atmosfera unica del nostro piccolo salone. Con la sua veranda in vetro, le sue piccole luci e il suo arredamento eclettico che combina comode poltrone, scaffali vintage ed elementi recuperati in viaggio, offre un ambiente piacevole per fare colazione, riposare, leggere un libro o condividere un momento di convivialit\u00e0. <\/p>\n\n\n\t\t<\/div>\n\t\t\t\t\n<style>\n#col-719262673 > .col-inner {\n  padding: 20px 20px 20px 20px;\n}\n@media (min-width:850px) {\n  #col-719262673 > .col-inner {\n    padding: 20px 50px 20px 50px;\n  }\n}\n<\/style>\n\t<\/div>\n\n\t\n\n\t<div id=\"col-69345764\" class=\"col medium-12 small-12 large-6\"  data-animate=\"fadeInRight\">\n\t\t\t\t<div class=\"col-inner\"  >\n\t\t\t\n\t\t\t\n\n\t<div class=\"img has-hover x md-x lg-x y md-y lg-y\" id=\"image_1035187984\">\n\t\t\t\t\t\t\t\t<div class=\"img-inner dark\" >\n\t\t\t<img decoding=\"async\" width=\"1020\" height=\"680\" src=\"https:\/\/www.hotelatlantisparis.com\/wp-content\/uploads\/2022\/06\/PARTIES-COMMUNES_18-1024x683.jpg\" class=\"attachment-large size-large\" alt=\"H\u00f4tel Atlantis Paris Saint-Germain-des-Pr\u00e9s\" srcset=\"https:\/\/www.hotelatlantisparis.com\/wp-content\/uploads\/2022\/06\/PARTIES-COMMUNES_18-1024x683.jpg 1024w, https:\/\/www.hotelatlantisparis.com\/wp-content\/uploads\/2022\/06\/PARTIES-COMMUNES_18-300x200.jpg 300w, https:\/\/www.hotelatlantisparis.com\/wp-content\/uploads\/2022\/06\/PARTIES-COMMUNES_18-768x512.jpg 768w, https:\/\/www.hotelatlantisparis.com\/wp-content\/uploads\/2022\/06\/PARTIES-COMMUNES_18.jpg 1500w\" sizes=\"(max-width: 1020px) 100vw, 1020px\" \/>\t\t\t\t\t\t\n\t\t\t\t\t<\/div>\n\t\t\t\t\t\t\t\t\n<style>\n#image_1035187984 {\n  width: 100%;\n}\n<\/style>\n\t<\/div>\n\t\n\n\n\t\t<\/div>\n\t\t\t\t\t<\/div>\n\n\t\n\n<\/div>\n\n\t\t<\/div>\n\n\t\t\n<style>\n#section_1647346030 {\n  padding-top: 0px;\n  padding-bottom: 0px;\n  margin-bottom: 0px;\n}\n#section_1647346030 .section-bg-overlay {\n  background-color: rgba(255, 255, 255, 0.8);\n}\n#section_1647346030 .section-bg.bg-loaded {\n  background-image: url(https:\/\/www.hotelatlantisparis.com\/wp-content\/uploads\/2022\/06\/PARTIES-COMMUNES_4.jpg);\n}\n#section_1647346030 .ux-shape-divider--top svg {\n  height: 150px;\n  --divider-top-width: 100%;\n}\n#section_1647346030 .ux-shape-divider--bottom svg {\n  height: 150px;\n  --divider-width: 100%;\n}\n<\/style>\n\t<\/section>\n\t\n\t<section class=\"section\" id=\"section_1179812725\">\n\t\t<div class=\"bg section-bg fill bg-fill  \" >\n\n\t\t\t\n\t\t\t<div class=\"section-bg-overlay absolute fill\"><\/div>\n\t\t\t\n\n\t\t<\/div>\n\n\t\t\n\n\t\t<div class=\"section-content relative\">\n\t\t\t\n\n<div class=\"row row-collapse row-full-width align-middle\"  id=\"row-359680004\">\n\n\n\t<div id=\"col-1835741835\" class=\"col medium-12 small-12 large-6\"  data-animate=\"fadeInRight\">\n\t\t\t\t<div class=\"col-inner\"  >\n\t\t\t\n\t\t\t\n\n\t<div class=\"img has-hover x md-x lg-x y md-y lg-y\" id=\"image_1573145844\">\n\t\t\t\t\t\t\t\t<div class=\"img-inner dark\" >\n\t\t\t<img decoding=\"async\" width=\"1020\" height=\"680\" src=\"https:\/\/www.hotelatlantisparis.com\/wp-content\/uploads\/2022\/06\/PARTIES-COMMUNES_16-1024x683.jpg\" class=\"attachment-large size-large\" alt=\"H\u00f4tel Atlantis Paris Saint-Germain-des-Pr\u00e9s\" srcset=\"https:\/\/www.hotelatlantisparis.com\/wp-content\/uploads\/2022\/06\/PARTIES-COMMUNES_16-1024x683.jpg 1024w, https:\/\/www.hotelatlantisparis.com\/wp-content\/uploads\/2022\/06\/PARTIES-COMMUNES_16-300x200.jpg 300w, https:\/\/www.hotelatlantisparis.com\/wp-content\/uploads\/2022\/06\/PARTIES-COMMUNES_16-768x512.jpg 768w, https:\/\/www.hotelatlantisparis.com\/wp-content\/uploads\/2022\/06\/PARTIES-COMMUNES_16.jpg 1500w\" sizes=\"(max-width: 1020px) 100vw, 1020px\" \/>\t\t\t\t\t\t\n\t\t\t\t\t<\/div>\n\t\t\t\t\t\t\t\t\n<style>\n#image_1573145844 {\n  width: 100%;\n}\n<\/style>\n\t<\/div>\n\t\n\n\n\t\t<\/div>\n\t\t\t\t\t<\/div>\n\n\t\n\n\t<div id=\"col-1661620575\" class=\"col medium-12 small-12 large-6 medium-col-first\"  data-animate=\"fadeInLeft\">\n\t\t\t\t<div class=\"col-inner\" style=\"max-width:600px;\" >\n\t\t\t\n\t\t\t\n\n<h3 style=\"text-align: center; margin-bottom:0; font-size:20px;\">COLAZIONE<\/h3>\n<p>Ogni mattina, l&#8217;Hotel Atlantis vi invita a sedervi nel suo accogliente salone per iniziare la giornata con una colazione alla francese. Servita al tavolo, comprende una bevanda calda, succo di frutta, yogurt, pasticcini, pane, burro e marmellata. L&#8217;essenziale per un assaggio della gastronomia parigina!<\/p>\n\n\n\t\t<\/div>\n\t\t\t\t\n<style>\n#col-1661620575 > .col-inner {\n  padding: 20px 20px 20px 20px;\n}\n@media (min-width:850px) {\n  #col-1661620575 > .col-inner {\n    padding: 20px 50px 20px 50px;\n  }\n}\n<\/style>\n\t<\/div>\n\n\t\n\n<\/div>\n\n\t\t<\/div>\n\n\t\t\n<style>\n#section_1179812725 {\n  padding-top: 0px;\n  padding-bottom: 0px;\n  margin-bottom: 0px;\n}\n#section_1179812725 .section-bg-overlay {\n  background-color: rgba(255, 255, 255, 0.8);\n}\n#section_1179812725 .section-bg.bg-loaded {\n  background-image: url(https:\/\/www.hotelatlantisparis.com\/wp-content\/uploads\/2022\/06\/PARTIES-COMMUNES_4.jpg);\n}\n#section_1179812725 .ux-shape-divider--top svg {\n  height: 150px;\n  --divider-top-width: 100%;\n}\n#section_1179812725 .ux-shape-divider--bottom svg {\n  height: 150px;\n  --divider-width: 100%;\n}\n<\/style>\n\t<\/section>\n\t\n\n","protected":false},"excerpt":{"rendered":"","protected":false},"author":1,"featured_media":0,"parent":0,"menu_order":0,"comment_status":"closed","ping_status":"closed","template":"page-transparent-header.php","meta":{"footnotes":""},"class_list":["post-664","page","type-page","status-publish","hentry"],"yoast_head":"<!-- This site is optimized with the Yoast SEO plugin v19.9 - https:\/\/yoast.com\/wordpress\/plugins\/seo\/ -->\n<title>Servizi dell&#039;hotel Atlantis Paris, PENSATI PER VOI<\/title>\n<meta name=\"description\" content=\"Gestito dalla stessa famiglia da 3 generazioni, l&#039;Atlantis Hotel \u00e8 un luogo ideale in cui soggiornare. Qui l&#039;accoglienza e il benessere dei clienti sono valori fondamentali e ogni membro del team \u00e8 cordiale e ospitale in ogni circostanza.\" \/>\n<meta name=\"robots\" content=\"index, follow, max-snippet:-1, max-image-preview:large, max-video-preview:-1\" \/>\n<link rel=\"canonical\" href=\"https:\/\/www.hotelatlantisparis.com\/it\/servizi\/\" \/>\n<meta property=\"og:locale\" content=\"it_IT\" \/>\n<meta property=\"og:type\" content=\"article\" \/>\n<meta property=\"og:title\" content=\"Servizi dell&#039;hotel Atlantis Paris, PENSATI PER VOI\" \/>\n<meta property=\"og:description\" content=\"Gestito dalla stessa famiglia da 3 generazioni, l&#039;Atlantis Hotel \u00e8 un luogo ideale in cui soggiornare. Qui l&#039;accoglienza e il benessere dei clienti sono valori fondamentali e ogni membro del team \u00e8 cordiale e ospitale in ogni circostanza.\" \/>\n<meta property=\"og:url\" content=\"https:\/\/www.hotelatlantisparis.com\/it\/servizi\/\" \/>\n<meta property=\"og:site_name\" content=\"H\u00f4tel Atlantis Saint-Germain-des-Pr\u00e9s\" \/>\n<meta property=\"article:modified_time\" content=\"2022-06-22T05:14:57+00:00\" \/>\n<meta name=\"twitter:card\" content=\"summary_large_image\" \/>\n<meta name=\"twitter:label1\" content=\"Tempo di lettura stimato\" \/>\n\t<meta name=\"twitter:data1\" content=\"2 minuti\" \/>\n<script type=\"application\/ld+json\" class=\"yoast-schema-graph\">{\"@context\":\"https:\/\/schema.org\",\"@graph\":[{\"@type\":\"WebPage\",\"@id\":\"https:\/\/www.hotelatlantisparis.com\/it\/servizi\/\",\"url\":\"https:\/\/www.hotelatlantisparis.com\/it\/servizi\/\",\"name\":\"Servizi dell'hotel Atlantis Paris, PENSATI PER VOI\",\"isPartOf\":{\"@id\":\"https:\/\/www.hotelatlantisparis.com\/#website\"},\"datePublished\":\"2022-06-10T04:57:27+00:00\",\"dateModified\":\"2022-06-22T05:14:57+00:00\",\"description\":\"Gestito dalla stessa famiglia da 3 generazioni, l'Atlantis Hotel \u00e8 un luogo ideale in cui soggiornare. Qui l'accoglienza e il benessere dei clienti sono valori fondamentali e ogni membro del team \u00e8 cordiale e ospitale in ogni circostanza.\",\"breadcrumb\":{\"@id\":\"https:\/\/www.hotelatlantisparis.com\/it\/servizi\/#breadcrumb\"},\"inLanguage\":\"it-IT\",\"potentialAction\":[{\"@type\":\"ReadAction\",\"target\":[\"https:\/\/www.hotelatlantisparis.com\/it\/servizi\/\"]}]},{\"@type\":\"BreadcrumbList\",\"@id\":\"https:\/\/www.hotelatlantisparis.com\/it\/servizi\/#breadcrumb\",\"itemListElement\":[{\"@type\":\"ListItem\",\"position\":1,\"name\":\"Accueil\",\"item\":\"https:\/\/www.hotelatlantisparis.com\/it\/\"},{\"@type\":\"ListItem\",\"position\":2,\"name\":\"Services\"}]},{\"@type\":\"WebSite\",\"@id\":\"https:\/\/www.hotelatlantisparis.com\/#website\",\"url\":\"https:\/\/www.hotelatlantisparis.com\/\",\"name\":\"H\u00f4tel Atlantis Saint-Germain-des-Pr\u00e9s\",\"description\":\"Un h\u00f4tel 3 \u00e9toiles de charme \u00e0 Paris\",\"publisher\":{\"@id\":\"https:\/\/www.hotelatlantisparis.com\/#organization\"},\"potentialAction\":[{\"@type\":\"SearchAction\",\"target\":{\"@type\":\"EntryPoint\",\"urlTemplate\":\"https:\/\/www.hotelatlantisparis.com\/?s={search_term_string}\"},\"query-input\":\"required name=search_term_string\"}],\"inLanguage\":\"it-IT\"},{\"@type\":\"Organization\",\"@id\":\"https:\/\/www.hotelatlantisparis.com\/#organization\",\"name\":\"H\u00f4tel Atlantis Saint-Germain-des-Pr\u00e9s\",\"url\":\"https:\/\/www.hotelatlantisparis.com\/\",\"logo\":{\"@type\":\"ImageObject\",\"inLanguage\":\"it-IT\",\"@id\":\"https:\/\/www.hotelatlantisparis.com\/#\/schema\/logo\/image\/\",\"url\":\"https:\/\/www.hotelatlantisparis.com\/wp-content\/uploads\/2022\/06\/logo-Hotel-Atlantis-Paris-2.png\",\"contentUrl\":\"https:\/\/www.hotelatlantisparis.com\/wp-content\/uploads\/2022\/06\/logo-Hotel-Atlantis-Paris-2.png\",\"width\":560,\"height\":150,\"caption\":\"H\u00f4tel Atlantis Saint-Germain-des-Pr\u00e9s\"},\"image\":{\"@id\":\"https:\/\/www.hotelatlantisparis.com\/#\/schema\/logo\/image\/\"}}]}<\/script>\n<!-- \/ Yoast SEO plugin. -->","yoast_head_json":{"title":"Servizi dell'hotel Atlantis Paris, PENSATI PER VOI","description":"Gestito dalla stessa famiglia da 3 generazioni, l'Atlantis Hotel \u00e8 un luogo ideale in cui soggiornare. Qui l'accoglienza e il benessere dei clienti sono valori fondamentali e ogni membro del team \u00e8 cordiale e ospitale in ogni circostanza.","robots":{"index":"index","follow":"follow","max-snippet":"max-snippet:-1","max-image-preview":"max-image-preview:large","max-video-preview":"max-video-preview:-1"},"canonical":"https:\/\/www.hotelatlantisparis.com\/it\/servizi\/","og_locale":"it_IT","og_type":"article","og_title":"Servizi dell'hotel Atlantis Paris, PENSATI PER VOI","og_description":"Gestito dalla stessa famiglia da 3 generazioni, l'Atlantis Hotel \u00e8 un luogo ideale in cui soggiornare. Qui l'accoglienza e il benessere dei clienti sono valori fondamentali e ogni membro del team \u00e8 cordiale e ospitale in ogni circostanza.","og_url":"https:\/\/www.hotelatlantisparis.com\/it\/servizi\/","og_site_name":"H\u00f4tel Atlantis Saint-Germain-des-Pr\u00e9s","article_modified_time":"2022-06-22T05:14:57+00:00","twitter_card":"summary_large_image","twitter_misc":{"Tempo di lettura stimato":"2 minuti"},"schema":{"@context":"https:\/\/schema.org","@graph":[{"@type":"WebPage","@id":"https:\/\/www.hotelatlantisparis.com\/it\/servizi\/","url":"https:\/\/www.hotelatlantisparis.com\/it\/servizi\/","name":"Servizi dell'hotel Atlantis Paris, PENSATI PER VOI","isPartOf":{"@id":"https:\/\/www.hotelatlantisparis.com\/#website"},"datePublished":"2022-06-10T04:57:27+00:00","dateModified":"2022-06-22T05:14:57+00:00","description":"Gestito dalla stessa famiglia da 3 generazioni, l'Atlantis Hotel \u00e8 un luogo ideale in cui soggiornare. Qui l'accoglienza e il benessere dei clienti sono valori fondamentali e ogni membro del team \u00e8 cordiale e ospitale in ogni circostanza.","breadcrumb":{"@id":"https:\/\/www.hotelatlantisparis.com\/it\/servizi\/#breadcrumb"},"inLanguage":"it-IT","potentialAction":[{"@type":"ReadAction","target":["https:\/\/www.hotelatlantisparis.com\/it\/servizi\/"]}]},{"@type":"BreadcrumbList","@id":"https:\/\/www.hotelatlantisparis.com\/it\/servizi\/#breadcrumb","itemListElement":[{"@type":"ListItem","position":1,"name":"Accueil","item":"https:\/\/www.hotelatlantisparis.com\/it\/"},{"@type":"ListItem","position":2,"name":"Services"}]},{"@type":"WebSite","@id":"https:\/\/www.hotelatlantisparis.com\/#website","url":"https:\/\/www.hotelatlantisparis.com\/","name":"H\u00f4tel Atlantis Saint-Germain-des-Pr\u00e9s","description":"Un h\u00f4tel 3 \u00e9toiles de charme \u00e0 Paris","publisher":{"@id":"https:\/\/www.hotelatlantisparis.com\/#organization"},"potentialAction":[{"@type":"SearchAction","target":{"@type":"EntryPoint","urlTemplate":"https:\/\/www.hotelatlantisparis.com\/?s={search_term_string}"},"query-input":"required name=search_term_string"}],"inLanguage":"it-IT"},{"@type":"Organization","@id":"https:\/\/www.hotelatlantisparis.com\/#organization","name":"H\u00f4tel Atlantis Saint-Germain-des-Pr\u00e9s","url":"https:\/\/www.hotelatlantisparis.com\/","logo":{"@type":"ImageObject","inLanguage":"it-IT","@id":"https:\/\/www.hotelatlantisparis.com\/#\/schema\/logo\/image\/","url":"https:\/\/www.hotelatlantisparis.com\/wp-content\/uploads\/2022\/06\/logo-Hotel-Atlantis-Paris-2.png","contentUrl":"https:\/\/www.hotelatlantisparis.com\/wp-content\/uploads\/2022\/06\/logo-Hotel-Atlantis-Paris-2.png","width":560,"height":150,"caption":"H\u00f4tel Atlantis Saint-Germain-des-Pr\u00e9s"},"image":{"@id":"https:\/\/www.hotelatlantisparis.com\/#\/schema\/logo\/image\/"}}]}},"_links":{"self":[{"href":"https:\/\/www.hotelatlantisparis.com\/it\/wp-json\/wp\/v2\/pages\/664","targetHints":{"allow":["GET"]}}],"collection":[{"href":"https:\/\/www.hotelatlantisparis.com\/it\/wp-json\/wp\/v2\/pages"}],"about":[{"href":"https:\/\/www.hotelatlantisparis.com\/it\/wp-json\/wp\/v2\/types\/page"}],"author":[{"embeddable":true,"href":"https:\/\/www.hotelatlantisparis.com\/it\/wp-json\/wp\/v2\/users\/1"}],"replies":[{"embeddable":true,"href":"https:\/\/www.hotelatlantisparis.com\/it\/wp-json\/wp\/v2\/comments?post=664"}],"version-history":[{"count":2,"href":"https:\/\/www.hotelatlantisparis.com\/it\/wp-json\/wp\/v2\/pages\/664\/revisions"}],"predecessor-version":[{"id":765,"href":"https:\/\/www.hotelatlantisparis.com\/it\/wp-json\/wp\/v2\/pages\/664\/revisions\/765"}],"wp:attachment":[{"href":"https:\/\/www.hotelatlantisparis.com\/it\/wp-json\/wp\/v2\/media?parent=664"}],"curies":[{"name":"wp","href":"https:\/\/api.w.org\/{rel}","templated":true}]}}