{"id":625,"date":"2022-06-10T06:44:12","date_gmt":"2022-06-10T04:44:12","guid":{"rendered":"https:\/\/www.hotelatlantisparis.com\/chambre-classique\/"},"modified":"2022-06-22T11:39:52","modified_gmt":"2022-06-22T09:39:52","slug":"chambre-classique","status":"publish","type":"page","link":"https:\/\/www.hotelatlantisparis.com\/ja\/chambre-classique\/","title":{"rendered":"Chambre classique"},"content":{"rendered":"\n\t<section class=\"section\" id=\"section_464194132\">\n\t\t<div class=\"bg section-bg fill bg-fill  bg-loaded\" >\n\n\t\t\t\n\t\t\t\n\t\t\t\n\n\t\t<\/div>\n\n\t\t\n\n\t\t<div class=\"section-content relative\">\n\t\t\t\n\n<div class=\"slider-wrapper relative\" id=\"slider-1971541221\" >\n    <div class=\"slider slider-type-fade slider-nav-circle slider-nav-large slider-nav-light slider-style-normal\"\n        data-flickity-options='{\n            \"cellAlign\": \"center\",\n            \"imagesLoaded\": true,\n            \"lazyLoad\": 1,\n            \"freeScroll\": false,\n            \"wrapAround\": true,\n            \"autoPlay\": 6000,\n            \"pauseAutoPlayOnHover\" : true,\n            \"prevNextButtons\": true,\n            \"contain\" : true,\n            \"adaptiveHeight\" : true,\n            \"dragThreshold\" : 10,\n            \"percentPosition\": true,\n            \"pageDots\": true,\n            \"rightToLeft\": false,\n            \"draggable\": true,\n            \"selectedAttraction\": 0.1,\n            \"parallax\" : 0,\n            \"friction\": 0.6        }'\n        >\n        \n\n\n  <div class=\"banner has-hover\" id=\"banner-544801593\">\n          <div class=\"banner-inner fill\">\n        <div class=\"banner-bg fill\" >\n            <div class=\"bg fill bg-fill \"><\/div>\n                                    \n                    <\/div>\n\t\t\n        <div class=\"banner-layers container\">\n            <div class=\"fill banner-link\"><\/div>            \n\n\n        <\/div>\n      <\/div>\n\n            \n<style>\n#banner-544801593 {\n  padding-top: 56.25%;\n}\n#banner-544801593 .bg.bg-loaded {\n  background-image: url(https:\/\/www.hotelatlantisparis.com\/wp-content\/uploads\/2022\/06\/CHAMBRE304_1.jpg);\n}\n#banner-544801593 .ux-shape-divider--top svg {\n  height: 150px;\n  --divider-top-width: 100%;\n}\n#banner-544801593 .ux-shape-divider--bottom svg {\n  height: 150px;\n  --divider-width: 100%;\n}\n<\/style>\n  <\/div>\n\n\n\n  <div class=\"banner has-hover\" id=\"banner-1330593008\">\n          <div class=\"banner-inner fill\">\n        <div class=\"banner-bg fill\" >\n            <div class=\"bg fill bg-fill \"><\/div>\n                                    \n                    <\/div>\n\t\t\n        <div class=\"banner-layers container\">\n            <div class=\"fill banner-link\"><\/div>            \n\n\n        <\/div>\n      <\/div>\n\n            \n<style>\n#banner-1330593008 {\n  padding-top: 56.25%;\n}\n#banner-1330593008 .bg.bg-loaded {\n  background-image: url(https:\/\/www.hotelatlantisparis.com\/wp-content\/uploads\/2022\/06\/CHAMBRE304_2.jpg);\n}\n#banner-1330593008 .ux-shape-divider--top svg {\n  height: 150px;\n  --divider-top-width: 100%;\n}\n#banner-1330593008 .ux-shape-divider--bottom svg {\n  height: 150px;\n  --divider-width: 100%;\n}\n<\/style>\n  <\/div>\n\n\n\n  <div class=\"banner has-hover\" id=\"banner-1042838831\">\n          <div class=\"banner-inner fill\">\n        <div class=\"banner-bg fill\" >\n            <div class=\"bg fill bg-fill \"><\/div>\n                                    \n                    <\/div>\n\t\t\n        <div class=\"banner-layers container\">\n            <div class=\"fill banner-link\"><\/div>            \n\n\n        <\/div>\n      <\/div>\n\n            \n<style>\n#banner-1042838831 {\n  padding-top: 56.25%;\n}\n#banner-1042838831 .bg.bg-loaded {\n  background-image: url(https:\/\/www.hotelatlantisparis.com\/wp-content\/uploads\/2022\/06\/CHAMBRE304_3.jpg);\n}\n#banner-1042838831 .ux-shape-divider--top svg {\n  height: 150px;\n  --divider-top-width: 100%;\n}\n#banner-1042838831 .ux-shape-divider--bottom svg {\n  height: 150px;\n  --divider-width: 100%;\n}\n<\/style>\n  <\/div>\n\n\n\n  <div class=\"banner has-hover\" id=\"banner-404710546\">\n          <div class=\"banner-inner fill\">\n        <div class=\"banner-bg fill\" >\n            <div class=\"bg fill bg-fill \"><\/div>\n                                    \n                    <\/div>\n\t\t\n        <div class=\"banner-layers container\">\n            <div class=\"fill banner-link\"><\/div>            \n\n\n        <\/div>\n      <\/div>\n\n            \n<style>\n#banner-404710546 {\n  padding-top: 56.25%;\n}\n#banner-404710546 .bg.bg-loaded {\n  background-image: url(https:\/\/www.hotelatlantisparis.com\/wp-content\/uploads\/2022\/06\/CHAMBRE304_4.jpg);\n}\n#banner-404710546 .ux-shape-divider--top svg {\n  height: 150px;\n  --divider-top-width: 100%;\n}\n#banner-404710546 .ux-shape-divider--bottom svg {\n  height: 150px;\n  --divider-width: 100%;\n}\n<\/style>\n  <\/div>\n\n\n\n  <div class=\"banner has-hover\" id=\"banner-428981238\">\n          <div class=\"banner-inner fill\">\n        <div class=\"banner-bg fill\" >\n            <div class=\"bg fill bg-fill \"><\/div>\n                                    \n                    <\/div>\n\t\t\n        <div class=\"banner-layers container\">\n            <div class=\"fill banner-link\"><\/div>            \n\n\n        <\/div>\n      <\/div>\n\n            \n<style>\n#banner-428981238 {\n  padding-top: 56.25%;\n}\n#banner-428981238 .bg.bg-loaded {\n  background-image: url(https:\/\/www.hotelatlantisparis.com\/wp-content\/uploads\/2022\/06\/CHAMBRE304_5.jpg);\n}\n#banner-428981238 .ux-shape-divider--top svg {\n  height: 150px;\n  --divider-top-width: 100%;\n}\n#banner-428981238 .ux-shape-divider--bottom svg {\n  height: 150px;\n  --divider-width: 100%;\n}\n<\/style>\n  <\/div>\n\n\n\n     <\/div>\n\n     <div class=\"loading-spin dark large centered\"><\/div>\n\n     \t<\/div>\n\n\n\n\t\t<\/div>\n\n\t\t\n<style>\n#section_464194132 {\n  padding-top: 0px;\n  padding-bottom: 0px;\n}\n#section_464194132 .ux-shape-divider--top svg {\n  height: 150px;\n  --divider-top-width: 100%;\n}\n#section_464194132 .ux-shape-divider--bottom svg {\n  height: 150px;\n  --divider-width: 100%;\n}\n<\/style>\n\t<\/section>\n\t\n\t<section class=\"section\" id=\"section_1933597636\">\n\t\t<div class=\"bg section-bg fill bg-fill  bg-loaded\" >\n\n\t\t\t\n\t\t\t\n\t\t\t\n\n\t\t<\/div>\n\n\t\t\n\n\t\t<div class=\"section-content relative\">\n\t\t\t\n\n<div class=\"row\"  id=\"row-642974461\">\n\n\n\t<div id=\"col-129523442\" class=\"col small-12 large-12\"  data-animate=\"fadeInUp\">\n\t\t\t\t<div class=\"col-inner\"  >\n\t\t\t\n\t\t\t\n\n<h1 style=\"text-align: center;\">\u30af\u30e9\u30b7\u30c3\u30af\u30eb\u30fc\u30e0<\/h1>\n<p style=\"text-align:center;\"><img decoding=\"async\" class=\"aligncenter size-medium wp-image-133\" src=\"https:\/\/www.hotelatlantisparis.com\/wp-content\/uploads\/2022\/06\/deco-300x54.png\" alt=\"\" width=\"300\" height=\"54\" srcset=\"https:\/\/www.hotelatlantisparis.com\/wp-content\/uploads\/2022\/06\/deco-300x54.png 300w, https:\/\/www.hotelatlantisparis.com\/wp-content\/uploads\/2022\/06\/deco.png 500w\" sizes=\"(max-width: 300px) 100vw, 300px\" \/><\/p>\n<p style=\"text-align: center; color: #b89f80; font-weight: bold;\">\u30af\u30a4\u30fc\u30f3\u30b5\u30a4\u30ba\u30d9\u30c3\u30c9150&#215;190 cm <br \/>2\u4eba<\/p>\n<p>\u30db\u30c6\u30eb \u30a2\u30c8\u30e9\u30f3\u30c6\u30a3\u30b9 \u306e\u30af\u30e9\u30b7\u30c3\u30af\u30eb\u30fc\u30e0\u306f\u3001\u30b5\u30f3\u30fb\u30b8\u30a7\u30eb\u30de\u30f3\u30fb\u30c7\u30fb\u30d7\u30ec\u306e\u3059\u3050\u508d\u3067\u3001\u30d1\u30ea\u3092\u767a\u898b\u3059\u308b\u8d05\u6ca2\u306a\u6ede\u5728\u306b\u5fc5\u8981\u306a\u3001\u3042\u3089\u3086\u308b\u5feb\u9069\u3055\u3092\u5099\u3048\u3066\u3044\u307e\u3059\u3002\u7f8e\u3057\u3044\u30d8\u30c3\u30c9\u30dc\u30fc\u30c9\u3068\u7d75\u753b\u3067\u88c5\u98fe\u3055\u308c\u305f\u30b7\u30f3\u30d7\u30eb\u3067\u30a8\u30ec\u30ac\u30f3\u30c8\u306a\u30b9\u30bf\u30a4\u30eb\u306e\u3053\u306e\u304a\u90e8\u5c4b\u306f\u3001\u5168\u5ba4\u306b\u30b7\u30e3\u30ef\u30fc\u3068150 x 190cm\u306e\u30af\u30a4\u30fc\u30f3\u30b5\u30a4\u30ba\u30d9\u30c3\u30c9\u3092\u5099\u3048\u3066\u3044\u307e\u3059\u3002\u3055\u3089\u306b\u304a\u307e\u3051\u306f\uff1f\u30b5\u30f3\u30fb\u30b7\u30e5\u30eb\u30d4\u30b9\u5e83\u5834\u3068\u7f8e\u3057\u3044\u5674\u6c34\u3001\u6559\u4f1a\u3092\u898b\u6674\u3089\u3059\u3001\u7d20\u6674\u3089\u3057\u3044\u666f\u8272\u306e\u9a5a\u304d\u304c\u5f85\u3063\u3066\u3044\u307e\u3059\u3002<\/p>\n\n<a rel=\"noopener noreferrer\" href=\"https:\/\/www.secure-hotel-booking.com\/Atlantis-Saint-Germain-des-Pres\/2EVV\/ja?hotelId=11385\" target=\"_blank\" class=\"button alert is-shade expand\"  >\n    <span>\u3054\u4e88\u7d04<\/span>\n  <\/a>\n\n\n\n\t\t<\/div>\n\t\t\t\t\n<style>\n#col-129523442 > .col-inner {\n  margin: 20px 0px 0px 0px;\n}\n<\/style>\n\t<\/div>\n\n\t\n\n<\/div>\n\n\t\t<\/div>\n\n\t\t\n<style>\n#section_1933597636 {\n  padding-top: 30px;\n  padding-bottom: 30px;\n}\n#section_1933597636 .ux-shape-divider--top svg {\n  height: 150px;\n  --divider-top-width: 100%;\n}\n#section_1933597636 .ux-shape-divider--bottom svg {\n  height: 150px;\n  --divider-width: 100%;\n}\n<\/style>\n\t<\/section>\n\t\n\t<section class=\"section\" id=\"section_1093576187\">\n\t\t<div class=\"bg section-bg fill bg-fill  bg-loaded\" >\n\n\t\t\t\n\t\t\t\n\t\t\t\n\n\t\t<\/div>\n\n\t\t\n\n\t\t<div class=\"section-content relative\">\n\t\t\t\n\n<div class=\"row\"  id=\"row-1821714688\">\n\n\n\t<div id=\"col-1440442917\" class=\"col small-12 large-12\"  >\n\t\t\t\t<div class=\"col-inner\"  >\n\t\t\t\n\t\t\t\n\n\t<div id=\"text-2891515622\" class=\"text\">\n\t\t\n\n<p style=\"text-align:center;\"><img decoding=\"async\" class=\"size-medium wp-image-133 aligncenter\" src=\"https:\/\/www.hotelatlantisparis.com\/wp-content\/uploads\/2022\/06\/deco-300x54.png\" alt=\"\" width=\"300\" height=\"54\" srcset=\"https:\/\/www.hotelatlantisparis.com\/wp-content\/uploads\/2022\/06\/deco-300x54.png 300w, https:\/\/www.hotelatlantisparis.com\/wp-content\/uploads\/2022\/06\/deco.png 500w\" sizes=\"(max-width: 300px) 100vw, 300px\" \/><\/p>\n<h2>\u30b5\u30fc\u30d3\u30b9\u3068\u5ba2\u5ba4\u306e\u5099\u54c1\u306e\u30ea\u30b9\u30c8<\/h2>\n\t\t\n<style>\n#text-2891515622 {\n  text-align: center;\n}\n<\/style>\n\t<\/div>\n\t\n\n\t\t<\/div>\n\t\t\t\t\t<\/div>\n\n\t\n\n\t<div id=\"col-1839918917\" class=\"col medium-6 small-12 large-6\"  >\n\t\t\t\t<div class=\"col-inner\"  >\n\t\t\t\n\t\t\t\n\n<p>&#8211; \u30a2\u30e1\u30cb\u30c6\u30a3\u30b0\u30c3\u30ba <br \/>&#8211; \u30ea\u30d0\u30fc\u30b7\u30d6\u30eb\u30a8\u30a2\u30b3\u30f3<br \/>&#8211; \u30d8\u30a2\u30c9\u30e9\u30a4\u30e4\u30fc<br \/>&#8211; \u7121\u5236\u9650\u306e\u7121\u6599WiFi<br \/>&#8211; \u30d5\u30e9\u30c3\u30c8\u30b9\u30af\u30ea\u30fc\u30f3\u30c6\u30ec\u30d3\u3068\u56fd\u969b\u30c1\u30e3\u30f3\u30cd\u30eb<\/p>\n\n\t\t<\/div>\n\t\t\t\t\t<\/div>\n\n\t\n\n\t<div id=\"col-457555440\" class=\"col medium-6 small-12 large-6\"  >\n\t\t\t\t<div class=\"col-inner\"  >\n\t\t\t\n\t\t\t\n\n<p>&#8211; \u4e2d\u5ead\u307e\u305f\u306f\u901a\u308a\u306e \u773a\u3081\uff08\u30b5\u30f3\u30fb\u30b7\u30e5\u30eb\u30d4\u30b9\u6559\u4f1a\uff09<br \/>&#8211; \u30c7\u30b9\u30af\u3068\u6905\u5b50<br \/>&#8211; \u30cf\u30f3\u30ac\u30fc\u4ed8\u304d\u30ef\u30fc\u30c9\u30ed\u30fc\u30d6<br \/>&#8211; \u30e9\u30f3\u30d7\u4ed8\u304d\u30d9\u30c3\u30c9\u30b5\u30a4\u30c9\u30c6\u30fc\u30d6\u30eb <br \/>&#8211; \u30d0\u30b9\u30bf\u30d6 \/ \u30b7\u30e3\u30ef\u30fc<\/p>\n\n\t\t<\/div>\n\t\t\t\t\t<\/div>\n\n\t\n\n<\/div>\n\n\t\t<\/div>\n\n\t\t\n<style>\n#section_1093576187 {\n  padding-top: 30px;\n  padding-bottom: 30px;\n  background-color: rgb(255,255,255);\n}\n#section_1093576187 .ux-shape-divider--top svg {\n  height: 150px;\n  --divider-top-width: 100%;\n}\n#section_1093576187 .ux-shape-divider--bottom svg {\n  height: 150px;\n  --divider-width: 100%;\n}\n<\/style>\n\t<\/section>\n\t\n\n","protected":false},"excerpt":{"rendered":"","protected":false},"author":1,"featured_media":0,"parent":0,"menu_order":0,"comment_status":"closed","ping_status":"closed","template":"page-blank.php","meta":{"footnotes":""},"class_list":["post-625","page","type-page","status-publish","hentry"],"yoast_head":"<!-- This site is optimized with the Yoast SEO plugin v19.9 - https:\/\/yoast.com\/wordpress\/plugins\/seo\/ -->\n<title>\u30db\u30c6\u30eb \u30a2\u30c8\u30e9\u30f3\u30c6\u30a3\u30b9 \u30fb\u30b5\u30f3\u30fb\u30b8\u30a7\u30eb\u30de\u30f3\u30fb\u30c7\u30fb\u30d7\u30ec\u306e\u30db\u30c6\u30eb<\/title>\n<meta name=\"description\" content=\"\u30b5\u30f3\u30fb\u30b8\u30a7\u30eb\u30de\u30f3\u30fb\u30c7\u30fb\u30d7\u30ec\u306e\u4e2d\u5fc3\u90e8\u3001\u30b5\u30f3\u30fb\u30b7\u30e5\u30eb\u30d4\u30b9\u6559\u4f1a\u304c\u76ee\u306e\u524d\u306b\u3042\u308b\u3001\u30db\u30c6\u30eb \u30a2\u30c8\u30e9\u30f3\u30c6\u30a3\u30b9\u306f\u3001\u30ec\u30b8\u30e3\u30fc\u306b\u3082\u30d3\u30b8\u30cd\u30b9\u306b\u3082\u3001\u30d1\u30ea\u3067\u30b9\u30fc\u30c4\u30b1\u30fc\u30b9\u3092\u7f6e\u3044\u3066\u51fa\u639b\u3051\u308b\u306e\u306b\u7406\u60f3\u7684\u306a\u30ed\u30b1\u30fc\u30b7\u30e7\u30f3\u3067\u3059\u3002\" \/>\n<meta name=\"robots\" content=\"index, follow, max-snippet:-1, max-image-preview:large, max-video-preview:-1\" \/>\n<link rel=\"canonical\" href=\"https:\/\/www.hotelatlantisparis.com\/ja\/chambre-classique\/\" \/>\n<meta property=\"og:locale\" content=\"ja_JP\" \/>\n<meta property=\"og:type\" content=\"article\" \/>\n<meta property=\"og:title\" content=\"\u30db\u30c6\u30eb \u30a2\u30c8\u30e9\u30f3\u30c6\u30a3\u30b9 \u30fb\u30b5\u30f3\u30fb\u30b8\u30a7\u30eb\u30de\u30f3\u30fb\u30c7\u30fb\u30d7\u30ec\u306e\u30db\u30c6\u30eb\" \/>\n<meta property=\"og:description\" content=\"\u30b5\u30f3\u30fb\u30b8\u30a7\u30eb\u30de\u30f3\u30fb\u30c7\u30fb\u30d7\u30ec\u306e\u4e2d\u5fc3\u90e8\u3001\u30b5\u30f3\u30fb\u30b7\u30e5\u30eb\u30d4\u30b9\u6559\u4f1a\u304c\u76ee\u306e\u524d\u306b\u3042\u308b\u3001\u30db\u30c6\u30eb \u30a2\u30c8\u30e9\u30f3\u30c6\u30a3\u30b9\u306f\u3001\u30ec\u30b8\u30e3\u30fc\u306b\u3082\u30d3\u30b8\u30cd\u30b9\u306b\u3082\u3001\u30d1\u30ea\u3067\u30b9\u30fc\u30c4\u30b1\u30fc\u30b9\u3092\u7f6e\u3044\u3066\u51fa\u639b\u3051\u308b\u306e\u306b\u7406\u60f3\u7684\u306a\u30ed\u30b1\u30fc\u30b7\u30e7\u30f3\u3067\u3059\u3002\" \/>\n<meta property=\"og:url\" content=\"https:\/\/www.hotelatlantisparis.com\/ja\/chambre-classique\/\" \/>\n<meta property=\"og:site_name\" content=\"H\u00f4tel Atlantis Saint-Germain-des-Pr\u00e9s\" \/>\n<meta property=\"article:modified_time\" content=\"2022-06-22T09:39:52+00:00\" \/>\n<meta property=\"og:image\" content=\"https:\/\/www.hotelatlantisparis.com\/wp-content\/uploads\/2022\/06\/deco-300x54.png\" \/>\n<meta name=\"twitter:card\" content=\"summary_large_image\" \/>\n<meta name=\"twitter:label1\" content=\"\u63a8\u5b9a\u8aad\u307f\u53d6\u308a\u6642\u9593\" \/>\n\t<meta name=\"twitter:data1\" content=\"2\u5206\" \/>\n<script type=\"application\/ld+json\" class=\"yoast-schema-graph\">{\"@context\":\"https:\/\/schema.org\",\"@graph\":[{\"@type\":\"WebPage\",\"@id\":\"https:\/\/www.hotelatlantisparis.com\/ja\/chambre-classique\/\",\"url\":\"https:\/\/www.hotelatlantisparis.com\/ja\/chambre-classique\/\",\"name\":\"\u30db\u30c6\u30eb \u30a2\u30c8\u30e9\u30f3\u30c6\u30a3\u30b9 \u30fb\u30b5\u30f3\u30fb\u30b8\u30a7\u30eb\u30de\u30f3\u30fb\u30c7\u30fb\u30d7\u30ec\u306e\u30db\u30c6\u30eb\",\"isPartOf\":{\"@id\":\"https:\/\/www.hotelatlantisparis.com\/#website\"},\"datePublished\":\"2022-06-10T04:44:12+00:00\",\"dateModified\":\"2022-06-22T09:39:52+00:00\",\"description\":\"\u30b5\u30f3\u30fb\u30b8\u30a7\u30eb\u30de\u30f3\u30fb\u30c7\u30fb\u30d7\u30ec\u306e\u4e2d\u5fc3\u90e8\u3001\u30b5\u30f3\u30fb\u30b7\u30e5\u30eb\u30d4\u30b9\u6559\u4f1a\u304c\u76ee\u306e\u524d\u306b\u3042\u308b\u3001\u30db\u30c6\u30eb \u30a2\u30c8\u30e9\u30f3\u30c6\u30a3\u30b9\u306f\u3001\u30ec\u30b8\u30e3\u30fc\u306b\u3082\u30d3\u30b8\u30cd\u30b9\u306b\u3082\u3001\u30d1\u30ea\u3067\u30b9\u30fc\u30c4\u30b1\u30fc\u30b9\u3092\u7f6e\u3044\u3066\u51fa\u639b\u3051\u308b\u306e\u306b\u7406\u60f3\u7684\u306a\u30ed\u30b1\u30fc\u30b7\u30e7\u30f3\u3067\u3059\u3002\",\"breadcrumb\":{\"@id\":\"https:\/\/www.hotelatlantisparis.com\/ja\/chambre-classique\/#breadcrumb\"},\"inLanguage\":\"ja\",\"potentialAction\":[{\"@type\":\"ReadAction\",\"target\":[\"https:\/\/www.hotelatlantisparis.com\/ja\/chambre-classique\/\"]}]},{\"@type\":\"BreadcrumbList\",\"@id\":\"https:\/\/www.hotelatlantisparis.com\/ja\/chambre-classique\/#breadcrumb\",\"itemListElement\":[{\"@type\":\"ListItem\",\"position\":1,\"name\":\"Accueil\",\"item\":\"https:\/\/www.hotelatlantisparis.com\/ja\/\"},{\"@type\":\"ListItem\",\"position\":2,\"name\":\"Chambre classique\"}]},{\"@type\":\"WebSite\",\"@id\":\"https:\/\/www.hotelatlantisparis.com\/#website\",\"url\":\"https:\/\/www.hotelatlantisparis.com\/\",\"name\":\"H\u00f4tel Atlantis Saint-Germain-des-Pr\u00e9s\",\"description\":\"Un h\u00f4tel 3 \u00e9toiles de charme \u00e0 Paris\",\"publisher\":{\"@id\":\"https:\/\/www.hotelatlantisparis.com\/#organization\"},\"potentialAction\":[{\"@type\":\"SearchAction\",\"target\":{\"@type\":\"EntryPoint\",\"urlTemplate\":\"https:\/\/www.hotelatlantisparis.com\/?s={search_term_string}\"},\"query-input\":\"required name=search_term_string\"}],\"inLanguage\":\"ja\"},{\"@type\":\"Organization\",\"@id\":\"https:\/\/www.hotelatlantisparis.com\/#organization\",\"name\":\"H\u00f4tel Atlantis Saint-Germain-des-Pr\u00e9s\",\"url\":\"https:\/\/www.hotelatlantisparis.com\/\",\"logo\":{\"@type\":\"ImageObject\",\"inLanguage\":\"ja\",\"@id\":\"https:\/\/www.hotelatlantisparis.com\/#\/schema\/logo\/image\/\",\"url\":\"https:\/\/www.hotelatlantisparis.com\/wp-content\/uploads\/2022\/06\/logo-Hotel-Atlantis-Paris-2.png\",\"contentUrl\":\"https:\/\/www.hotelatlantisparis.com\/wp-content\/uploads\/2022\/06\/logo-Hotel-Atlantis-Paris-2.png\",\"width\":560,\"height\":150,\"caption\":\"H\u00f4tel Atlantis Saint-Germain-des-Pr\u00e9s\"},\"image\":{\"@id\":\"https:\/\/www.hotelatlantisparis.com\/#\/schema\/logo\/image\/\"}}]}<\/script>\n<!-- \/ Yoast SEO plugin. -->","yoast_head_json":{"title":"\u30db\u30c6\u30eb \u30a2\u30c8\u30e9\u30f3\u30c6\u30a3\u30b9 \u30fb\u30b5\u30f3\u30fb\u30b8\u30a7\u30eb\u30de\u30f3\u30fb\u30c7\u30fb\u30d7\u30ec\u306e\u30db\u30c6\u30eb","description":"\u30b5\u30f3\u30fb\u30b8\u30a7\u30eb\u30de\u30f3\u30fb\u30c7\u30fb\u30d7\u30ec\u306e\u4e2d\u5fc3\u90e8\u3001\u30b5\u30f3\u30fb\u30b7\u30e5\u30eb\u30d4\u30b9\u6559\u4f1a\u304c\u76ee\u306e\u524d\u306b\u3042\u308b\u3001\u30db\u30c6\u30eb \u30a2\u30c8\u30e9\u30f3\u30c6\u30a3\u30b9\u306f\u3001\u30ec\u30b8\u30e3\u30fc\u306b\u3082\u30d3\u30b8\u30cd\u30b9\u306b\u3082\u3001\u30d1\u30ea\u3067\u30b9\u30fc\u30c4\u30b1\u30fc\u30b9\u3092\u7f6e\u3044\u3066\u51fa\u639b\u3051\u308b\u306e\u306b\u7406\u60f3\u7684\u306a\u30ed\u30b1\u30fc\u30b7\u30e7\u30f3\u3067\u3059\u3002","robots":{"index":"index","follow":"follow","max-snippet":"max-snippet:-1","max-image-preview":"max-image-preview:large","max-video-preview":"max-video-preview:-1"},"canonical":"https:\/\/www.hotelatlantisparis.com\/ja\/chambre-classique\/","og_locale":"ja_JP","og_type":"article","og_title":"\u30db\u30c6\u30eb \u30a2\u30c8\u30e9\u30f3\u30c6\u30a3\u30b9 \u30fb\u30b5\u30f3\u30fb\u30b8\u30a7\u30eb\u30de\u30f3\u30fb\u30c7\u30fb\u30d7\u30ec\u306e\u30db\u30c6\u30eb","og_description":"\u30b5\u30f3\u30fb\u30b8\u30a7\u30eb\u30de\u30f3\u30fb\u30c7\u30fb\u30d7\u30ec\u306e\u4e2d\u5fc3\u90e8\u3001\u30b5\u30f3\u30fb\u30b7\u30e5\u30eb\u30d4\u30b9\u6559\u4f1a\u304c\u76ee\u306e\u524d\u306b\u3042\u308b\u3001\u30db\u30c6\u30eb \u30a2\u30c8\u30e9\u30f3\u30c6\u30a3\u30b9\u306f\u3001\u30ec\u30b8\u30e3\u30fc\u306b\u3082\u30d3\u30b8\u30cd\u30b9\u306b\u3082\u3001\u30d1\u30ea\u3067\u30b9\u30fc\u30c4\u30b1\u30fc\u30b9\u3092\u7f6e\u3044\u3066\u51fa\u639b\u3051\u308b\u306e\u306b\u7406\u60f3\u7684\u306a\u30ed\u30b1\u30fc\u30b7\u30e7\u30f3\u3067\u3059\u3002","og_url":"https:\/\/www.hotelatlantisparis.com\/ja\/chambre-classique\/","og_site_name":"H\u00f4tel Atlantis Saint-Germain-des-Pr\u00e9s","article_modified_time":"2022-06-22T09:39:52+00:00","og_image":[{"url":"https:\/\/www.hotelatlantisparis.com\/wp-content\/uploads\/2022\/06\/deco-300x54.png"}],"twitter_card":"summary_large_image","twitter_misc":{"\u63a8\u5b9a\u8aad\u307f\u53d6\u308a\u6642\u9593":"2\u5206"},"schema":{"@context":"https:\/\/schema.org","@graph":[{"@type":"WebPage","@id":"https:\/\/www.hotelatlantisparis.com\/ja\/chambre-classique\/","url":"https:\/\/www.hotelatlantisparis.com\/ja\/chambre-classique\/","name":"\u30db\u30c6\u30eb \u30a2\u30c8\u30e9\u30f3\u30c6\u30a3\u30b9 \u30fb\u30b5\u30f3\u30fb\u30b8\u30a7\u30eb\u30de\u30f3\u30fb\u30c7\u30fb\u30d7\u30ec\u306e\u30db\u30c6\u30eb","isPartOf":{"@id":"https:\/\/www.hotelatlantisparis.com\/#website"},"datePublished":"2022-06-10T04:44:12+00:00","dateModified":"2022-06-22T09:39:52+00:00","description":"\u30b5\u30f3\u30fb\u30b8\u30a7\u30eb\u30de\u30f3\u30fb\u30c7\u30fb\u30d7\u30ec\u306e\u4e2d\u5fc3\u90e8\u3001\u30b5\u30f3\u30fb\u30b7\u30e5\u30eb\u30d4\u30b9\u6559\u4f1a\u304c\u76ee\u306e\u524d\u306b\u3042\u308b\u3001\u30db\u30c6\u30eb \u30a2\u30c8\u30e9\u30f3\u30c6\u30a3\u30b9\u306f\u3001\u30ec\u30b8\u30e3\u30fc\u306b\u3082\u30d3\u30b8\u30cd\u30b9\u306b\u3082\u3001\u30d1\u30ea\u3067\u30b9\u30fc\u30c4\u30b1\u30fc\u30b9\u3092\u7f6e\u3044\u3066\u51fa\u639b\u3051\u308b\u306e\u306b\u7406\u60f3\u7684\u306a\u30ed\u30b1\u30fc\u30b7\u30e7\u30f3\u3067\u3059\u3002","breadcrumb":{"@id":"https:\/\/www.hotelatlantisparis.com\/ja\/chambre-classique\/#breadcrumb"},"inLanguage":"ja","potentialAction":[{"@type":"ReadAction","target":["https:\/\/www.hotelatlantisparis.com\/ja\/chambre-classique\/"]}]},{"@type":"BreadcrumbList","@id":"https:\/\/www.hotelatlantisparis.com\/ja\/chambre-classique\/#breadcrumb","itemListElement":[{"@type":"ListItem","position":1,"name":"Accueil","item":"https:\/\/www.hotelatlantisparis.com\/ja\/"},{"@type":"ListItem","position":2,"name":"Chambre classique"}]},{"@type":"WebSite","@id":"https:\/\/www.hotelatlantisparis.com\/#website","url":"https:\/\/www.hotelatlantisparis.com\/","name":"H\u00f4tel Atlantis Saint-Germain-des-Pr\u00e9s","description":"Un h\u00f4tel 3 \u00e9toiles de charme \u00e0 Paris","publisher":{"@id":"https:\/\/www.hotelatlantisparis.com\/#organization"},"potentialAction":[{"@type":"SearchAction","target":{"@type":"EntryPoint","urlTemplate":"https:\/\/www.hotelatlantisparis.com\/?s={search_term_string}"},"query-input":"required name=search_term_string"}],"inLanguage":"ja"},{"@type":"Organization","@id":"https:\/\/www.hotelatlantisparis.com\/#organization","name":"H\u00f4tel Atlantis Saint-Germain-des-Pr\u00e9s","url":"https:\/\/www.hotelatlantisparis.com\/","logo":{"@type":"ImageObject","inLanguage":"ja","@id":"https:\/\/www.hotelatlantisparis.com\/#\/schema\/logo\/image\/","url":"https:\/\/www.hotelatlantisparis.com\/wp-content\/uploads\/2022\/06\/logo-Hotel-Atlantis-Paris-2.png","contentUrl":"https:\/\/www.hotelatlantisparis.com\/wp-content\/uploads\/2022\/06\/logo-Hotel-Atlantis-Paris-2.png","width":560,"height":150,"caption":"H\u00f4tel Atlantis Saint-Germain-des-Pr\u00e9s"},"image":{"@id":"https:\/\/www.hotelatlantisparis.com\/#\/schema\/logo\/image\/"}}]}},"_links":{"self":[{"href":"https:\/\/www.hotelatlantisparis.com\/ja\/wp-json\/wp\/v2\/pages\/625","targetHints":{"allow":["GET"]}}],"collection":[{"href":"https:\/\/www.hotelatlantisparis.com\/ja\/wp-json\/wp\/v2\/pages"}],"about":[{"href":"https:\/\/www.hotelatlantisparis.com\/ja\/wp-json\/wp\/v2\/types\/page"}],"author":[{"embeddable":true,"href":"https:\/\/www.hotelatlantisparis.com\/ja\/wp-json\/wp\/v2\/users\/1"}],"replies":[{"embeddable":true,"href":"https:\/\/www.hotelatlantisparis.com\/ja\/wp-json\/wp\/v2\/comments?post=625"}],"version-history":[{"count":3,"href":"https:\/\/www.hotelatlantisparis.com\/ja\/wp-json\/wp\/v2\/pages\/625\/revisions"}],"predecessor-version":[{"id":878,"href":"https:\/\/www.hotelatlantisparis.com\/ja\/wp-json\/wp\/v2\/pages\/625\/revisions\/878"}],"wp:attachment":[{"href":"https:\/\/www.hotelatlantisparis.com\/ja\/wp-json\/wp\/v2\/media?parent=625"}],"curies":[{"name":"wp","href":"https:\/\/api.w.org\/{rel}","templated":true}]}}