{"id":655,"date":"2022-06-10T08:23:34","date_gmt":"2022-06-10T06:23:34","guid":{"rendered":"https:\/\/www.hotelatlantisparis.com\/contact-acces\/"},"modified":"2022-06-22T11:55:01","modified_gmt":"2022-06-22T09:55:01","slug":"contact-acces","status":"publish","type":"page","link":"https:\/\/www.hotelatlantisparis.com\/ja\/contact-acces\/","title":{"rendered":"Contact &#038; acc\u00e9s"},"content":{"rendered":"\n\n\n<iframe src=\"https:\/\/www.google.com\/maps\/embed?pb=!1m18!1m12!1m3!1d10501.41523103213!2d2.323764868771253!3d48.85146330914813!2m3!1f0!2f0!3f0!3m2!1i1024!2i768!4f13.1!3m3!1m2!1s0x47e671d754ae27b1%3A0x8ce38e396805f33c!2s4%20Rue%20du%20Vieux%20Colombier%2C%2075006%20Paris!5e0!3m2!1sfr!2sfr!4v1654672939234!5m2!1sfr!2sfr\" width=\"100%\" height=\"400\" style=\"border:0;\" allowfullscreen=\"\" loading=\"lazy\" referrerpolicy=\"no-referrer-when-downgrade\"><\/iframe>\n\n\t<section class=\"section\" id=\"section_142212027\">\n\t\t<div class=\"bg section-bg fill bg-fill  bg-loaded\" >\n\n\t\t\t\n\t\t\t\n\t\t\t\n\n\t\t<\/div>\n\n\t\t\n\n\t\t<div class=\"section-content relative\">\n\t\t\t\n\n<div class=\"row\"  id=\"row-1506060747\">\n\n\n\t<div id=\"col-14246798\" class=\"col small-12 large-12\"  data-animate=\"fadeInUp\">\n\t\t\t\t<div class=\"col-inner\"  >\n\t\t\t\n\t\t\t\n\n<h1 style=\"text-align: center;\">\u5f53\u30db\u30c6\u30eb\u3078\u306e\u30a2\u30af\u30bb\u30b9<\/h1>\n<p style=\"text-align: center;\"><img decoding=\"async\" class=\"aligncenter size-medium wp-image-133\" src=\"https:\/\/www.hotelatlantisparis.com\/wp-content\/uploads\/2022\/06\/deco-300x54.png\" alt=\"\" width=\"300\" height=\"54\" srcset=\"https:\/\/www.hotelatlantisparis.com\/wp-content\/uploads\/2022\/06\/deco-300x54.png 300w, https:\/\/www.hotelatlantisparis.com\/wp-content\/uploads\/2022\/06\/deco.png 500w\" sizes=\"(max-width: 300px) 100vw, 300px\" \/><\/p>\n<p><strong>\u30e1\u30c8\u30ed\u3067\uff1a <\/strong><br \/>\u30e1\u30c8\u30ed\u306e4\u756a\u7dda\u3001\u30b5\u30f3\u30fb\u30b7\u30e5\u30eb\u30d4\u30b9\uff08Saint Sulpice\uff09\u307e\u305f\u306f10\u756a\u7dda\u306e\u30de\u30d3\u30e8\u30f3\uff08Mabillon\uff09<\/p>\n<p><strong>\u7a7a\u8def\u3067\uff1a<\/strong><br \/>\u30bf\u30af\u30b7\u30fc\u3067\u3001\u30d1\u30ea\u306e2\u3064\u306e\u7a7a\u6e2f\u304b\u3089\u5e02\u5185\u307e\u3067\u898f\u5b9a\u6599\u91d1\u3002<br \/>\n\u30ed\u30ef\u30b7\u30fc\uff1d\u30b7\u30e3\u30eb\u30eb\u30fb\u30c9\u30fb\u30b4\u30fc\u30eb\u7a7a\u6e2f\uff1a RER\u306eB\u7dda\u3067\u30b5\u30f3\u30fb\u30df\u30b7\u30a7\u30eb\u99c5\u307e\u3067\u884c\u304d\u3001\u30e1\u30c8\u30ed\u306e4\u756a\u7dda\u307e\u305f\u306f96\u756a\u306e\u30d0\u30b9\u306b\u4e57\u308a\u63db\u3048\u3066\u30b5\u30f3\u30fb\u30b7\u30e5\u30eb\u30d4\u30b9\u3067\u4e0b\u8eca\u3002<br \/>\n\u30aa\u30eb\u30ea\u30fc\u7a7a\u6e2f\uff1a\u30aa\u30eb\u30ea\u30fc\u30f4\u30a1\u30eb\u3067\u30a2\u30f3\u30c8\u30cb\u30fc\u99c5\u307e\u3067\u884c\u304d\u3001RER\u306eB\u7dda\u306b\u4e57\u308a\u3001\u30b5\u30f3\u30fb\u30df\u30b7\u30a7\u30eb\u99c5\u3067\u30e1\u30c8\u30ed\u306e4\u756a\u7dda\u307e\u305f\u306f96\u756a\u306e\u30d0\u30b9\u306b\u4e57\u308a\u63db\u3048\u3066\u30b5\u30f3\u30fb\u30b7\u30e5\u30eb\u30d4\u30b9\u3067\u4e0b\u8eca\u3002<\/p>\n<p><strong>\u5217\u8eca\u3067\uff1a<\/strong><br \/>\u30e2\u30f3\u30d1\u30eb\u30ca\u30b9\u99c5\u304b\u3089\u30e1\u30c8\u30ed\u306e4\u756a\u7dda\u307e\u305f\u306f95\u756a\u307e\u305f\u306f96\u756a\u306e\u30d0\u30b9\u306b\u4e57\u308a\u3001\u30b5\u30f3\u30fb\u30b7\u30e5\u30eb\u30d4\u30b9\u3067\u4e0b\u8eca<br \/>\n\u6771\u99c5\u3068\u5317\u99c5\u304b\u3089\u3001\u30e1\u30c8\u30ed\u306e4\u756a\u7dda\u306b\u4e57\u308a\u30b5\u30f3\u30fb\u30b7\u30e5\u30eb\u30d4\u30b9\u3067\u4e0b\u8eca\u3002<br \/>\n\u30ea\u30e8\u30f3\u99c5\u304b\u308963\u756a\u306e\u30d0\u30b9\u306b\u4e57\u308a\u3001\u30b5\u30f3\u30fb\u30b8\u30a7\u30eb\u30de\u30f3\u30fb\u30c7\u30fb\u30d7\u30ec\u3067\u4e0b\u8eca\u3002\u307e\u305f\u306f\u30e1\u30c8\u30ed\u306e14\u756a\u7dda\u306b\u4e57\u308a\u3001\u30b7\u30e3\u30c8\u30ec\u30674\u756a\u7dda\u306b\u4e57\u308a\u63db\u3048\u3001\u30b5\u30f3\u30fb\u30b7\u30e5\u30eb\u30d4\u30b9\u3067\u4e0b\u8eca<\/p>\n\n\n  \n    <div id=\"gallery-1739165882\" class=\"slider slider-auto-height row-collapse slider-nav-reveal\" data-flickity-options='{\"imagesLoaded\": true, \"dragThreshold\" : 5, \"cellAlign\": \"left\",\"wrapAround\": true,\"prevNextButtons\": true,\"percentPosition\": true,\"pageDots\": true, \"rightToLeft\": false, \"autoPlay\" : 3000}'>\n\n  <div class=\"gallery-col col\" >\n          <div class=\"col-inner\">\n            <a class=\"image-lightbox lightbox-gallery\" href=\"https:\/\/www.hotelatlantisparis.com\/wp-content\/uploads\/2022\/06\/PLACE-EGLISE_3-1024x683.jpg\" title=\"\">            <div class=\"box has-hover gallery-box box-overlay dark\">\n              <div class=\"box-image box-shadow-3\" >\n                <img decoding=\"async\" width=\"300\" height=\"200\" src=\"https:\/\/www.hotelatlantisparis.com\/wp-content\/uploads\/2022\/06\/PLACE-EGLISE_3-300x200.jpg\" class=\"attachment-medium size-medium\" alt=\"\" ids=\"70,71,69,68\" type=\"slider-full\" depth=\"3\" slider_nav_color=\"light\" slider_bullets=\"true\" auto_slide=\"3000\" srcset=\"https:\/\/www.hotelatlantisparis.com\/wp-content\/uploads\/2022\/06\/PLACE-EGLISE_3-300x200.jpg 300w, https:\/\/www.hotelatlantisparis.com\/wp-content\/uploads\/2022\/06\/PLACE-EGLISE_3-1024x683.jpg 1024w, https:\/\/www.hotelatlantisparis.com\/wp-content\/uploads\/2022\/06\/PLACE-EGLISE_3-768x512.jpg 768w, https:\/\/www.hotelatlantisparis.com\/wp-content\/uploads\/2022\/06\/PLACE-EGLISE_3.jpg 1500w\" sizes=\"(max-width: 300px) 100vw, 300px\" \/>                                  <div class=\"overlay fill\"\n                      style=\"background-color: rgba(0,0,0,.15)\">\n                  <\/div>\n                                                              <\/div>\n              <div class=\"box-text text-left\" >\n                 <p><\/p>\n              <\/div>\n            <\/div>\n            <\/a>          <\/div>\n         <\/div><div class=\"gallery-col col\" >\n          <div class=\"col-inner\">\n            <a class=\"image-lightbox lightbox-gallery\" href=\"https:\/\/www.hotelatlantisparis.com\/wp-content\/uploads\/2022\/06\/PLACE-EGLISE_4-1024x683.jpg\" title=\"\">            <div class=\"box has-hover gallery-box box-overlay dark\">\n              <div class=\"box-image box-shadow-3\" >\n                <img decoding=\"async\" width=\"300\" height=\"200\" src=\"https:\/\/www.hotelatlantisparis.com\/wp-content\/uploads\/2022\/06\/PLACE-EGLISE_4-300x200.jpg\" class=\"attachment-medium size-medium\" alt=\"\" ids=\"70,71,69,68\" type=\"slider-full\" depth=\"3\" slider_nav_color=\"light\" slider_bullets=\"true\" auto_slide=\"3000\" srcset=\"https:\/\/www.hotelatlantisparis.com\/wp-content\/uploads\/2022\/06\/PLACE-EGLISE_4-300x200.jpg 300w, https:\/\/www.hotelatlantisparis.com\/wp-content\/uploads\/2022\/06\/PLACE-EGLISE_4-1024x683.jpg 1024w, https:\/\/www.hotelatlantisparis.com\/wp-content\/uploads\/2022\/06\/PLACE-EGLISE_4-768x512.jpg 768w, https:\/\/www.hotelatlantisparis.com\/wp-content\/uploads\/2022\/06\/PLACE-EGLISE_4.jpg 1500w\" sizes=\"(max-width: 300px) 100vw, 300px\" \/>                                  <div class=\"overlay fill\"\n                      style=\"background-color: rgba(0,0,0,.15)\">\n                  <\/div>\n                                                              <\/div>\n              <div class=\"box-text text-left\" >\n                 <p><\/p>\n              <\/div>\n            <\/div>\n            <\/a>          <\/div>\n         <\/div><div class=\"gallery-col col\" >\n          <div class=\"col-inner\">\n            <a class=\"image-lightbox lightbox-gallery\" href=\"https:\/\/www.hotelatlantisparis.com\/wp-content\/uploads\/2022\/06\/PLACE-EGLISE_2-1024x683.jpg\" title=\"\">            <div class=\"box has-hover gallery-box box-overlay dark\">\n              <div class=\"box-image box-shadow-3\" >\n                <img decoding=\"async\" width=\"300\" height=\"200\" src=\"https:\/\/www.hotelatlantisparis.com\/wp-content\/uploads\/2022\/06\/PLACE-EGLISE_2-300x200.jpg\" class=\"attachment-medium size-medium\" alt=\"\" ids=\"70,71,69,68\" type=\"slider-full\" depth=\"3\" slider_nav_color=\"light\" slider_bullets=\"true\" auto_slide=\"3000\" srcset=\"https:\/\/www.hotelatlantisparis.com\/wp-content\/uploads\/2022\/06\/PLACE-EGLISE_2-300x200.jpg 300w, https:\/\/www.hotelatlantisparis.com\/wp-content\/uploads\/2022\/06\/PLACE-EGLISE_2-1024x683.jpg 1024w, https:\/\/www.hotelatlantisparis.com\/wp-content\/uploads\/2022\/06\/PLACE-EGLISE_2-768x512.jpg 768w, https:\/\/www.hotelatlantisparis.com\/wp-content\/uploads\/2022\/06\/PLACE-EGLISE_2.jpg 1500w\" sizes=\"(max-width: 300px) 100vw, 300px\" \/>                                  <div class=\"overlay fill\"\n                      style=\"background-color: rgba(0,0,0,.15)\">\n                  <\/div>\n                                                              <\/div>\n              <div class=\"box-text text-left\" >\n                 <p><\/p>\n              <\/div>\n            <\/div>\n            <\/a>          <\/div>\n         <\/div><div class=\"gallery-col col\" >\n          <div class=\"col-inner\">\n            <a class=\"image-lightbox lightbox-gallery\" href=\"https:\/\/www.hotelatlantisparis.com\/wp-content\/uploads\/2022\/06\/PLACE-EGLISE_1-1024x683.jpg\" title=\"\">            <div class=\"box has-hover gallery-box box-overlay dark\">\n              <div class=\"box-image box-shadow-3\" >\n                <img decoding=\"async\" width=\"300\" height=\"200\" src=\"https:\/\/www.hotelatlantisparis.com\/wp-content\/uploads\/2022\/06\/PLACE-EGLISE_1-300x200.jpg\" class=\"attachment-medium size-medium\" alt=\"\" ids=\"70,71,69,68\" type=\"slider-full\" depth=\"3\" slider_nav_color=\"light\" slider_bullets=\"true\" auto_slide=\"3000\" srcset=\"https:\/\/www.hotelatlantisparis.com\/wp-content\/uploads\/2022\/06\/PLACE-EGLISE_1-300x200.jpg 300w, https:\/\/www.hotelatlantisparis.com\/wp-content\/uploads\/2022\/06\/PLACE-EGLISE_1-1024x683.jpg 1024w, https:\/\/www.hotelatlantisparis.com\/wp-content\/uploads\/2022\/06\/PLACE-EGLISE_1-768x512.jpg 768w, https:\/\/www.hotelatlantisparis.com\/wp-content\/uploads\/2022\/06\/PLACE-EGLISE_1.jpg 1500w\" sizes=\"(max-width: 300px) 100vw, 300px\" \/>                                  <div class=\"overlay fill\"\n                      style=\"background-color: rgba(0,0,0,.15)\">\n                  <\/div>\n                                                              <\/div>\n              <div class=\"box-text text-left\" >\n                 <p><\/p>\n              <\/div>\n            <\/div>\n            <\/a>          <\/div>\n         <\/div><\/div>\n\n\n\t\t<\/div>\n\t\t\t\t\n<style>\n#col-14246798 > .col-inner {\n  margin: 20px 0px 0px 0px;\n}\n<\/style>\n\t<\/div>\n\n\t\n\n<\/div>\n\n\t\t<\/div>\n\n\t\t\n<style>\n#section_142212027 {\n  padding-top: 30px;\n  padding-bottom: 30px;\n}\n#section_142212027 .ux-shape-divider--top svg {\n  height: 150px;\n  --divider-top-width: 100%;\n}\n#section_142212027 .ux-shape-divider--bottom svg {\n  height: 150px;\n  --divider-width: 100%;\n}\n<\/style>\n\t<\/section>\n\t\n\n","protected":false},"excerpt":{"rendered":"","protected":false},"author":1,"featured_media":0,"parent":0,"menu_order":0,"comment_status":"closed","ping_status":"closed","template":"page-blank.php","meta":{"footnotes":""},"class_list":["post-655","page","type-page","status-publish","hentry"],"yoast_head":"<!-- This site is optimized with the Yoast SEO plugin v19.9 - https:\/\/yoast.com\/wordpress\/plugins\/seo\/ -->\n<title>\u30db\u30c6\u30eb \u30a2\u30c8\u30e9\u30f3\u30c6\u30a3\u30b9 \u30fb\u30b5\u30f3\u30fb\u30b8\u30a7\u30eb\u30de\u30f3\u30fb\u30c7\u30fb\u30d7\u30ec\u306e\u30db\u30c6\u30eb<\/title>\n<meta name=\"description\" content=\"\u30b5\u30f3\u30fb\u30b8\u30a7\u30eb\u30de\u30f3\u30fb\u30c7\u30fb\u30d7\u30ec\u306e\u4e2d\u5fc3\u90e8\u3001\u30b5\u30f3\u30fb\u30b7\u30e5\u30eb\u30d4\u30b9\u6559\u4f1a\u304c\u76ee\u306e\u524d\u306b\u3042\u308b\u3001\u30db\u30c6\u30eb \u30a2\u30c8\u30e9\u30f3\u30c6\u30a3\u30b9\u306f\u3001\u30ec\u30b8\u30e3\u30fc\u306b\u3082\u30d3\u30b8\u30cd\u30b9\u306b\u3082\u3001\u30d1\u30ea\u3067\u30b9\u30fc\u30c4\u30b1\u30fc\u30b9\u3092\u7f6e\u3044\u3066\u51fa\u639b\u3051\u308b\u306e\u306b\u7406\u60f3\u7684\u306a\u30ed\u30b1\u30fc\u30b7\u30e7\u30f3\u3067\u3059\u3002\" \/>\n<meta name=\"robots\" content=\"index, follow, max-snippet:-1, max-image-preview:large, max-video-preview:-1\" \/>\n<link rel=\"canonical\" href=\"https:\/\/www.hotelatlantisparis.com\/ja\/contact-acces\/\" \/>\n<meta property=\"og:locale\" content=\"ja_JP\" \/>\n<meta property=\"og:type\" content=\"article\" \/>\n<meta property=\"og:title\" content=\"\u30db\u30c6\u30eb \u30a2\u30c8\u30e9\u30f3\u30c6\u30a3\u30b9 \u30fb\u30b5\u30f3\u30fb\u30b8\u30a7\u30eb\u30de\u30f3\u30fb\u30c7\u30fb\u30d7\u30ec\u306e\u30db\u30c6\u30eb\" \/>\n<meta property=\"og:description\" content=\"\u30b5\u30f3\u30fb\u30b8\u30a7\u30eb\u30de\u30f3\u30fb\u30c7\u30fb\u30d7\u30ec\u306e\u4e2d\u5fc3\u90e8\u3001\u30b5\u30f3\u30fb\u30b7\u30e5\u30eb\u30d4\u30b9\u6559\u4f1a\u304c\u76ee\u306e\u524d\u306b\u3042\u308b\u3001\u30db\u30c6\u30eb \u30a2\u30c8\u30e9\u30f3\u30c6\u30a3\u30b9\u306f\u3001\u30ec\u30b8\u30e3\u30fc\u306b\u3082\u30d3\u30b8\u30cd\u30b9\u306b\u3082\u3001\u30d1\u30ea\u3067\u30b9\u30fc\u30c4\u30b1\u30fc\u30b9\u3092\u7f6e\u3044\u3066\u51fa\u639b\u3051\u308b\u306e\u306b\u7406\u60f3\u7684\u306a\u30ed\u30b1\u30fc\u30b7\u30e7\u30f3\u3067\u3059\u3002\" \/>\n<meta property=\"og:url\" content=\"https:\/\/www.hotelatlantisparis.com\/ja\/contact-acces\/\" \/>\n<meta property=\"og:site_name\" content=\"H\u00f4tel Atlantis Saint-Germain-des-Pr\u00e9s\" \/>\n<meta property=\"article:modified_time\" content=\"2022-06-22T09:55:01+00:00\" \/>\n<meta property=\"og:image\" content=\"https:\/\/www.hotelatlantisparis.com\/wp-content\/uploads\/2022\/06\/deco-300x54.png\" \/>\n<meta name=\"twitter:card\" content=\"summary_large_image\" \/>\n<meta name=\"twitter:label1\" content=\"\u63a8\u5b9a\u8aad\u307f\u53d6\u308a\u6642\u9593\" \/>\n\t<meta name=\"twitter:data1\" content=\"2\u5206\" \/>\n<script type=\"application\/ld+json\" class=\"yoast-schema-graph\">{\"@context\":\"https:\/\/schema.org\",\"@graph\":[{\"@type\":\"WebPage\",\"@id\":\"https:\/\/www.hotelatlantisparis.com\/ja\/contact-acces\/\",\"url\":\"https:\/\/www.hotelatlantisparis.com\/ja\/contact-acces\/\",\"name\":\"\u30db\u30c6\u30eb \u30a2\u30c8\u30e9\u30f3\u30c6\u30a3\u30b9 \u30fb\u30b5\u30f3\u30fb\u30b8\u30a7\u30eb\u30de\u30f3\u30fb\u30c7\u30fb\u30d7\u30ec\u306e\u30db\u30c6\u30eb\",\"isPartOf\":{\"@id\":\"https:\/\/www.hotelatlantisparis.com\/#website\"},\"datePublished\":\"2022-06-10T06:23:34+00:00\",\"dateModified\":\"2022-06-22T09:55:01+00:00\",\"description\":\"\u30b5\u30f3\u30fb\u30b8\u30a7\u30eb\u30de\u30f3\u30fb\u30c7\u30fb\u30d7\u30ec\u306e\u4e2d\u5fc3\u90e8\u3001\u30b5\u30f3\u30fb\u30b7\u30e5\u30eb\u30d4\u30b9\u6559\u4f1a\u304c\u76ee\u306e\u524d\u306b\u3042\u308b\u3001\u30db\u30c6\u30eb \u30a2\u30c8\u30e9\u30f3\u30c6\u30a3\u30b9\u306f\u3001\u30ec\u30b8\u30e3\u30fc\u306b\u3082\u30d3\u30b8\u30cd\u30b9\u306b\u3082\u3001\u30d1\u30ea\u3067\u30b9\u30fc\u30c4\u30b1\u30fc\u30b9\u3092\u7f6e\u3044\u3066\u51fa\u639b\u3051\u308b\u306e\u306b\u7406\u60f3\u7684\u306a\u30ed\u30b1\u30fc\u30b7\u30e7\u30f3\u3067\u3059\u3002\",\"breadcrumb\":{\"@id\":\"https:\/\/www.hotelatlantisparis.com\/ja\/contact-acces\/#breadcrumb\"},\"inLanguage\":\"ja\",\"potentialAction\":[{\"@type\":\"ReadAction\",\"target\":[\"https:\/\/www.hotelatlantisparis.com\/ja\/contact-acces\/\"]}]},{\"@type\":\"BreadcrumbList\",\"@id\":\"https:\/\/www.hotelatlantisparis.com\/ja\/contact-acces\/#breadcrumb\",\"itemListElement\":[{\"@type\":\"ListItem\",\"position\":1,\"name\":\"Accueil\",\"item\":\"https:\/\/www.hotelatlantisparis.com\/ja\/\"},{\"@type\":\"ListItem\",\"position\":2,\"name\":\"Contact &#038; acc\u00e9s\"}]},{\"@type\":\"WebSite\",\"@id\":\"https:\/\/www.hotelatlantisparis.com\/#website\",\"url\":\"https:\/\/www.hotelatlantisparis.com\/\",\"name\":\"H\u00f4tel Atlantis Saint-Germain-des-Pr\u00e9s\",\"description\":\"Un h\u00f4tel 3 \u00e9toiles de charme \u00e0 Paris\",\"publisher\":{\"@id\":\"https:\/\/www.hotelatlantisparis.com\/#organization\"},\"potentialAction\":[{\"@type\":\"SearchAction\",\"target\":{\"@type\":\"EntryPoint\",\"urlTemplate\":\"https:\/\/www.hotelatlantisparis.com\/?s={search_term_string}\"},\"query-input\":\"required name=search_term_string\"}],\"inLanguage\":\"ja\"},{\"@type\":\"Organization\",\"@id\":\"https:\/\/www.hotelatlantisparis.com\/#organization\",\"name\":\"H\u00f4tel Atlantis Saint-Germain-des-Pr\u00e9s\",\"url\":\"https:\/\/www.hotelatlantisparis.com\/\",\"logo\":{\"@type\":\"ImageObject\",\"inLanguage\":\"ja\",\"@id\":\"https:\/\/www.hotelatlantisparis.com\/#\/schema\/logo\/image\/\",\"url\":\"https:\/\/www.hotelatlantisparis.com\/wp-content\/uploads\/2022\/06\/logo-Hotel-Atlantis-Paris-2.png\",\"contentUrl\":\"https:\/\/www.hotelatlantisparis.com\/wp-content\/uploads\/2022\/06\/logo-Hotel-Atlantis-Paris-2.png\",\"width\":560,\"height\":150,\"caption\":\"H\u00f4tel Atlantis Saint-Germain-des-Pr\u00e9s\"},\"image\":{\"@id\":\"https:\/\/www.hotelatlantisparis.com\/#\/schema\/logo\/image\/\"}}]}<\/script>\n<!-- \/ Yoast SEO plugin. -->","yoast_head_json":{"title":"\u30db\u30c6\u30eb \u30a2\u30c8\u30e9\u30f3\u30c6\u30a3\u30b9 \u30fb\u30b5\u30f3\u30fb\u30b8\u30a7\u30eb\u30de\u30f3\u30fb\u30c7\u30fb\u30d7\u30ec\u306e\u30db\u30c6\u30eb","description":"\u30b5\u30f3\u30fb\u30b8\u30a7\u30eb\u30de\u30f3\u30fb\u30c7\u30fb\u30d7\u30ec\u306e\u4e2d\u5fc3\u90e8\u3001\u30b5\u30f3\u30fb\u30b7\u30e5\u30eb\u30d4\u30b9\u6559\u4f1a\u304c\u76ee\u306e\u524d\u306b\u3042\u308b\u3001\u30db\u30c6\u30eb \u30a2\u30c8\u30e9\u30f3\u30c6\u30a3\u30b9\u306f\u3001\u30ec\u30b8\u30e3\u30fc\u306b\u3082\u30d3\u30b8\u30cd\u30b9\u306b\u3082\u3001\u30d1\u30ea\u3067\u30b9\u30fc\u30c4\u30b1\u30fc\u30b9\u3092\u7f6e\u3044\u3066\u51fa\u639b\u3051\u308b\u306e\u306b\u7406\u60f3\u7684\u306a\u30ed\u30b1\u30fc\u30b7\u30e7\u30f3\u3067\u3059\u3002","robots":{"index":"index","follow":"follow","max-snippet":"max-snippet:-1","max-image-preview":"max-image-preview:large","max-video-preview":"max-video-preview:-1"},"canonical":"https:\/\/www.hotelatlantisparis.com\/ja\/contact-acces\/","og_locale":"ja_JP","og_type":"article","og_title":"\u30db\u30c6\u30eb \u30a2\u30c8\u30e9\u30f3\u30c6\u30a3\u30b9 \u30fb\u30b5\u30f3\u30fb\u30b8\u30a7\u30eb\u30de\u30f3\u30fb\u30c7\u30fb\u30d7\u30ec\u306e\u30db\u30c6\u30eb","og_description":"\u30b5\u30f3\u30fb\u30b8\u30a7\u30eb\u30de\u30f3\u30fb\u30c7\u30fb\u30d7\u30ec\u306e\u4e2d\u5fc3\u90e8\u3001\u30b5\u30f3\u30fb\u30b7\u30e5\u30eb\u30d4\u30b9\u6559\u4f1a\u304c\u76ee\u306e\u524d\u306b\u3042\u308b\u3001\u30db\u30c6\u30eb \u30a2\u30c8\u30e9\u30f3\u30c6\u30a3\u30b9\u306f\u3001\u30ec\u30b8\u30e3\u30fc\u306b\u3082\u30d3\u30b8\u30cd\u30b9\u306b\u3082\u3001\u30d1\u30ea\u3067\u30b9\u30fc\u30c4\u30b1\u30fc\u30b9\u3092\u7f6e\u3044\u3066\u51fa\u639b\u3051\u308b\u306e\u306b\u7406\u60f3\u7684\u306a\u30ed\u30b1\u30fc\u30b7\u30e7\u30f3\u3067\u3059\u3002","og_url":"https:\/\/www.hotelatlantisparis.com\/ja\/contact-acces\/","og_site_name":"H\u00f4tel Atlantis Saint-Germain-des-Pr\u00e9s","article_modified_time":"2022-06-22T09:55:01+00:00","og_image":[{"url":"https:\/\/www.hotelatlantisparis.com\/wp-content\/uploads\/2022\/06\/deco-300x54.png"}],"twitter_card":"summary_large_image","twitter_misc":{"\u63a8\u5b9a\u8aad\u307f\u53d6\u308a\u6642\u9593":"2\u5206"},"schema":{"@context":"https:\/\/schema.org","@graph":[{"@type":"WebPage","@id":"https:\/\/www.hotelatlantisparis.com\/ja\/contact-acces\/","url":"https:\/\/www.hotelatlantisparis.com\/ja\/contact-acces\/","name":"\u30db\u30c6\u30eb \u30a2\u30c8\u30e9\u30f3\u30c6\u30a3\u30b9 \u30fb\u30b5\u30f3\u30fb\u30b8\u30a7\u30eb\u30de\u30f3\u30fb\u30c7\u30fb\u30d7\u30ec\u306e\u30db\u30c6\u30eb","isPartOf":{"@id":"https:\/\/www.hotelatlantisparis.com\/#website"},"datePublished":"2022-06-10T06:23:34+00:00","dateModified":"2022-06-22T09:55:01+00:00","description":"\u30b5\u30f3\u30fb\u30b8\u30a7\u30eb\u30de\u30f3\u30fb\u30c7\u30fb\u30d7\u30ec\u306e\u4e2d\u5fc3\u90e8\u3001\u30b5\u30f3\u30fb\u30b7\u30e5\u30eb\u30d4\u30b9\u6559\u4f1a\u304c\u76ee\u306e\u524d\u306b\u3042\u308b\u3001\u30db\u30c6\u30eb \u30a2\u30c8\u30e9\u30f3\u30c6\u30a3\u30b9\u306f\u3001\u30ec\u30b8\u30e3\u30fc\u306b\u3082\u30d3\u30b8\u30cd\u30b9\u306b\u3082\u3001\u30d1\u30ea\u3067\u30b9\u30fc\u30c4\u30b1\u30fc\u30b9\u3092\u7f6e\u3044\u3066\u51fa\u639b\u3051\u308b\u306e\u306b\u7406\u60f3\u7684\u306a\u30ed\u30b1\u30fc\u30b7\u30e7\u30f3\u3067\u3059\u3002","breadcrumb":{"@id":"https:\/\/www.hotelatlantisparis.com\/ja\/contact-acces\/#breadcrumb"},"inLanguage":"ja","potentialAction":[{"@type":"ReadAction","target":["https:\/\/www.hotelatlantisparis.com\/ja\/contact-acces\/"]}]},{"@type":"BreadcrumbList","@id":"https:\/\/www.hotelatlantisparis.com\/ja\/contact-acces\/#breadcrumb","itemListElement":[{"@type":"ListItem","position":1,"name":"Accueil","item":"https:\/\/www.hotelatlantisparis.com\/ja\/"},{"@type":"ListItem","position":2,"name":"Contact &#038; acc\u00e9s"}]},{"@type":"WebSite","@id":"https:\/\/www.hotelatlantisparis.com\/#website","url":"https:\/\/www.hotelatlantisparis.com\/","name":"H\u00f4tel Atlantis Saint-Germain-des-Pr\u00e9s","description":"Un h\u00f4tel 3 \u00e9toiles de charme \u00e0 Paris","publisher":{"@id":"https:\/\/www.hotelatlantisparis.com\/#organization"},"potentialAction":[{"@type":"SearchAction","target":{"@type":"EntryPoint","urlTemplate":"https:\/\/www.hotelatlantisparis.com\/?s={search_term_string}"},"query-input":"required name=search_term_string"}],"inLanguage":"ja"},{"@type":"Organization","@id":"https:\/\/www.hotelatlantisparis.com\/#organization","name":"H\u00f4tel Atlantis Saint-Germain-des-Pr\u00e9s","url":"https:\/\/www.hotelatlantisparis.com\/","logo":{"@type":"ImageObject","inLanguage":"ja","@id":"https:\/\/www.hotelatlantisparis.com\/#\/schema\/logo\/image\/","url":"https:\/\/www.hotelatlantisparis.com\/wp-content\/uploads\/2022\/06\/logo-Hotel-Atlantis-Paris-2.png","contentUrl":"https:\/\/www.hotelatlantisparis.com\/wp-content\/uploads\/2022\/06\/logo-Hotel-Atlantis-Paris-2.png","width":560,"height":150,"caption":"H\u00f4tel Atlantis Saint-Germain-des-Pr\u00e9s"},"image":{"@id":"https:\/\/www.hotelatlantisparis.com\/#\/schema\/logo\/image\/"}}]}},"_links":{"self":[{"href":"https:\/\/www.hotelatlantisparis.com\/ja\/wp-json\/wp\/v2\/pages\/655","targetHints":{"allow":["GET"]}}],"collection":[{"href":"https:\/\/www.hotelatlantisparis.com\/ja\/wp-json\/wp\/v2\/pages"}],"about":[{"href":"https:\/\/www.hotelatlantisparis.com\/ja\/wp-json\/wp\/v2\/types\/page"}],"author":[{"embeddable":true,"href":"https:\/\/www.hotelatlantisparis.com\/ja\/wp-json\/wp\/v2\/users\/1"}],"replies":[{"embeddable":true,"href":"https:\/\/www.hotelatlantisparis.com\/ja\/wp-json\/wp\/v2\/comments?post=655"}],"version-history":[{"count":2,"href":"https:\/\/www.hotelatlantisparis.com\/ja\/wp-json\/wp\/v2\/pages\/655\/revisions"}],"predecessor-version":[{"id":887,"href":"https:\/\/www.hotelatlantisparis.com\/ja\/wp-json\/wp\/v2\/pages\/655\/revisions\/887"}],"wp:attachment":[{"href":"https:\/\/www.hotelatlantisparis.com\/ja\/wp-json\/wp\/v2\/media?parent=655"}],"curies":[{"name":"wp","href":"https:\/\/api.w.org\/{rel}","templated":true}]}}