{"id":665,"date":"2022-06-10T06:57:27","date_gmt":"2022-06-10T04:57:27","guid":{"rendered":"https:\/\/www.hotelatlantisparis.com\/services\/"},"modified":"2022-06-22T11:43:16","modified_gmt":"2022-06-22T09:43:16","slug":"services","status":"publish","type":"page","link":"https:\/\/www.hotelatlantisparis.com\/ja\/services\/","title":{"rendered":"Services"},"content":{"rendered":"\n\t<section class=\"section\" id=\"section_2101492913\">\n\t\t<div class=\"bg section-bg fill bg-fill  bg-loaded\" >\n\n\t\t\t\n\t\t\t\n\t\t\t\n\n\t\t<\/div>\n\n\t\t\n\n\t\t<div class=\"section-content relative\">\n\t\t\t\n\n<div class=\"slider-wrapper relative\" id=\"slider-1922102368\" >\n    <div class=\"slider slider-type-fade slider-nav-circle slider-nav-large slider-nav-light slider-style-normal\"\n        data-flickity-options='{\n            \"cellAlign\": \"center\",\n            \"imagesLoaded\": true,\n            \"lazyLoad\": 1,\n            \"freeScroll\": false,\n            \"wrapAround\": true,\n            \"autoPlay\": 6000,\n            \"pauseAutoPlayOnHover\" : true,\n            \"prevNextButtons\": true,\n            \"contain\" : true,\n            \"adaptiveHeight\" : true,\n            \"dragThreshold\" : 10,\n            \"percentPosition\": true,\n            \"pageDots\": true,\n            \"rightToLeft\": false,\n            \"draggable\": true,\n            \"selectedAttraction\": 0.1,\n            \"parallax\" : 0,\n            \"friction\": 0.6        }'\n        >\n        \n\n\n  <div class=\"banner has-hover is-full-height\" id=\"banner-607092595\">\n          <div class=\"banner-inner fill\">\n        <div class=\"banner-bg fill\" >\n            <div class=\"bg fill bg-fill \"><\/div>\n                                    \n                    <\/div>\n\t\t\n        <div class=\"banner-layers container\">\n            <div class=\"fill banner-link\"><\/div>            \n\n\n        <\/div>\n      <\/div>\n\n            \n<style>\n#banner-607092595 {\n  padding-top: 100%;\n}\n#banner-607092595 .bg.bg-loaded {\n  background-image: url(https:\/\/www.hotelatlantisparis.com\/wp-content\/uploads\/2022\/06\/PARTIES-COMMUNES_11.jpg);\n}\n#banner-607092595 .ux-shape-divider--top svg {\n  height: 150px;\n  --divider-top-width: 100%;\n}\n#banner-607092595 .ux-shape-divider--bottom svg {\n  height: 150px;\n  --divider-width: 100%;\n}\n<\/style>\n  <\/div>\n\n\n\n  <div class=\"banner has-hover is-full-height\" id=\"banner-217526100\">\n          <div class=\"banner-inner fill\">\n        <div class=\"banner-bg fill\" >\n            <div class=\"bg fill bg-fill \"><\/div>\n                                    \n                    <\/div>\n\t\t\n        <div class=\"banner-layers container\">\n            <div class=\"fill banner-link\"><\/div>            \n\n\n        <\/div>\n      <\/div>\n\n            \n<style>\n#banner-217526100 {\n  padding-top: 100%;\n}\n#banner-217526100 .bg.bg-loaded {\n  background-image: url(https:\/\/www.hotelatlantisparis.com\/wp-content\/uploads\/2022\/06\/PARTIES-COMMUNES_8.jpg);\n}\n#banner-217526100 .ux-shape-divider--top svg {\n  height: 150px;\n  --divider-top-width: 100%;\n}\n#banner-217526100 .ux-shape-divider--bottom svg {\n  height: 150px;\n  --divider-width: 100%;\n}\n<\/style>\n  <\/div>\n\n\n\n  <div class=\"banner has-hover is-full-height\" id=\"banner-1070022108\">\n          <div class=\"banner-inner fill\">\n        <div class=\"banner-bg fill\" >\n            <div class=\"bg fill bg-fill \"><\/div>\n                                    \n                    <\/div>\n\t\t\n        <div class=\"banner-layers container\">\n            <div class=\"fill banner-link\"><\/div>            \n\n\n        <\/div>\n      <\/div>\n\n            \n<style>\n#banner-1070022108 {\n  padding-top: 100%;\n}\n#banner-1070022108 .bg.bg-loaded {\n  background-image: url(https:\/\/www.hotelatlantisparis.com\/wp-content\/uploads\/2022\/06\/PARTIES-COMMUNES_12.jpg);\n}\n#banner-1070022108 .ux-shape-divider--top svg {\n  height: 150px;\n  --divider-top-width: 100%;\n}\n#banner-1070022108 .ux-shape-divider--bottom svg {\n  height: 150px;\n  --divider-width: 100%;\n}\n<\/style>\n  <\/div>\n\n\n\n  <div class=\"banner has-hover is-full-height\" id=\"banner-1149626909\">\n          <div class=\"banner-inner fill\">\n        <div class=\"banner-bg fill\" >\n            <div class=\"bg fill bg-fill \"><\/div>\n                                    \n                    <\/div>\n\t\t\n        <div class=\"banner-layers container\">\n            <div class=\"fill banner-link\"><\/div>            \n\n\n        <\/div>\n      <\/div>\n\n            \n<style>\n#banner-1149626909 {\n  padding-top: 100%;\n}\n#banner-1149626909 .bg.bg-loaded {\n  background-image: url(https:\/\/www.hotelatlantisparis.com\/wp-content\/uploads\/2022\/06\/PARTIES-COMMUNES_3.jpg);\n}\n#banner-1149626909 .ux-shape-divider--top svg {\n  height: 150px;\n  --divider-top-width: 100%;\n}\n#banner-1149626909 .ux-shape-divider--bottom svg {\n  height: 150px;\n  --divider-width: 100%;\n}\n<\/style>\n  <\/div>\n\n\n\n  <div class=\"banner has-hover is-full-height\" id=\"banner-779039977\">\n          <div class=\"banner-inner fill\">\n        <div class=\"banner-bg fill\" >\n            <div class=\"bg fill bg-fill \"><\/div>\n                                    \n                    <\/div>\n\t\t\n        <div class=\"banner-layers container\">\n            <div class=\"fill banner-link\"><\/div>            \n\n\n        <\/div>\n      <\/div>\n\n            \n<style>\n#banner-779039977 {\n  padding-top: 100%;\n}\n#banner-779039977 .bg.bg-loaded {\n  background-image: url(https:\/\/www.hotelatlantisparis.com\/wp-content\/uploads\/2022\/06\/PARTIES-COMMUNES_6.jpg);\n}\n#banner-779039977 .ux-shape-divider--top svg {\n  height: 150px;\n  --divider-top-width: 100%;\n}\n#banner-779039977 .ux-shape-divider--bottom svg {\n  height: 150px;\n  --divider-width: 100%;\n}\n<\/style>\n  <\/div>\n\n\n\n     <\/div>\n\n     <div class=\"loading-spin dark large centered\"><\/div>\n\n     \t<\/div>\n\n\n\n\t\t<\/div>\n\n\t\t\n<style>\n#section_2101492913 {\n  padding-top: 0px;\n  padding-bottom: 0px;\n}\n#section_2101492913 .ux-shape-divider--top svg {\n  height: 150px;\n  --divider-top-width: 100%;\n}\n#section_2101492913 .ux-shape-divider--bottom svg {\n  height: 150px;\n  --divider-width: 100%;\n}\n<\/style>\n\t<\/section>\n\t\n\t<section class=\"section\" id=\"section_1493613405\">\n\t\t<div class=\"bg section-bg fill bg-fill  \" >\n\n\t\t\t\n\t\t\t<div class=\"section-bg-overlay absolute fill\"><\/div>\n\t\t\t\n\n\t\t<\/div>\n\n\t\t\n\n\t\t<div class=\"section-content relative\">\n\t\t\t\n\n<div class=\"row row-collapse row-full-width align-middle\"  id=\"row-980878995\">\n\n\n\t<div id=\"col-1807222237\" class=\"col medium-12 small-12 large-6\"  data-animate=\"fadeInLeft\">\n\t\t\t\t<div class=\"col-inner\" style=\"max-width:600px;\" >\n\t\t\t\n\t\t\t\n\n<h3 style=\"text-align: center; margin-bottom:0; font-size:20px;\">\u5f53\u30db\u30c6\u30eb\u306e\u30b5\u30fc\u30d3\u30b9<\/h3>\n<p>3\u4e16\u4ee3\u306b\u6e21\u3063\u3066\u540c\u3058\u5bb6\u65cf\u304c\u7d4c\u55b6\u3059\u308b\u3001\u30db\u30c6\u30eb \u30a2\u30c8\u30e9\u30f3\u30c6\u30a3\u30b9\u306f\u3001\u5c45\u5fc3\u5730\u306e\u826f\u3044\u30db\u30c6\u30eb\u3067\u3059\u3002\u5f53\u30db\u30c6\u30eb\u3067\u306f\u3001\u304a\u3082\u3066\u306a\u3057\u3068\u304a\u5ba2\u69d8\u306e\u30a6\u30a7\u30eb\u30cd\u30b9\u3092\u91cd\u8996\u3057\u3001\u30b9\u30bf\u30c3\u30d5\u5168\u54e1\u304c\u3044\u3064\u3067\u3082\u6e29\u304b\u304f\u89aa\u8eab\u306b\u5bfe\u5fdc\u3044\u305f\u3057\u307e\u3059\u3002<br \/>\n\u3054\u5230\u7740\u6642\u304b\u3089\u3001\u6ede\u5728\u4e2d\u3092\u901a\u3058\u3066\u3001\u5f53\u30db\u30c6\u30eb\u306e\u30b9\u30bf\u30c3\u30d5\u304c\u3044\u3064\u3067\u3082\u304a\u5ba2\u69d8\u306e\u8cea\u554f\u306b\u304a\u7b54\u3048\u3057\u3001\u3053\u306e\u5730\u533a\u306e\u304a\u52e7\u3081\u306e\u304a\u5e97\u3092\u7d39\u4ecb\u3057\u3001\u5fc5\u8981\u306b\u5fdc\u3058\u3066\u30b5\u30dd\u30fc\u30c8\u3044\u305f\u3057\u307e\u3059\u3002<br \/>\u671d\u304b\u3089\u591c\u307e\u3067\u3001\u5f53\u30db\u30c6\u30eb\u306e\u5c0f\u3055\u306a\u30b5\u30ed\u30f3\u306e\u72ec\u7279\u306a\u96f0\u56f2\u6c17\u3092\u697d\u3057\u307f\u306b\u3044\u3089\u3057\u3066\u304f\u3060\u3055\u3044\u3002\u30ac\u30e9\u30b9\u306e\u5929\u4e95\u3001\u5c0f\u3055\u306a\u30e9\u30f3\u30d7\u3068\u3001\u5feb\u9069\u306a\u30a2\u30fc\u30e0\u30c1\u30a7\u30a2\u3001\u30f4\u30a3\u30f3\u30c6\u30fc\u30b8\u306e\u68da\u3001\u65c5\u5148\u3067\u307f\u3064\u3051\u305f\u7269\u304c\u5165\u308a\u6df7\u3058\u308b\u3001\u6298\u8877\u69d8\u5f0f\u306e\u88c5\u98fe\u306e\u3053\u306e\u30b5\u30ed\u30f3\u306f\u3001\u671d\u98df\u3084\u4f11\u61a9\u3001\u8aad\u66f8\u3084\u548c\u3084\u304b\u306a\u4f1a\u8a71\u306e\u6642\u9593\u3092\u697d\u3057\u3080\u306e\u306b\u6700\u9069\u306a\u7a7a\u9593\u3092\u63d0\u4f9b\u3057\u307e\u3059\u3002 <\/p>\n\n\n\t\t<\/div>\n\t\t\t\t\n<style>\n#col-1807222237 > .col-inner {\n  padding: 20px 20px 20px 20px;\n}\n@media (min-width:850px) {\n  #col-1807222237 > .col-inner {\n    padding: 20px 50px 20px 50px;\n  }\n}\n<\/style>\n\t<\/div>\n\n\t\n\n\t<div id=\"col-354986081\" class=\"col medium-12 small-12 large-6\"  data-animate=\"fadeInRight\">\n\t\t\t\t<div class=\"col-inner\"  >\n\t\t\t\n\t\t\t\n\n\t<div class=\"img has-hover x md-x lg-x y md-y lg-y\" id=\"image_1356898764\">\n\t\t\t\t\t\t\t\t<div class=\"img-inner dark\" >\n\t\t\t<img decoding=\"async\" width=\"1020\" height=\"680\" src=\"https:\/\/www.hotelatlantisparis.com\/wp-content\/uploads\/2022\/06\/PARTIES-COMMUNES_18-1024x683.jpg\" class=\"attachment-large size-large\" alt=\"H\u00f4tel Atlantis Paris Saint-Germain-des-Pr\u00e9s\" srcset=\"https:\/\/www.hotelatlantisparis.com\/wp-content\/uploads\/2022\/06\/PARTIES-COMMUNES_18-1024x683.jpg 1024w, https:\/\/www.hotelatlantisparis.com\/wp-content\/uploads\/2022\/06\/PARTIES-COMMUNES_18-300x200.jpg 300w, https:\/\/www.hotelatlantisparis.com\/wp-content\/uploads\/2022\/06\/PARTIES-COMMUNES_18-768x512.jpg 768w, https:\/\/www.hotelatlantisparis.com\/wp-content\/uploads\/2022\/06\/PARTIES-COMMUNES_18.jpg 1500w\" sizes=\"(max-width: 1020px) 100vw, 1020px\" \/>\t\t\t\t\t\t\n\t\t\t\t\t<\/div>\n\t\t\t\t\t\t\t\t\n<style>\n#image_1356898764 {\n  width: 100%;\n}\n<\/style>\n\t<\/div>\n\t\n\n\n\t\t<\/div>\n\t\t\t\t\t<\/div>\n\n\t\n\n<\/div>\n\n\t\t<\/div>\n\n\t\t\n<style>\n#section_1493613405 {\n  padding-top: 0px;\n  padding-bottom: 0px;\n  margin-bottom: 0px;\n}\n#section_1493613405 .section-bg-overlay {\n  background-color: rgba(255, 255, 255, 0.8);\n}\n#section_1493613405 .section-bg.bg-loaded {\n  background-image: url(https:\/\/www.hotelatlantisparis.com\/wp-content\/uploads\/2022\/06\/PARTIES-COMMUNES_4.jpg);\n}\n#section_1493613405 .ux-shape-divider--top svg {\n  height: 150px;\n  --divider-top-width: 100%;\n}\n#section_1493613405 .ux-shape-divider--bottom svg {\n  height: 150px;\n  --divider-width: 100%;\n}\n<\/style>\n\t<\/section>\n\t\n\t<section class=\"section\" id=\"section_1272413895\">\n\t\t<div class=\"bg section-bg fill bg-fill  \" >\n\n\t\t\t\n\t\t\t<div class=\"section-bg-overlay absolute fill\"><\/div>\n\t\t\t\n\n\t\t<\/div>\n\n\t\t\n\n\t\t<div class=\"section-content relative\">\n\t\t\t\n\n<div class=\"row row-collapse row-full-width align-middle\"  id=\"row-1168263420\">\n\n\n\t<div id=\"col-2076613485\" class=\"col medium-12 small-12 large-6\"  data-animate=\"fadeInRight\">\n\t\t\t\t<div class=\"col-inner\"  >\n\t\t\t\n\t\t\t\n\n\t<div class=\"img has-hover x md-x lg-x y md-y lg-y\" id=\"image_1232880029\">\n\t\t\t\t\t\t\t\t<div class=\"img-inner dark\" >\n\t\t\t<img decoding=\"async\" width=\"1020\" height=\"680\" src=\"https:\/\/www.hotelatlantisparis.com\/wp-content\/uploads\/2022\/06\/PARTIES-COMMUNES_16-1024x683.jpg\" class=\"attachment-large size-large\" alt=\"H\u00f4tel Atlantis Paris Saint-Germain-des-Pr\u00e9s\" srcset=\"https:\/\/www.hotelatlantisparis.com\/wp-content\/uploads\/2022\/06\/PARTIES-COMMUNES_16-1024x683.jpg 1024w, https:\/\/www.hotelatlantisparis.com\/wp-content\/uploads\/2022\/06\/PARTIES-COMMUNES_16-300x200.jpg 300w, https:\/\/www.hotelatlantisparis.com\/wp-content\/uploads\/2022\/06\/PARTIES-COMMUNES_16-768x512.jpg 768w, https:\/\/www.hotelatlantisparis.com\/wp-content\/uploads\/2022\/06\/PARTIES-COMMUNES_16.jpg 1500w\" sizes=\"(max-width: 1020px) 100vw, 1020px\" \/>\t\t\t\t\t\t\n\t\t\t\t\t<\/div>\n\t\t\t\t\t\t\t\t\n<style>\n#image_1232880029 {\n  width: 100%;\n}\n<\/style>\n\t<\/div>\n\t\n\n\n\t\t<\/div>\n\t\t\t\t\t<\/div>\n\n\t\n\n\t<div id=\"col-127970942\" class=\"col medium-12 small-12 large-6 medium-col-first\"  data-animate=\"fadeInLeft\">\n\t\t\t\t<div class=\"col-inner\" style=\"max-width:600px;\" >\n\t\t\t\n\t\t\t\n\n<h3 style=\"text-align: center; margin-bottom:0; font-size:20px;\">\u671d\u98df<\/h3>\n<p>\u6bce\u671d\u3001\u30db\u30c6\u30eb \u30a2\u30c8\u30e9\u30f3\u30c6\u30a3\u30b9\u3067\u306f\u3001\u4e00\u65e5\u306e\u59cb\u307e\u308a\u306b\u3001\u6e29\u304b\u3044\u30b5\u30ed\u30f3\u3067\u306e\u30d5\u30e9\u30f3\u30b9\u5f0f\u306e\u671d\u98df\u3092\u3054\u63d0\u6848\u3057\u3066\u304a\u308a\u307e\u3059\u3002\u30c6\u30fc\u30d6\u30eb\u306b\u3001\u6e29\u304b\u3044\u304a\u98f2\u307f\u7269\u3068\u30b8\u30e5\u30fc\u30b9\u3001\u30e8\u30fc\u30b0\u30eb\u30c8\u3001\u30da\u30b9\u30c8\u30ea\u30fc\u3001\u30d1\u30f3\u3001\u30d0\u30bf\u30fc\u3068\u30b8\u30e3\u30e0\u3092\u304a\u6301\u3061\u3044\u305f\u3057\u307e\u3059\u3002\u30d1\u30ea\u306e\u7f8e\u98df\u306e\u524d\u5473\u306b\u6b20\u304b\u305b\u306a\u3044\u3082\u306e\u3067\u3059\u3002 <\/p>\n\n\n\t\t<\/div>\n\t\t\t\t\n<style>\n#col-127970942 > .col-inner {\n  padding: 20px 20px 20px 20px;\n}\n@media (min-width:850px) {\n  #col-127970942 > .col-inner {\n    padding: 20px 50px 20px 50px;\n  }\n}\n<\/style>\n\t<\/div>\n\n\t\n\n<\/div>\n\n\t\t<\/div>\n\n\t\t\n<style>\n#section_1272413895 {\n  padding-top: 0px;\n  padding-bottom: 0px;\n  margin-bottom: 0px;\n}\n#section_1272413895 .section-bg-overlay {\n  background-color: rgba(255, 255, 255, 0.8);\n}\n#section_1272413895 .section-bg.bg-loaded {\n  background-image: url(https:\/\/www.hotelatlantisparis.com\/wp-content\/uploads\/2022\/06\/PARTIES-COMMUNES_4.jpg);\n}\n#section_1272413895 .ux-shape-divider--top svg {\n  height: 150px;\n  --divider-top-width: 100%;\n}\n#section_1272413895 .ux-shape-divider--bottom svg {\n  height: 150px;\n  --divider-width: 100%;\n}\n<\/style>\n\t<\/section>\n\t\n\n","protected":false},"excerpt":{"rendered":"","protected":false},"author":1,"featured_media":0,"parent":0,"menu_order":0,"comment_status":"closed","ping_status":"closed","template":"page-transparent-header.php","meta":{"footnotes":""},"class_list":["post-665","page","type-page","status-publish","hentry"],"yoast_head":"<!-- This site is optimized with the Yoast SEO plugin v19.9 - https:\/\/yoast.com\/wordpress\/plugins\/seo\/ -->\n<title>\u30db\u30c6\u30eb \u30a2\u30c8\u30e9\u30f3\u30c6\u30a3\u30b9 \u30fb\u30b5\u30f3\u30fb\u30b8\u30a7\u30eb\u30de\u30f3\u30fb\u30c7\u30fb\u30d7\u30ec\u306e\u30db\u30c6\u30eb<\/title>\n<meta name=\"description\" content=\"\u30b5\u30f3\u30fb\u30b8\u30a7\u30eb\u30de\u30f3\u30fb\u30c7\u30fb\u30d7\u30ec\u306e\u4e2d\u5fc3\u90e8\u3001\u30b5\u30f3\u30fb\u30b7\u30e5\u30eb\u30d4\u30b9\u6559\u4f1a\u304c\u76ee\u306e\u524d\u306b\u3042\u308b\u3001\u30db\u30c6\u30eb \u30a2\u30c8\u30e9\u30f3\u30c6\u30a3\u30b9\u306f\u3001\u30ec\u30b8\u30e3\u30fc\u306b\u3082\u30d3\u30b8\u30cd\u30b9\u306b\u3082\u3001\u30d1\u30ea\u3067\u30b9\u30fc\u30c4\u30b1\u30fc\u30b9\u3092\u7f6e\u3044\u3066\u51fa\u639b\u3051\u308b\u306e\u306b\u7406\u60f3\u7684\u306a\u30ed\u30b1\u30fc\u30b7\u30e7\u30f3\u3067\u3059\u3002\" \/>\n<meta name=\"robots\" content=\"index, follow, max-snippet:-1, max-image-preview:large, max-video-preview:-1\" \/>\n<link rel=\"canonical\" href=\"https:\/\/www.hotelatlantisparis.com\/ja\/services\/\" \/>\n<meta property=\"og:locale\" content=\"ja_JP\" \/>\n<meta property=\"og:type\" content=\"article\" \/>\n<meta property=\"og:title\" content=\"\u30db\u30c6\u30eb \u30a2\u30c8\u30e9\u30f3\u30c6\u30a3\u30b9 \u30fb\u30b5\u30f3\u30fb\u30b8\u30a7\u30eb\u30de\u30f3\u30fb\u30c7\u30fb\u30d7\u30ec\u306e\u30db\u30c6\u30eb\" \/>\n<meta property=\"og:description\" content=\"\u30b5\u30f3\u30fb\u30b8\u30a7\u30eb\u30de\u30f3\u30fb\u30c7\u30fb\u30d7\u30ec\u306e\u4e2d\u5fc3\u90e8\u3001\u30b5\u30f3\u30fb\u30b7\u30e5\u30eb\u30d4\u30b9\u6559\u4f1a\u304c\u76ee\u306e\u524d\u306b\u3042\u308b\u3001\u30db\u30c6\u30eb \u30a2\u30c8\u30e9\u30f3\u30c6\u30a3\u30b9\u306f\u3001\u30ec\u30b8\u30e3\u30fc\u306b\u3082\u30d3\u30b8\u30cd\u30b9\u306b\u3082\u3001\u30d1\u30ea\u3067\u30b9\u30fc\u30c4\u30b1\u30fc\u30b9\u3092\u7f6e\u3044\u3066\u51fa\u639b\u3051\u308b\u306e\u306b\u7406\u60f3\u7684\u306a\u30ed\u30b1\u30fc\u30b7\u30e7\u30f3\u3067\u3059\u3002\" \/>\n<meta property=\"og:url\" content=\"https:\/\/www.hotelatlantisparis.com\/ja\/services\/\" \/>\n<meta property=\"og:site_name\" content=\"H\u00f4tel Atlantis Saint-Germain-des-Pr\u00e9s\" \/>\n<meta property=\"article:modified_time\" content=\"2022-06-22T09:43:16+00:00\" \/>\n<meta name=\"twitter:card\" content=\"summary_large_image\" \/>\n<meta name=\"twitter:label1\" content=\"\u63a8\u5b9a\u8aad\u307f\u53d6\u308a\u6642\u9593\" \/>\n\t<meta name=\"twitter:data1\" content=\"2\u5206\" \/>\n<script type=\"application\/ld+json\" class=\"yoast-schema-graph\">{\"@context\":\"https:\/\/schema.org\",\"@graph\":[{\"@type\":\"WebPage\",\"@id\":\"https:\/\/www.hotelatlantisparis.com\/ja\/services\/\",\"url\":\"https:\/\/www.hotelatlantisparis.com\/ja\/services\/\",\"name\":\"\u30db\u30c6\u30eb \u30a2\u30c8\u30e9\u30f3\u30c6\u30a3\u30b9 \u30fb\u30b5\u30f3\u30fb\u30b8\u30a7\u30eb\u30de\u30f3\u30fb\u30c7\u30fb\u30d7\u30ec\u306e\u30db\u30c6\u30eb\",\"isPartOf\":{\"@id\":\"https:\/\/www.hotelatlantisparis.com\/#website\"},\"datePublished\":\"2022-06-10T04:57:27+00:00\",\"dateModified\":\"2022-06-22T09:43:16+00:00\",\"description\":\"\u30b5\u30f3\u30fb\u30b8\u30a7\u30eb\u30de\u30f3\u30fb\u30c7\u30fb\u30d7\u30ec\u306e\u4e2d\u5fc3\u90e8\u3001\u30b5\u30f3\u30fb\u30b7\u30e5\u30eb\u30d4\u30b9\u6559\u4f1a\u304c\u76ee\u306e\u524d\u306b\u3042\u308b\u3001\u30db\u30c6\u30eb \u30a2\u30c8\u30e9\u30f3\u30c6\u30a3\u30b9\u306f\u3001\u30ec\u30b8\u30e3\u30fc\u306b\u3082\u30d3\u30b8\u30cd\u30b9\u306b\u3082\u3001\u30d1\u30ea\u3067\u30b9\u30fc\u30c4\u30b1\u30fc\u30b9\u3092\u7f6e\u3044\u3066\u51fa\u639b\u3051\u308b\u306e\u306b\u7406\u60f3\u7684\u306a\u30ed\u30b1\u30fc\u30b7\u30e7\u30f3\u3067\u3059\u3002\",\"breadcrumb\":{\"@id\":\"https:\/\/www.hotelatlantisparis.com\/ja\/services\/#breadcrumb\"},\"inLanguage\":\"ja\",\"potentialAction\":[{\"@type\":\"ReadAction\",\"target\":[\"https:\/\/www.hotelatlantisparis.com\/ja\/services\/\"]}]},{\"@type\":\"BreadcrumbList\",\"@id\":\"https:\/\/www.hotelatlantisparis.com\/ja\/services\/#breadcrumb\",\"itemListElement\":[{\"@type\":\"ListItem\",\"position\":1,\"name\":\"Accueil\",\"item\":\"https:\/\/www.hotelatlantisparis.com\/ja\/\"},{\"@type\":\"ListItem\",\"position\":2,\"name\":\"Services\"}]},{\"@type\":\"WebSite\",\"@id\":\"https:\/\/www.hotelatlantisparis.com\/#website\",\"url\":\"https:\/\/www.hotelatlantisparis.com\/\",\"name\":\"H\u00f4tel Atlantis Saint-Germain-des-Pr\u00e9s\",\"description\":\"Un h\u00f4tel 3 \u00e9toiles de charme \u00e0 Paris\",\"publisher\":{\"@id\":\"https:\/\/www.hotelatlantisparis.com\/#organization\"},\"potentialAction\":[{\"@type\":\"SearchAction\",\"target\":{\"@type\":\"EntryPoint\",\"urlTemplate\":\"https:\/\/www.hotelatlantisparis.com\/?s={search_term_string}\"},\"query-input\":\"required name=search_term_string\"}],\"inLanguage\":\"ja\"},{\"@type\":\"Organization\",\"@id\":\"https:\/\/www.hotelatlantisparis.com\/#organization\",\"name\":\"H\u00f4tel Atlantis Saint-Germain-des-Pr\u00e9s\",\"url\":\"https:\/\/www.hotelatlantisparis.com\/\",\"logo\":{\"@type\":\"ImageObject\",\"inLanguage\":\"ja\",\"@id\":\"https:\/\/www.hotelatlantisparis.com\/#\/schema\/logo\/image\/\",\"url\":\"https:\/\/www.hotelatlantisparis.com\/wp-content\/uploads\/2022\/06\/logo-Hotel-Atlantis-Paris-2.png\",\"contentUrl\":\"https:\/\/www.hotelatlantisparis.com\/wp-content\/uploads\/2022\/06\/logo-Hotel-Atlantis-Paris-2.png\",\"width\":560,\"height\":150,\"caption\":\"H\u00f4tel Atlantis Saint-Germain-des-Pr\u00e9s\"},\"image\":{\"@id\":\"https:\/\/www.hotelatlantisparis.com\/#\/schema\/logo\/image\/\"}}]}<\/script>\n<!-- \/ Yoast SEO plugin. -->","yoast_head_json":{"title":"\u30db\u30c6\u30eb \u30a2\u30c8\u30e9\u30f3\u30c6\u30a3\u30b9 \u30fb\u30b5\u30f3\u30fb\u30b8\u30a7\u30eb\u30de\u30f3\u30fb\u30c7\u30fb\u30d7\u30ec\u306e\u30db\u30c6\u30eb","description":"\u30b5\u30f3\u30fb\u30b8\u30a7\u30eb\u30de\u30f3\u30fb\u30c7\u30fb\u30d7\u30ec\u306e\u4e2d\u5fc3\u90e8\u3001\u30b5\u30f3\u30fb\u30b7\u30e5\u30eb\u30d4\u30b9\u6559\u4f1a\u304c\u76ee\u306e\u524d\u306b\u3042\u308b\u3001\u30db\u30c6\u30eb \u30a2\u30c8\u30e9\u30f3\u30c6\u30a3\u30b9\u306f\u3001\u30ec\u30b8\u30e3\u30fc\u306b\u3082\u30d3\u30b8\u30cd\u30b9\u306b\u3082\u3001\u30d1\u30ea\u3067\u30b9\u30fc\u30c4\u30b1\u30fc\u30b9\u3092\u7f6e\u3044\u3066\u51fa\u639b\u3051\u308b\u306e\u306b\u7406\u60f3\u7684\u306a\u30ed\u30b1\u30fc\u30b7\u30e7\u30f3\u3067\u3059\u3002","robots":{"index":"index","follow":"follow","max-snippet":"max-snippet:-1","max-image-preview":"max-image-preview:large","max-video-preview":"max-video-preview:-1"},"canonical":"https:\/\/www.hotelatlantisparis.com\/ja\/services\/","og_locale":"ja_JP","og_type":"article","og_title":"\u30db\u30c6\u30eb \u30a2\u30c8\u30e9\u30f3\u30c6\u30a3\u30b9 \u30fb\u30b5\u30f3\u30fb\u30b8\u30a7\u30eb\u30de\u30f3\u30fb\u30c7\u30fb\u30d7\u30ec\u306e\u30db\u30c6\u30eb","og_description":"\u30b5\u30f3\u30fb\u30b8\u30a7\u30eb\u30de\u30f3\u30fb\u30c7\u30fb\u30d7\u30ec\u306e\u4e2d\u5fc3\u90e8\u3001\u30b5\u30f3\u30fb\u30b7\u30e5\u30eb\u30d4\u30b9\u6559\u4f1a\u304c\u76ee\u306e\u524d\u306b\u3042\u308b\u3001\u30db\u30c6\u30eb \u30a2\u30c8\u30e9\u30f3\u30c6\u30a3\u30b9\u306f\u3001\u30ec\u30b8\u30e3\u30fc\u306b\u3082\u30d3\u30b8\u30cd\u30b9\u306b\u3082\u3001\u30d1\u30ea\u3067\u30b9\u30fc\u30c4\u30b1\u30fc\u30b9\u3092\u7f6e\u3044\u3066\u51fa\u639b\u3051\u308b\u306e\u306b\u7406\u60f3\u7684\u306a\u30ed\u30b1\u30fc\u30b7\u30e7\u30f3\u3067\u3059\u3002","og_url":"https:\/\/www.hotelatlantisparis.com\/ja\/services\/","og_site_name":"H\u00f4tel Atlantis Saint-Germain-des-Pr\u00e9s","article_modified_time":"2022-06-22T09:43:16+00:00","twitter_card":"summary_large_image","twitter_misc":{"\u63a8\u5b9a\u8aad\u307f\u53d6\u308a\u6642\u9593":"2\u5206"},"schema":{"@context":"https:\/\/schema.org","@graph":[{"@type":"WebPage","@id":"https:\/\/www.hotelatlantisparis.com\/ja\/services\/","url":"https:\/\/www.hotelatlantisparis.com\/ja\/services\/","name":"\u30db\u30c6\u30eb \u30a2\u30c8\u30e9\u30f3\u30c6\u30a3\u30b9 \u30fb\u30b5\u30f3\u30fb\u30b8\u30a7\u30eb\u30de\u30f3\u30fb\u30c7\u30fb\u30d7\u30ec\u306e\u30db\u30c6\u30eb","isPartOf":{"@id":"https:\/\/www.hotelatlantisparis.com\/#website"},"datePublished":"2022-06-10T04:57:27+00:00","dateModified":"2022-06-22T09:43:16+00:00","description":"\u30b5\u30f3\u30fb\u30b8\u30a7\u30eb\u30de\u30f3\u30fb\u30c7\u30fb\u30d7\u30ec\u306e\u4e2d\u5fc3\u90e8\u3001\u30b5\u30f3\u30fb\u30b7\u30e5\u30eb\u30d4\u30b9\u6559\u4f1a\u304c\u76ee\u306e\u524d\u306b\u3042\u308b\u3001\u30db\u30c6\u30eb \u30a2\u30c8\u30e9\u30f3\u30c6\u30a3\u30b9\u306f\u3001\u30ec\u30b8\u30e3\u30fc\u306b\u3082\u30d3\u30b8\u30cd\u30b9\u306b\u3082\u3001\u30d1\u30ea\u3067\u30b9\u30fc\u30c4\u30b1\u30fc\u30b9\u3092\u7f6e\u3044\u3066\u51fa\u639b\u3051\u308b\u306e\u306b\u7406\u60f3\u7684\u306a\u30ed\u30b1\u30fc\u30b7\u30e7\u30f3\u3067\u3059\u3002","breadcrumb":{"@id":"https:\/\/www.hotelatlantisparis.com\/ja\/services\/#breadcrumb"},"inLanguage":"ja","potentialAction":[{"@type":"ReadAction","target":["https:\/\/www.hotelatlantisparis.com\/ja\/services\/"]}]},{"@type":"BreadcrumbList","@id":"https:\/\/www.hotelatlantisparis.com\/ja\/services\/#breadcrumb","itemListElement":[{"@type":"ListItem","position":1,"name":"Accueil","item":"https:\/\/www.hotelatlantisparis.com\/ja\/"},{"@type":"ListItem","position":2,"name":"Services"}]},{"@type":"WebSite","@id":"https:\/\/www.hotelatlantisparis.com\/#website","url":"https:\/\/www.hotelatlantisparis.com\/","name":"H\u00f4tel Atlantis Saint-Germain-des-Pr\u00e9s","description":"Un h\u00f4tel 3 \u00e9toiles de charme \u00e0 Paris","publisher":{"@id":"https:\/\/www.hotelatlantisparis.com\/#organization"},"potentialAction":[{"@type":"SearchAction","target":{"@type":"EntryPoint","urlTemplate":"https:\/\/www.hotelatlantisparis.com\/?s={search_term_string}"},"query-input":"required name=search_term_string"}],"inLanguage":"ja"},{"@type":"Organization","@id":"https:\/\/www.hotelatlantisparis.com\/#organization","name":"H\u00f4tel Atlantis Saint-Germain-des-Pr\u00e9s","url":"https:\/\/www.hotelatlantisparis.com\/","logo":{"@type":"ImageObject","inLanguage":"ja","@id":"https:\/\/www.hotelatlantisparis.com\/#\/schema\/logo\/image\/","url":"https:\/\/www.hotelatlantisparis.com\/wp-content\/uploads\/2022\/06\/logo-Hotel-Atlantis-Paris-2.png","contentUrl":"https:\/\/www.hotelatlantisparis.com\/wp-content\/uploads\/2022\/06\/logo-Hotel-Atlantis-Paris-2.png","width":560,"height":150,"caption":"H\u00f4tel Atlantis Saint-Germain-des-Pr\u00e9s"},"image":{"@id":"https:\/\/www.hotelatlantisparis.com\/#\/schema\/logo\/image\/"}}]}},"_links":{"self":[{"href":"https:\/\/www.hotelatlantisparis.com\/ja\/wp-json\/wp\/v2\/pages\/665","targetHints":{"allow":["GET"]}}],"collection":[{"href":"https:\/\/www.hotelatlantisparis.com\/ja\/wp-json\/wp\/v2\/pages"}],"about":[{"href":"https:\/\/www.hotelatlantisparis.com\/ja\/wp-json\/wp\/v2\/types\/page"}],"author":[{"embeddable":true,"href":"https:\/\/www.hotelatlantisparis.com\/ja\/wp-json\/wp\/v2\/users\/1"}],"replies":[{"embeddable":true,"href":"https:\/\/www.hotelatlantisparis.com\/ja\/wp-json\/wp\/v2\/comments?post=665"}],"version-history":[{"count":2,"href":"https:\/\/www.hotelatlantisparis.com\/ja\/wp-json\/wp\/v2\/pages\/665\/revisions"}],"predecessor-version":[{"id":883,"href":"https:\/\/www.hotelatlantisparis.com\/ja\/wp-json\/wp\/v2\/pages\/665\/revisions\/883"}],"wp:attachment":[{"href":"https:\/\/www.hotelatlantisparis.com\/ja\/wp-json\/wp\/v2\/media?parent=665"}],"curies":[{"name":"wp","href":"https:\/\/api.w.org\/{rel}","templated":true}]}}