{"id":670,"date":"2022-06-10T08:16:52","date_gmt":"2022-06-10T06:16:52","guid":{"rendered":"https:\/\/www.hotelatlantisparis.com\/situation\/"},"modified":"2022-06-22T11:48:42","modified_gmt":"2022-06-22T09:48:42","slug":"situation","status":"publish","type":"page","link":"https:\/\/www.hotelatlantisparis.com\/ja\/situation\/","title":{"rendered":"Situation"},"content":{"rendered":"\n\n\n<iframe src=\"https:\/\/www.google.com\/maps\/embed?pb=!1m18!1m12!1m3!1d10501.41523103213!2d2.323764868771253!3d48.85146330914813!2m3!1f0!2f0!3f0!3m2!1i1024!2i768!4f13.1!3m3!1m2!1s0x47e671d754ae27b1%3A0x8ce38e396805f33c!2s4%20Rue%20du%20Vieux%20Colombier%2C%2075006%20Paris!5e0!3m2!1sfr!2sfr!4v1654672939234!5m2!1sfr!2sfr\" width=\"100%\" height=\"400\" style=\"border:0;\" allowfullscreen=\"\" loading=\"lazy\" referrerpolicy=\"no-referrer-when-downgrade\"><\/iframe>\n\n\t<section class=\"section\" id=\"section_130316510\">\n\t\t<div class=\"bg section-bg fill bg-fill  bg-loaded\" >\n\n\t\t\t\n\t\t\t\n\t\t\t\n\n\t\t<\/div>\n\n\t\t\n\n\t\t<div class=\"section-content relative\">\n\t\t\t\n\n<div class=\"row\"  id=\"row-865723778\">\n\n\n\t<div id=\"col-593861968\" class=\"col small-12 large-12\"  data-animate=\"fadeInUp\">\n\t\t\t\t<div class=\"col-inner\"  >\n\t\t\t\n\t\t\t\n\n<h1 style=\"text-align: center;\">\u30d1\u30ea\u306e\u4e2d\u5fc3\u90e8\u306e\u5922\u306e\u3088\u3046\u306a\u30ed\u30b1\u30fc\u30b7\u30e7\u30f3<\/h1>\n<p style=\"text-align:center;\"><img decoding=\"async\" class=\"aligncenter size-medium wp-image-133\" src=\"https:\/\/www.hotelatlantisparis.com\/wp-content\/uploads\/2022\/06\/deco-300x54.png\" alt=\"\" width=\"300\" height=\"54\" srcset=\"https:\/\/www.hotelatlantisparis.com\/wp-content\/uploads\/2022\/06\/deco-300x54.png 300w, https:\/\/www.hotelatlantisparis.com\/wp-content\/uploads\/2022\/06\/deco.png 500w\" sizes=\"(max-width: 300px) 100vw, 300px\" \/><\/p>\n<p>\u30b7\u30c3\u30af\u306a6\u533a\u306e\u30b5\u30f3\u30fb\u30b8\u30a7\u30eb\u30de\u30f3\u30fb\u30c7\u30fb\u30d7\u30ec\u306e\u4e2d\u5fc3\u306b\u4f4d\u7f6e\u3059\u308b\u3001\u30db\u30c6\u30eb \u30a2\u30c8\u30e9\u30f3\u30c6\u30a3\u30b9\u306f\u3001\u30b9\u30fc\u30c4\u30b1\u30fc\u30b9\u3092\u7f6e\u3044\u3066\u5bdb\u3050\u306e\u306b\u3075\u3055\u308f\u3057\u3044\u3001\u606f\u3092\u5451\u3080\u3088\u3046\u306a\u7a7a\u9593\u3092\u63d0\u4f9b\u3057\u307e\u3059\u3002\u30db\u30c6\u30eb\u306e\u6b63\u9762\u306b\u306f\u3001\u5370\u8c61\u7684\u306a\u30b5\u30f3\u30fb\u30b7\u30e5\u30eb\u30d4\u30b9\u5e83\u5834\u3068\u3001\u8358\u53b3\u306a\u6559\u4f1a\u3001\u7f8e\u3057\u3044\u5674\u6c34\u304c\u3001\u3053\u306e\u5730\u533a\u3068\u30d1\u30ea\u5168\u4f53\u3092\u6563\u7b56\u3059\u308b\u305f\u3081\u306e\u51fa\u767a\u70b9\u3068\u3057\u3066\u3001\u8a2a\u308c\u308b\u4eba\u3005\u3092\u5f85\u3063\u3066\u3044\u307e\u3059\u3002<\/p>\n<p>\u4ea4\u901a\u306e\u4fbf\u306e\u826f\u3044\u3053\u306e\u30ed\u30b1\u30fc\u30b7\u30e7\u30f3\u304b\u3089\u306f\u3001\u30d1\u30ea\u306e\u3042\u3089\u3086\u308b\u5834\u6240\u306b\u7c21\u5358\u306b\u30a2\u30af\u30bb\u30b9\u3067\u304d\u307e\u3059\u3002\u30ce\u30fc\u30c8\u30eb\u30c0\u30e0\u5927\u8056\u5802\u3001\u30eb\u30fc\u30f4\u30eb\u7f8e\u8853\u9928\u3001\u30a8\u30c3\u30d5\u30a7\u30eb\u5854\u3001\u30e2\u30f3\u30de\u30eb\u30c8\u30eb\u3001\u305d\u3057\u3066\u30c7\u30d1\u30fc\u30c8\u306e\u3042\u308b\u5730\u533a\u306b\u516c\u5171\u4ea4\u901a\u6a5f\u95a2\u3067\u7c21\u5358\u306b\u30a2\u30af\u30bb\u30b9\u3067\u304d\u308b\u4ed6\u3001\u30d1\u30f3\u30c6\u30aa\u30f3\u3084\u7f8e\u3057\u3044\u30ea\u30e5\u30af\u30b5\u30f3\u30d6\u30fc\u30eb\u516c\u5712\u3001\u30e2\u30f3\u30d1\u30eb\u30ca\u30b9\u30bf\u30ef\u30fc\u3001\u30bb\u30fc\u30cc\u6cb3\u306a\u3069\u3001\u5f92\u6b69\u3067\u884c\u3051\u308b\u6570\u591a\u304f\u306e\u540d\u6240\u304c\u3042\u308a\u307e\u3059\u3002<\/p>\n<p>\u3053\u306e\u5834\u6240\u304b\u3089\u3001\u30d1\u30ea\u5168\u4f53\u306e\u6249\u304c\u958b\u304d\u307e\u3059\u3002<\/p>\n\n\n  \n    <div id=\"gallery-32650740\" class=\"slider slider-auto-height row-collapse slider-nav-reveal\" data-flickity-options='{\"imagesLoaded\": true, \"dragThreshold\" : 5, \"cellAlign\": \"left\",\"wrapAround\": true,\"prevNextButtons\": true,\"percentPosition\": true,\"pageDots\": true, \"rightToLeft\": false, \"autoPlay\" : 3000}'>\n\n  <div class=\"gallery-col col\" >\n          <div class=\"col-inner\">\n            <a class=\"image-lightbox lightbox-gallery\" href=\"https:\/\/www.hotelatlantisparis.com\/wp-content\/uploads\/2022\/06\/PLACE-EGLISE_3-1024x683.jpg\" title=\"\">            <div class=\"box has-hover gallery-box box-overlay dark\">\n              <div class=\"box-image box-shadow-3\" >\n                <img decoding=\"async\" width=\"300\" height=\"200\" src=\"https:\/\/www.hotelatlantisparis.com\/wp-content\/uploads\/2022\/06\/PLACE-EGLISE_3-300x200.jpg\" class=\"attachment-medium size-medium\" alt=\"\" ids=\"70,71,69,68\" type=\"slider-full\" depth=\"3\" slider_nav_color=\"light\" slider_bullets=\"true\" auto_slide=\"3000\" srcset=\"https:\/\/www.hotelatlantisparis.com\/wp-content\/uploads\/2022\/06\/PLACE-EGLISE_3-300x200.jpg 300w, https:\/\/www.hotelatlantisparis.com\/wp-content\/uploads\/2022\/06\/PLACE-EGLISE_3-1024x683.jpg 1024w, https:\/\/www.hotelatlantisparis.com\/wp-content\/uploads\/2022\/06\/PLACE-EGLISE_3-768x512.jpg 768w, https:\/\/www.hotelatlantisparis.com\/wp-content\/uploads\/2022\/06\/PLACE-EGLISE_3.jpg 1500w\" sizes=\"(max-width: 300px) 100vw, 300px\" \/>                                  <div class=\"overlay fill\"\n                      style=\"background-color: rgba(0,0,0,.15)\">\n                  <\/div>\n                                                              <\/div>\n              <div class=\"box-text text-left\" >\n                 <p><\/p>\n              <\/div>\n            <\/div>\n            <\/a>          <\/div>\n         <\/div><div class=\"gallery-col col\" >\n          <div class=\"col-inner\">\n            <a class=\"image-lightbox lightbox-gallery\" href=\"https:\/\/www.hotelatlantisparis.com\/wp-content\/uploads\/2022\/06\/PLACE-EGLISE_4-1024x683.jpg\" title=\"\">            <div class=\"box has-hover gallery-box box-overlay dark\">\n              <div class=\"box-image box-shadow-3\" >\n                <img decoding=\"async\" width=\"300\" height=\"200\" src=\"https:\/\/www.hotelatlantisparis.com\/wp-content\/uploads\/2022\/06\/PLACE-EGLISE_4-300x200.jpg\" class=\"attachment-medium size-medium\" alt=\"\" ids=\"70,71,69,68\" type=\"slider-full\" depth=\"3\" slider_nav_color=\"light\" slider_bullets=\"true\" auto_slide=\"3000\" srcset=\"https:\/\/www.hotelatlantisparis.com\/wp-content\/uploads\/2022\/06\/PLACE-EGLISE_4-300x200.jpg 300w, https:\/\/www.hotelatlantisparis.com\/wp-content\/uploads\/2022\/06\/PLACE-EGLISE_4-1024x683.jpg 1024w, https:\/\/www.hotelatlantisparis.com\/wp-content\/uploads\/2022\/06\/PLACE-EGLISE_4-768x512.jpg 768w, https:\/\/www.hotelatlantisparis.com\/wp-content\/uploads\/2022\/06\/PLACE-EGLISE_4.jpg 1500w\" sizes=\"(max-width: 300px) 100vw, 300px\" \/>                                  <div class=\"overlay fill\"\n                      style=\"background-color: rgba(0,0,0,.15)\">\n                  <\/div>\n                                                              <\/div>\n              <div class=\"box-text text-left\" >\n                 <p><\/p>\n              <\/div>\n            <\/div>\n            <\/a>          <\/div>\n         <\/div><div class=\"gallery-col col\" >\n          <div class=\"col-inner\">\n            <a class=\"image-lightbox lightbox-gallery\" href=\"https:\/\/www.hotelatlantisparis.com\/wp-content\/uploads\/2022\/06\/PLACE-EGLISE_2-1024x683.jpg\" title=\"\">            <div class=\"box has-hover gallery-box box-overlay dark\">\n              <div class=\"box-image box-shadow-3\" >\n                <img decoding=\"async\" width=\"300\" height=\"200\" src=\"https:\/\/www.hotelatlantisparis.com\/wp-content\/uploads\/2022\/06\/PLACE-EGLISE_2-300x200.jpg\" class=\"attachment-medium size-medium\" alt=\"\" ids=\"70,71,69,68\" type=\"slider-full\" depth=\"3\" slider_nav_color=\"light\" slider_bullets=\"true\" auto_slide=\"3000\" srcset=\"https:\/\/www.hotelatlantisparis.com\/wp-content\/uploads\/2022\/06\/PLACE-EGLISE_2-300x200.jpg 300w, https:\/\/www.hotelatlantisparis.com\/wp-content\/uploads\/2022\/06\/PLACE-EGLISE_2-1024x683.jpg 1024w, https:\/\/www.hotelatlantisparis.com\/wp-content\/uploads\/2022\/06\/PLACE-EGLISE_2-768x512.jpg 768w, https:\/\/www.hotelatlantisparis.com\/wp-content\/uploads\/2022\/06\/PLACE-EGLISE_2.jpg 1500w\" sizes=\"(max-width: 300px) 100vw, 300px\" \/>                                  <div class=\"overlay fill\"\n                      style=\"background-color: rgba(0,0,0,.15)\">\n                  <\/div>\n                                                              <\/div>\n              <div class=\"box-text text-left\" >\n                 <p><\/p>\n              <\/div>\n            <\/div>\n            <\/a>          <\/div>\n         <\/div><div class=\"gallery-col col\" >\n          <div class=\"col-inner\">\n            <a class=\"image-lightbox lightbox-gallery\" href=\"https:\/\/www.hotelatlantisparis.com\/wp-content\/uploads\/2022\/06\/PLACE-EGLISE_1-1024x683.jpg\" title=\"\">            <div class=\"box has-hover gallery-box box-overlay dark\">\n              <div class=\"box-image box-shadow-3\" >\n                <img decoding=\"async\" width=\"300\" height=\"200\" src=\"https:\/\/www.hotelatlantisparis.com\/wp-content\/uploads\/2022\/06\/PLACE-EGLISE_1-300x200.jpg\" class=\"attachment-medium size-medium\" alt=\"\" ids=\"70,71,69,68\" type=\"slider-full\" depth=\"3\" slider_nav_color=\"light\" slider_bullets=\"true\" auto_slide=\"3000\" srcset=\"https:\/\/www.hotelatlantisparis.com\/wp-content\/uploads\/2022\/06\/PLACE-EGLISE_1-300x200.jpg 300w, https:\/\/www.hotelatlantisparis.com\/wp-content\/uploads\/2022\/06\/PLACE-EGLISE_1-1024x683.jpg 1024w, https:\/\/www.hotelatlantisparis.com\/wp-content\/uploads\/2022\/06\/PLACE-EGLISE_1-768x512.jpg 768w, https:\/\/www.hotelatlantisparis.com\/wp-content\/uploads\/2022\/06\/PLACE-EGLISE_1.jpg 1500w\" sizes=\"(max-width: 300px) 100vw, 300px\" \/>                                  <div class=\"overlay fill\"\n                      style=\"background-color: rgba(0,0,0,.15)\">\n                  <\/div>\n                                                              <\/div>\n              <div class=\"box-text text-left\" >\n                 <p><\/p>\n              <\/div>\n            <\/div>\n            <\/a>          <\/div>\n         <\/div><\/div>\n\n\n\t\t<\/div>\n\t\t\t\t\n<style>\n#col-593861968 > .col-inner {\n  margin: 20px 0px 0px 0px;\n}\n<\/style>\n\t<\/div>\n\n\t\n\n<\/div>\n\n\t\t<\/div>\n\n\t\t\n<style>\n#section_130316510 {\n  padding-top: 30px;\n  padding-bottom: 30px;\n}\n#section_130316510 .ux-shape-divider--top svg {\n  height: 150px;\n  --divider-top-width: 100%;\n}\n#section_130316510 .ux-shape-divider--bottom svg {\n  height: 150px;\n  --divider-width: 100%;\n}\n<\/style>\n\t<\/section>\n\t\n\t<section class=\"section\" id=\"section_283488910\">\n\t\t<div class=\"bg section-bg fill bg-fill  bg-loaded\" >\n\n\t\t\t\n\t\t\t\n\t\t\t\n\n\t\t<\/div>\n\n\t\t\n\n\t\t<div class=\"section-content relative\">\n\t\t\t\n\n<div class=\"row\"  id=\"row-218741325\">\n\n\n\t<div id=\"col-1786358726\" class=\"col small-12 large-12\"  >\n\t\t\t\t<div class=\"col-inner\"  >\n\t\t\t\n\t\t\t\n\n\t<div id=\"text-1176396344\" class=\"text\">\n\t\t\n\n<p style=\"text-align:center;\"><img decoding=\"async\" class=\"size-medium wp-image-133 aligncenter\" src=\"https:\/\/www.hotelatlantisparis.com\/wp-content\/uploads\/2022\/06\/deco-300x54.png\" alt=\"\" width=\"300\" height=\"54\" srcset=\"https:\/\/www.hotelatlantisparis.com\/wp-content\/uploads\/2022\/06\/deco-300x54.png 300w, https:\/\/www.hotelatlantisparis.com\/wp-content\/uploads\/2022\/06\/deco.png 500w\" sizes=\"(max-width: 300px) 100vw, 300px\" \/><\/p>\n<h2>\u30d1\u30ea\u3089\u3057\u3044\u5178\u578b\u7684\u306a\u5730\u533a<\/h2>\n<p>\u7f8e\u8853\u9928\u306e\u3042\u308b\u5730\u533a\u3068\u3044\u3046\u3060\u3051\u3067\u306f\u306a\u3044\u3001\u30b5\u30f3\u30fb\u30b8\u30a7\u30eb\u30de\u30f3\u30fb\u30c7\u30fb\u30d7\u30ec\u3068\u3001\u7279\u306b\u30b5\u30f3\u30fb\u30b7\u30e5\u30eb\u30d4\u30b9\u5e83\u5834\u5468\u8fba\u306f\u3001\u30d1\u30ea\u306e\u4e2d\u5fc3\u90e8\u306b\u3042\u308b\u5c0f\u3055\u306a\u6751\u306e\u3088\u3046\u306a\u5834\u6240\u3067\u3001\u6563\u7b56\u3057\u306a\u304c\u3089\u3055\u307e\u3056\u307e\u306a\u3082\u306e\u3092\u4f53\u9a13\u3057\u3001\u767a\u898b\u3067\u304d\u308b\u5834\u6240\u3067\u3059\u3002<\/p>\n<p>\u5468\u8fba\u306e\u901a\u308a\u306b\u306f\u3001\u30c7\u30b6\u30a4\u30ca\u30fc\u306e\u30d6\u30c6\u30a3\u30c3\u30af\u3084\u6709\u540d\u306a\u66f8\u5e97\u304c\u7acb\u3061\u4e26\u3073\u3001\u98df\u6750\u5e97\u3084\u30ec\u30b9\u30c8\u30e9\u30f3\u304c\u5275\u9020\u6027\u3068\u7f8e\u98df\u6587\u5316\u3092\u7af6\u3044\u5408\u3044\u3001\u3053\u306e\u5730\u533a\u3092\u8cd1\u308f\u305b\u3066\u3044\u307e\u3059\u3002\u30db\u30c6\u30eb\u306e\u3059\u3050\u8fd1\u304f\u3067\u3001\u6709\u540d\u306a\u30af\u30ea\u30b9\u30c8\u30d5\u30fb\u30df\u30b7\u30e3\u30e9\u30af\u306e\u30d1\u30c6\u30a3\u30b9\u30ea\u30fc\u3084\u3001\u540d\u9ad8\u3044\u30e1\u30be\u30f3\u30fb\u30f4\u30a7\u30ed\u306e\u30d1\u30c6\u30fb\u30a2\u30f3\u30fb\u30af\u30eb\u30fc\u30c8\u3092\u5473\u898b\u3057\u305f\u308a\u3001\u8001\u8217\u306e\u30ab\u30d5\u30a7\u30fb\u30c9\u30fb\u30d5\u30ed\u30fc\u30eb\u3084\u30c9\u30a5\u30fb\u30de\u30b4\u3067\u30b3\u30fc\u30d2\u30fc\u3092\u98f2\u3093\u3060\u308a\u3001\u30dc\u30f3\u30de\u30eb\u30b7\u30a7\u3067\u30b7\u30e7\u30c3\u30d4\u30f3\u30b0\u3057\u305f\u308a\u3001\u9b45\u529b\u7684\u306a\u9053\u3067\u8ff7\u3063\u305f\u308a\u3001\u30aa\u30c7\u30c3\u30b5\u901a\u308a\u3067\u601d\u3044\u51fa\u306b\u6b8b\u308b\u30af\u30ec\u30fc\u30d7\u3092\u5473\u308f\u3063\u305f\u308a\u2026<\/p>\n<p>\u7a4f\u3084\u304b\u3067\u9759\u304b\u306a\u30db\u30c6\u30eb \u30a2\u30c8\u30e9\u30f3\u30c6\u30a3\u30b9\u306b\u623b\u308b\u524d\u306b\u3001\u3053\u306e\u5730\u533a\u306e\u9a5a\u304d\u3068\u9b45\u529b\u3092\u5341\u5206\u306b\u582a\u80fd\u3057\u3066\u304f\u3060\u3055\u3044\u3002 <\/p>\n\n\t\t\n<style>\n#text-1176396344 {\n  text-align: center;\n}\n<\/style>\n\t<\/div>\n\t\n\n\t\t<\/div>\n\t\t\t\t\t<\/div>\n\n\t\n\n<\/div>\n\n\t\t<\/div>\n\n\t\t\n<style>\n#section_283488910 {\n  padding-top: 30px;\n  padding-bottom: 30px;\n}\n#section_283488910 .ux-shape-divider--top svg {\n  height: 150px;\n  --divider-top-width: 100%;\n}\n#section_283488910 .ux-shape-divider--bottom svg {\n  height: 150px;\n  --divider-width: 100%;\n}\n<\/style>\n\t<\/section>\n\t\n\n","protected":false},"excerpt":{"rendered":"","protected":false},"author":1,"featured_media":0,"parent":0,"menu_order":0,"comment_status":"closed","ping_status":"closed","template":"page-blank.php","meta":{"footnotes":""},"class_list":["post-670","page","type-page","status-publish","hentry"],"yoast_head":"<!-- This site is optimized with the Yoast SEO plugin v19.9 - https:\/\/yoast.com\/wordpress\/plugins\/seo\/ -->\n<title>\u30db\u30c6\u30eb \u30a2\u30c8\u30e9\u30f3\u30c6\u30a3\u30b9 \u30fb\u30b5\u30f3\u30fb\u30b8\u30a7\u30eb\u30de\u30f3\u30fb\u30c7\u30fb\u30d7\u30ec\u306e\u30db\u30c6\u30eb<\/title>\n<meta name=\"description\" content=\"\u30b5\u30f3\u30fb\u30b8\u30a7\u30eb\u30de\u30f3\u30fb\u30c7\u30fb\u30d7\u30ec\u306e\u4e2d\u5fc3\u90e8\u3001\u30b5\u30f3\u30fb\u30b7\u30e5\u30eb\u30d4\u30b9\u6559\u4f1a\u304c\u76ee\u306e\u524d\u306b\u3042\u308b\u3001\u30db\u30c6\u30eb \u30a2\u30c8\u30e9\u30f3\u30c6\u30a3\u30b9\u306f\u3001\u30ec\u30b8\u30e3\u30fc\u306b\u3082\u30d3\u30b8\u30cd\u30b9\u306b\u3082\u3001\u30d1\u30ea\u3067\u30b9\u30fc\u30c4\u30b1\u30fc\u30b9\u3092\u7f6e\u3044\u3066\u51fa\u639b\u3051\u308b\u306e\u306b\u7406\u60f3\u7684\u306a\u30ed\u30b1\u30fc\u30b7\u30e7\u30f3\u3067\u3059\u3002\" \/>\n<meta name=\"robots\" content=\"index, follow, max-snippet:-1, max-image-preview:large, max-video-preview:-1\" \/>\n<link rel=\"canonical\" href=\"https:\/\/www.hotelatlantisparis.com\/ja\/situation\/\" \/>\n<meta property=\"og:locale\" content=\"ja_JP\" \/>\n<meta property=\"og:type\" content=\"article\" \/>\n<meta property=\"og:title\" content=\"\u30db\u30c6\u30eb \u30a2\u30c8\u30e9\u30f3\u30c6\u30a3\u30b9 \u30fb\u30b5\u30f3\u30fb\u30b8\u30a7\u30eb\u30de\u30f3\u30fb\u30c7\u30fb\u30d7\u30ec\u306e\u30db\u30c6\u30eb\" \/>\n<meta property=\"og:description\" content=\"\u30b5\u30f3\u30fb\u30b8\u30a7\u30eb\u30de\u30f3\u30fb\u30c7\u30fb\u30d7\u30ec\u306e\u4e2d\u5fc3\u90e8\u3001\u30b5\u30f3\u30fb\u30b7\u30e5\u30eb\u30d4\u30b9\u6559\u4f1a\u304c\u76ee\u306e\u524d\u306b\u3042\u308b\u3001\u30db\u30c6\u30eb \u30a2\u30c8\u30e9\u30f3\u30c6\u30a3\u30b9\u306f\u3001\u30ec\u30b8\u30e3\u30fc\u306b\u3082\u30d3\u30b8\u30cd\u30b9\u306b\u3082\u3001\u30d1\u30ea\u3067\u30b9\u30fc\u30c4\u30b1\u30fc\u30b9\u3092\u7f6e\u3044\u3066\u51fa\u639b\u3051\u308b\u306e\u306b\u7406\u60f3\u7684\u306a\u30ed\u30b1\u30fc\u30b7\u30e7\u30f3\u3067\u3059\u3002\" \/>\n<meta property=\"og:url\" content=\"https:\/\/www.hotelatlantisparis.com\/ja\/situation\/\" \/>\n<meta property=\"og:site_name\" content=\"H\u00f4tel Atlantis Saint-Germain-des-Pr\u00e9s\" \/>\n<meta property=\"article:modified_time\" content=\"2022-06-22T09:48:42+00:00\" \/>\n<meta property=\"og:image\" content=\"https:\/\/www.hotelatlantisparis.com\/wp-content\/uploads\/2022\/06\/deco-300x54.png\" \/>\n<meta name=\"twitter:card\" content=\"summary_large_image\" \/>\n<meta name=\"twitter:label1\" content=\"\u63a8\u5b9a\u8aad\u307f\u53d6\u308a\u6642\u9593\" \/>\n\t<meta name=\"twitter:data1\" content=\"3\u5206\" \/>\n<script type=\"application\/ld+json\" class=\"yoast-schema-graph\">{\"@context\":\"https:\/\/schema.org\",\"@graph\":[{\"@type\":\"WebPage\",\"@id\":\"https:\/\/www.hotelatlantisparis.com\/ja\/situation\/\",\"url\":\"https:\/\/www.hotelatlantisparis.com\/ja\/situation\/\",\"name\":\"\u30db\u30c6\u30eb \u30a2\u30c8\u30e9\u30f3\u30c6\u30a3\u30b9 \u30fb\u30b5\u30f3\u30fb\u30b8\u30a7\u30eb\u30de\u30f3\u30fb\u30c7\u30fb\u30d7\u30ec\u306e\u30db\u30c6\u30eb\",\"isPartOf\":{\"@id\":\"https:\/\/www.hotelatlantisparis.com\/#website\"},\"datePublished\":\"2022-06-10T06:16:52+00:00\",\"dateModified\":\"2022-06-22T09:48:42+00:00\",\"description\":\"\u30b5\u30f3\u30fb\u30b8\u30a7\u30eb\u30de\u30f3\u30fb\u30c7\u30fb\u30d7\u30ec\u306e\u4e2d\u5fc3\u90e8\u3001\u30b5\u30f3\u30fb\u30b7\u30e5\u30eb\u30d4\u30b9\u6559\u4f1a\u304c\u76ee\u306e\u524d\u306b\u3042\u308b\u3001\u30db\u30c6\u30eb \u30a2\u30c8\u30e9\u30f3\u30c6\u30a3\u30b9\u306f\u3001\u30ec\u30b8\u30e3\u30fc\u306b\u3082\u30d3\u30b8\u30cd\u30b9\u306b\u3082\u3001\u30d1\u30ea\u3067\u30b9\u30fc\u30c4\u30b1\u30fc\u30b9\u3092\u7f6e\u3044\u3066\u51fa\u639b\u3051\u308b\u306e\u306b\u7406\u60f3\u7684\u306a\u30ed\u30b1\u30fc\u30b7\u30e7\u30f3\u3067\u3059\u3002\",\"breadcrumb\":{\"@id\":\"https:\/\/www.hotelatlantisparis.com\/ja\/situation\/#breadcrumb\"},\"inLanguage\":\"ja\",\"potentialAction\":[{\"@type\":\"ReadAction\",\"target\":[\"https:\/\/www.hotelatlantisparis.com\/ja\/situation\/\"]}]},{\"@type\":\"BreadcrumbList\",\"@id\":\"https:\/\/www.hotelatlantisparis.com\/ja\/situation\/#breadcrumb\",\"itemListElement\":[{\"@type\":\"ListItem\",\"position\":1,\"name\":\"Accueil\",\"item\":\"https:\/\/www.hotelatlantisparis.com\/ja\/\"},{\"@type\":\"ListItem\",\"position\":2,\"name\":\"Situation\"}]},{\"@type\":\"WebSite\",\"@id\":\"https:\/\/www.hotelatlantisparis.com\/#website\",\"url\":\"https:\/\/www.hotelatlantisparis.com\/\",\"name\":\"H\u00f4tel Atlantis Saint-Germain-des-Pr\u00e9s\",\"description\":\"Un h\u00f4tel 3 \u00e9toiles de charme \u00e0 Paris\",\"publisher\":{\"@id\":\"https:\/\/www.hotelatlantisparis.com\/#organization\"},\"potentialAction\":[{\"@type\":\"SearchAction\",\"target\":{\"@type\":\"EntryPoint\",\"urlTemplate\":\"https:\/\/www.hotelatlantisparis.com\/?s={search_term_string}\"},\"query-input\":\"required name=search_term_string\"}],\"inLanguage\":\"ja\"},{\"@type\":\"Organization\",\"@id\":\"https:\/\/www.hotelatlantisparis.com\/#organization\",\"name\":\"H\u00f4tel Atlantis Saint-Germain-des-Pr\u00e9s\",\"url\":\"https:\/\/www.hotelatlantisparis.com\/\",\"logo\":{\"@type\":\"ImageObject\",\"inLanguage\":\"ja\",\"@id\":\"https:\/\/www.hotelatlantisparis.com\/#\/schema\/logo\/image\/\",\"url\":\"https:\/\/www.hotelatlantisparis.com\/wp-content\/uploads\/2022\/06\/logo-Hotel-Atlantis-Paris-2.png\",\"contentUrl\":\"https:\/\/www.hotelatlantisparis.com\/wp-content\/uploads\/2022\/06\/logo-Hotel-Atlantis-Paris-2.png\",\"width\":560,\"height\":150,\"caption\":\"H\u00f4tel Atlantis Saint-Germain-des-Pr\u00e9s\"},\"image\":{\"@id\":\"https:\/\/www.hotelatlantisparis.com\/#\/schema\/logo\/image\/\"}}]}<\/script>\n<!-- \/ Yoast SEO plugin. -->","yoast_head_json":{"title":"\u30db\u30c6\u30eb \u30a2\u30c8\u30e9\u30f3\u30c6\u30a3\u30b9 \u30fb\u30b5\u30f3\u30fb\u30b8\u30a7\u30eb\u30de\u30f3\u30fb\u30c7\u30fb\u30d7\u30ec\u306e\u30db\u30c6\u30eb","description":"\u30b5\u30f3\u30fb\u30b8\u30a7\u30eb\u30de\u30f3\u30fb\u30c7\u30fb\u30d7\u30ec\u306e\u4e2d\u5fc3\u90e8\u3001\u30b5\u30f3\u30fb\u30b7\u30e5\u30eb\u30d4\u30b9\u6559\u4f1a\u304c\u76ee\u306e\u524d\u306b\u3042\u308b\u3001\u30db\u30c6\u30eb \u30a2\u30c8\u30e9\u30f3\u30c6\u30a3\u30b9\u306f\u3001\u30ec\u30b8\u30e3\u30fc\u306b\u3082\u30d3\u30b8\u30cd\u30b9\u306b\u3082\u3001\u30d1\u30ea\u3067\u30b9\u30fc\u30c4\u30b1\u30fc\u30b9\u3092\u7f6e\u3044\u3066\u51fa\u639b\u3051\u308b\u306e\u306b\u7406\u60f3\u7684\u306a\u30ed\u30b1\u30fc\u30b7\u30e7\u30f3\u3067\u3059\u3002","robots":{"index":"index","follow":"follow","max-snippet":"max-snippet:-1","max-image-preview":"max-image-preview:large","max-video-preview":"max-video-preview:-1"},"canonical":"https:\/\/www.hotelatlantisparis.com\/ja\/situation\/","og_locale":"ja_JP","og_type":"article","og_title":"\u30db\u30c6\u30eb \u30a2\u30c8\u30e9\u30f3\u30c6\u30a3\u30b9 \u30fb\u30b5\u30f3\u30fb\u30b8\u30a7\u30eb\u30de\u30f3\u30fb\u30c7\u30fb\u30d7\u30ec\u306e\u30db\u30c6\u30eb","og_description":"\u30b5\u30f3\u30fb\u30b8\u30a7\u30eb\u30de\u30f3\u30fb\u30c7\u30fb\u30d7\u30ec\u306e\u4e2d\u5fc3\u90e8\u3001\u30b5\u30f3\u30fb\u30b7\u30e5\u30eb\u30d4\u30b9\u6559\u4f1a\u304c\u76ee\u306e\u524d\u306b\u3042\u308b\u3001\u30db\u30c6\u30eb \u30a2\u30c8\u30e9\u30f3\u30c6\u30a3\u30b9\u306f\u3001\u30ec\u30b8\u30e3\u30fc\u306b\u3082\u30d3\u30b8\u30cd\u30b9\u306b\u3082\u3001\u30d1\u30ea\u3067\u30b9\u30fc\u30c4\u30b1\u30fc\u30b9\u3092\u7f6e\u3044\u3066\u51fa\u639b\u3051\u308b\u306e\u306b\u7406\u60f3\u7684\u306a\u30ed\u30b1\u30fc\u30b7\u30e7\u30f3\u3067\u3059\u3002","og_url":"https:\/\/www.hotelatlantisparis.com\/ja\/situation\/","og_site_name":"H\u00f4tel Atlantis Saint-Germain-des-Pr\u00e9s","article_modified_time":"2022-06-22T09:48:42+00:00","og_image":[{"url":"https:\/\/www.hotelatlantisparis.com\/wp-content\/uploads\/2022\/06\/deco-300x54.png"}],"twitter_card":"summary_large_image","twitter_misc":{"\u63a8\u5b9a\u8aad\u307f\u53d6\u308a\u6642\u9593":"3\u5206"},"schema":{"@context":"https:\/\/schema.org","@graph":[{"@type":"WebPage","@id":"https:\/\/www.hotelatlantisparis.com\/ja\/situation\/","url":"https:\/\/www.hotelatlantisparis.com\/ja\/situation\/","name":"\u30db\u30c6\u30eb \u30a2\u30c8\u30e9\u30f3\u30c6\u30a3\u30b9 \u30fb\u30b5\u30f3\u30fb\u30b8\u30a7\u30eb\u30de\u30f3\u30fb\u30c7\u30fb\u30d7\u30ec\u306e\u30db\u30c6\u30eb","isPartOf":{"@id":"https:\/\/www.hotelatlantisparis.com\/#website"},"datePublished":"2022-06-10T06:16:52+00:00","dateModified":"2022-06-22T09:48:42+00:00","description":"\u30b5\u30f3\u30fb\u30b8\u30a7\u30eb\u30de\u30f3\u30fb\u30c7\u30fb\u30d7\u30ec\u306e\u4e2d\u5fc3\u90e8\u3001\u30b5\u30f3\u30fb\u30b7\u30e5\u30eb\u30d4\u30b9\u6559\u4f1a\u304c\u76ee\u306e\u524d\u306b\u3042\u308b\u3001\u30db\u30c6\u30eb \u30a2\u30c8\u30e9\u30f3\u30c6\u30a3\u30b9\u306f\u3001\u30ec\u30b8\u30e3\u30fc\u306b\u3082\u30d3\u30b8\u30cd\u30b9\u306b\u3082\u3001\u30d1\u30ea\u3067\u30b9\u30fc\u30c4\u30b1\u30fc\u30b9\u3092\u7f6e\u3044\u3066\u51fa\u639b\u3051\u308b\u306e\u306b\u7406\u60f3\u7684\u306a\u30ed\u30b1\u30fc\u30b7\u30e7\u30f3\u3067\u3059\u3002","breadcrumb":{"@id":"https:\/\/www.hotelatlantisparis.com\/ja\/situation\/#breadcrumb"},"inLanguage":"ja","potentialAction":[{"@type":"ReadAction","target":["https:\/\/www.hotelatlantisparis.com\/ja\/situation\/"]}]},{"@type":"BreadcrumbList","@id":"https:\/\/www.hotelatlantisparis.com\/ja\/situation\/#breadcrumb","itemListElement":[{"@type":"ListItem","position":1,"name":"Accueil","item":"https:\/\/www.hotelatlantisparis.com\/ja\/"},{"@type":"ListItem","position":2,"name":"Situation"}]},{"@type":"WebSite","@id":"https:\/\/www.hotelatlantisparis.com\/#website","url":"https:\/\/www.hotelatlantisparis.com\/","name":"H\u00f4tel Atlantis Saint-Germain-des-Pr\u00e9s","description":"Un h\u00f4tel 3 \u00e9toiles de charme \u00e0 Paris","publisher":{"@id":"https:\/\/www.hotelatlantisparis.com\/#organization"},"potentialAction":[{"@type":"SearchAction","target":{"@type":"EntryPoint","urlTemplate":"https:\/\/www.hotelatlantisparis.com\/?s={search_term_string}"},"query-input":"required name=search_term_string"}],"inLanguage":"ja"},{"@type":"Organization","@id":"https:\/\/www.hotelatlantisparis.com\/#organization","name":"H\u00f4tel Atlantis Saint-Germain-des-Pr\u00e9s","url":"https:\/\/www.hotelatlantisparis.com\/","logo":{"@type":"ImageObject","inLanguage":"ja","@id":"https:\/\/www.hotelatlantisparis.com\/#\/schema\/logo\/image\/","url":"https:\/\/www.hotelatlantisparis.com\/wp-content\/uploads\/2022\/06\/logo-Hotel-Atlantis-Paris-2.png","contentUrl":"https:\/\/www.hotelatlantisparis.com\/wp-content\/uploads\/2022\/06\/logo-Hotel-Atlantis-Paris-2.png","width":560,"height":150,"caption":"H\u00f4tel Atlantis Saint-Germain-des-Pr\u00e9s"},"image":{"@id":"https:\/\/www.hotelatlantisparis.com\/#\/schema\/logo\/image\/"}}]}},"_links":{"self":[{"href":"https:\/\/www.hotelatlantisparis.com\/ja\/wp-json\/wp\/v2\/pages\/670","targetHints":{"allow":["GET"]}}],"collection":[{"href":"https:\/\/www.hotelatlantisparis.com\/ja\/wp-json\/wp\/v2\/pages"}],"about":[{"href":"https:\/\/www.hotelatlantisparis.com\/ja\/wp-json\/wp\/v2\/types\/page"}],"author":[{"embeddable":true,"href":"https:\/\/www.hotelatlantisparis.com\/ja\/wp-json\/wp\/v2\/users\/1"}],"replies":[{"embeddable":true,"href":"https:\/\/www.hotelatlantisparis.com\/ja\/wp-json\/wp\/v2\/comments?post=670"}],"version-history":[{"count":2,"href":"https:\/\/www.hotelatlantisparis.com\/ja\/wp-json\/wp\/v2\/pages\/670\/revisions"}],"predecessor-version":[{"id":885,"href":"https:\/\/www.hotelatlantisparis.com\/ja\/wp-json\/wp\/v2\/pages\/670\/revisions\/885"}],"wp:attachment":[{"href":"https:\/\/www.hotelatlantisparis.com\/ja\/wp-json\/wp\/v2\/media?parent=670"}],"curies":[{"name":"wp","href":"https:\/\/api.w.org\/{rel}","templated":true}]}}