{"id":631,"date":"2022-06-10T06:50:58","date_gmt":"2022-06-10T04:50:58","guid":{"rendered":"https:\/\/www.hotelatlantisparis.com\/chambre-deluxe\/"},"modified":"2022-06-22T10:40:59","modified_gmt":"2022-06-22T08:40:59","slug":"quarto-deluxe","status":"publish","type":"page","link":"https:\/\/www.hotelatlantisparis.com\/pt-br\/quarto-deluxe\/","title":{"rendered":"Chambre deluxe"},"content":{"rendered":"\n\t<section class=\"section\" id=\"section_2131270080\">\n\t\t<div class=\"bg section-bg fill bg-fill  bg-loaded\" >\n\n\t\t\t\n\t\t\t\n\t\t\t\n\n\t\t<\/div>\n\n\t\t\n\n\t\t<div class=\"section-content relative\">\n\t\t\t\n\n<div class=\"slider-wrapper relative\" id=\"slider-336361472\" >\n    <div class=\"slider slider-type-fade slider-nav-circle slider-nav-large slider-nav-light slider-style-normal\"\n        data-flickity-options='{\n            \"cellAlign\": \"center\",\n            \"imagesLoaded\": true,\n            \"lazyLoad\": 1,\n            \"freeScroll\": false,\n            \"wrapAround\": true,\n            \"autoPlay\": 6000,\n            \"pauseAutoPlayOnHover\" : true,\n            \"prevNextButtons\": true,\n            \"contain\" : true,\n            \"adaptiveHeight\" : true,\n            \"dragThreshold\" : 10,\n            \"percentPosition\": true,\n            \"pageDots\": true,\n            \"rightToLeft\": false,\n            \"draggable\": true,\n            \"selectedAttraction\": 0.1,\n            \"parallax\" : 0,\n            \"friction\": 0.6        }'\n        >\n        \n\n\n  <div class=\"banner has-hover\" id=\"banner-282194863\">\n          <div class=\"banner-inner fill\">\n        <div class=\"banner-bg fill\" >\n            <div class=\"bg fill bg-fill \"><\/div>\n                                    \n                    <\/div>\n\t\t\n        <div class=\"banner-layers container\">\n            <div class=\"fill banner-link\"><\/div>            \n\n\n        <\/div>\n      <\/div>\n\n            \n<style>\n#banner-282194863 {\n  padding-top: 56.25%;\n}\n#banner-282194863 .bg.bg-loaded {\n  background-image: url(https:\/\/www.hotelatlantisparis.com\/wp-content\/uploads\/2022\/06\/CHAMBRE502_1.jpg);\n}\n#banner-282194863 .ux-shape-divider--top svg {\n  height: 150px;\n  --divider-top-width: 100%;\n}\n#banner-282194863 .ux-shape-divider--bottom svg {\n  height: 150px;\n  --divider-width: 100%;\n}\n<\/style>\n  <\/div>\n\n\n\n  <div class=\"banner has-hover\" id=\"banner-1649225088\">\n          <div class=\"banner-inner fill\">\n        <div class=\"banner-bg fill\" >\n            <div class=\"bg fill bg-fill \"><\/div>\n                                    \n                    <\/div>\n\t\t\n        <div class=\"banner-layers container\">\n            <div class=\"fill banner-link\"><\/div>            \n\n\n        <\/div>\n      <\/div>\n\n            \n<style>\n#banner-1649225088 {\n  padding-top: 56.25%;\n}\n#banner-1649225088 .bg.bg-loaded {\n  background-image: url(https:\/\/www.hotelatlantisparis.com\/wp-content\/uploads\/2022\/06\/CHAMBRE502_2.jpg);\n}\n#banner-1649225088 .ux-shape-divider--top svg {\n  height: 150px;\n  --divider-top-width: 100%;\n}\n#banner-1649225088 .ux-shape-divider--bottom svg {\n  height: 150px;\n  --divider-width: 100%;\n}\n<\/style>\n  <\/div>\n\n\n\n  <div class=\"banner has-hover\" id=\"banner-740688986\">\n          <div class=\"banner-inner fill\">\n        <div class=\"banner-bg fill\" >\n            <div class=\"bg fill bg-fill \"><\/div>\n                                    \n                    <\/div>\n\t\t\n        <div class=\"banner-layers container\">\n            <div class=\"fill banner-link\"><\/div>            \n\n\n        <\/div>\n      <\/div>\n\n            \n<style>\n#banner-740688986 {\n  padding-top: 56.25%;\n}\n#banner-740688986 .bg.bg-loaded {\n  background-image: url(https:\/\/www.hotelatlantisparis.com\/wp-content\/uploads\/2022\/06\/CHAMBRE502_3.jpg);\n}\n#banner-740688986 .ux-shape-divider--top svg {\n  height: 150px;\n  --divider-top-width: 100%;\n}\n#banner-740688986 .ux-shape-divider--bottom svg {\n  height: 150px;\n  --divider-width: 100%;\n}\n<\/style>\n  <\/div>\n\n\n\n  <div class=\"banner has-hover\" id=\"banner-852043015\">\n          <div class=\"banner-inner fill\">\n        <div class=\"banner-bg fill\" >\n            <div class=\"bg fill bg-fill \"><\/div>\n                                    \n                    <\/div>\n\t\t\n        <div class=\"banner-layers container\">\n            <div class=\"fill banner-link\"><\/div>            \n\n\n        <\/div>\n      <\/div>\n\n            \n<style>\n#banner-852043015 {\n  padding-top: 56.25%;\n}\n#banner-852043015 .bg.bg-loaded {\n  background-image: url(https:\/\/www.hotelatlantisparis.com\/wp-content\/uploads\/2022\/06\/CHAMBRE502_4.jpg);\n}\n#banner-852043015 .ux-shape-divider--top svg {\n  height: 150px;\n  --divider-top-width: 100%;\n}\n#banner-852043015 .ux-shape-divider--bottom svg {\n  height: 150px;\n  --divider-width: 100%;\n}\n<\/style>\n  <\/div>\n\n\n\n  <div class=\"banner has-hover\" id=\"banner-750326284\">\n          <div class=\"banner-inner fill\">\n        <div class=\"banner-bg fill\" >\n            <div class=\"bg fill bg-fill \"><\/div>\n                                    \n                    <\/div>\n\t\t\n        <div class=\"banner-layers container\">\n            <div class=\"fill banner-link\"><\/div>            \n\n\n        <\/div>\n      <\/div>\n\n            \n<style>\n#banner-750326284 {\n  padding-top: 56.25%;\n}\n#banner-750326284 .bg.bg-loaded {\n  background-image: url(https:\/\/www.hotelatlantisparis.com\/wp-content\/uploads\/2022\/06\/CHAMBRE502_5.jpg);\n}\n#banner-750326284 .ux-shape-divider--top svg {\n  height: 150px;\n  --divider-top-width: 100%;\n}\n#banner-750326284 .ux-shape-divider--bottom svg {\n  height: 150px;\n  --divider-width: 100%;\n}\n<\/style>\n  <\/div>\n\n\n\n     <\/div>\n\n     <div class=\"loading-spin dark large centered\"><\/div>\n\n     \t<\/div>\n\n\n\n\t\t<\/div>\n\n\t\t\n<style>\n#section_2131270080 {\n  padding-top: 0px;\n  padding-bottom: 0px;\n}\n#section_2131270080 .ux-shape-divider--top svg {\n  height: 150px;\n  --divider-top-width: 100%;\n}\n#section_2131270080 .ux-shape-divider--bottom svg {\n  height: 150px;\n  --divider-width: 100%;\n}\n<\/style>\n\t<\/section>\n\t\n\t<section class=\"section\" id=\"section_1910206838\">\n\t\t<div class=\"bg section-bg fill bg-fill  bg-loaded\" >\n\n\t\t\t\n\t\t\t\n\t\t\t\n\n\t\t<\/div>\n\n\t\t\n\n\t\t<div class=\"section-content relative\">\n\t\t\t\n\n<div class=\"row\"  id=\"row-746636848\">\n\n\n\t<div id=\"col-509538393\" class=\"col small-12 large-12\"  data-animate=\"fadeInUp\">\n\t\t\t\t<div class=\"col-inner\"  >\n\t\t\t\n\t\t\t\n\n<h1 style=\"text-align: center;\">QUARTO DELUXE<\/h1>\n<p style=\"text-align:center;\"><img decoding=\"async\" class=\"aligncenter size-medium wp-image-133\" src=\"https:\/\/www.hotelatlantisparis.com\/wp-content\/uploads\/2022\/06\/deco-300x54.png\" alt=\"\" width=\"300\" height=\"54\" srcset=\"https:\/\/www.hotelatlantisparis.com\/wp-content\/uploads\/2022\/06\/deco-300x54.png 300w, https:\/\/www.hotelatlantisparis.com\/wp-content\/uploads\/2022\/06\/deco.png 500w\" sizes=\"(max-width: 300px) 100vw, 300px\" \/><\/p>\n<p style=\"text-align: center; color: #b89f80; font-weight: bold;\">Cama 180 x 190 cm ou 2 camas de 90 x 190 cm <br \/>2 pessoas<\/p>\n<p>Extremamente espa\u00e7osos e luminosos, os Quartos Deluxe s\u00e3o verdadeiros ref\u00fagios de paz em pleno cora\u00e7\u00e3o de Saint-Germain-des-Pr\u00e9s. Equipados com banheiro e belos m\u00f3veis escolhidos a dedo, eles se adaptam a todos os desejos dos h\u00f3spedes, pois as camas podem ser dispostas individualmente, em duas de solteiro (90cm de largura), ou formarem uma grande cama de casal (180cm de largura). Al\u00e9m disso, estes quartos oferecem uma bela vista sobre o p\u00e1tio ou a pra\u00e7a situada logo \u00e0 frente. <\/p>\n<a rel=\"noopener noreferrer\" href=\"https:\/\/www.secure-hotel-booking.com\/Atlantis-Saint-Germain-des-Pres\/2EVV\/fr?hotelId=11385\" target=\"_blank\" class=\"button alert is-shade expand\"  >\n    <span>R\u00e9server<\/span>\n  <\/a>\n\n\n\n\t\t<\/div>\n\t\t\t\t\n<style>\n#col-509538393 > .col-inner {\n  margin: 20px 0px 0px 0px;\n}\n<\/style>\n\t<\/div>\n\n\t\n\n<\/div>\n\n\t\t<\/div>\n\n\t\t\n<style>\n#section_1910206838 {\n  padding-top: 30px;\n  padding-bottom: 30px;\n}\n#section_1910206838 .ux-shape-divider--top svg {\n  height: 150px;\n  --divider-top-width: 100%;\n}\n#section_1910206838 .ux-shape-divider--bottom svg {\n  height: 150px;\n  --divider-width: 100%;\n}\n<\/style>\n\t<\/section>\n\t\n\t<section class=\"section\" id=\"section_84044952\">\n\t\t<div class=\"bg section-bg fill bg-fill  bg-loaded\" >\n\n\t\t\t\n\t\t\t\n\t\t\t\n\n\t\t<\/div>\n\n\t\t\n\n\t\t<div class=\"section-content relative\">\n\t\t\t\n\n<div class=\"row\"  id=\"row-371095669\">\n\n\n\t<div id=\"col-1327779258\" class=\"col small-12 large-12\"  >\n\t\t\t\t<div class=\"col-inner\"  >\n\t\t\t\n\t\t\t\n\n\t<div id=\"text-4122001454\" class=\"text\">\n\t\t\n\n<p style=\"text-align:center;\"><img decoding=\"async\" class=\"size-medium wp-image-133 aligncenter\" src=\"https:\/\/www.hotelatlantisparis.com\/wp-content\/uploads\/2022\/06\/deco-300x54.png\" alt=\"\" width=\"300\" height=\"54\" srcset=\"https:\/\/www.hotelatlantisparis.com\/wp-content\/uploads\/2022\/06\/deco-300x54.png 300w, https:\/\/www.hotelatlantisparis.com\/wp-content\/uploads\/2022\/06\/deco.png 500w\" sizes=\"(max-width: 300px) 100vw, 300px\" \/><\/p>\n<h2>SERVI\u00c7OS E EQUIPAMENTOS NO QUARTO<\/h2>\n\t\t\n<style>\n#text-4122001454 {\n  text-align: center;\n}\n<\/style>\n\t<\/div>\n\t\n\n\t\t<\/div>\n\t\t\t\t\t<\/div>\n\n\t\n\n\t<div id=\"col-1046486894\" class=\"col medium-6 small-12 large-6\"  >\n\t\t\t\t<div class=\"col-inner\"  >\n\t\t\t\n\t\t\t\n\n<p>&#8211; Produtos de boas-vindas<br \/>&#8211; Ar-condicionado revers\u00edvel<br \/>&#8211; Secador de cabelos<br \/>&#8211; WiFi gratuito e ilimitado <br \/>&#8211; Televisor com tela plana e canais internacionais<\/p>\n\n\t\t<\/div>\n\t\t\t\t\t<\/div>\n\n\t\n\n\t<div id=\"col-947262494\" class=\"col medium-6 small-12 large-6\"  >\n\t\t\t\t<div class=\"col-inner\"  >\n\t\t\t\n\t\t\t\n\n<p>&#8211; Vista para o p\u00e1tio ou a rua (Igreja &#8211; Pra\u00e7a Saint Sulpice)<br \/>&#8211; Mesa de escrit\u00f3rio com cadeira<br \/>&#8211; Guarda-roupas com cabides<br \/>&#8211; Mesas de cabeceira com abajur<br \/>&#8211; Banheira \/ chuveiro<\/p>\n\n\n\t\t<\/div>\n\t\t\t\t\t<\/div>\n\n\t\n\n<\/div>\n\n\t\t<\/div>\n\n\t\t\n<style>\n#section_84044952 {\n  padding-top: 30px;\n  padding-bottom: 30px;\n  background-color: rgb(255,255,255);\n}\n#section_84044952 .ux-shape-divider--top svg {\n  height: 150px;\n  --divider-top-width: 100%;\n}\n#section_84044952 .ux-shape-divider--bottom svg {\n  height: 150px;\n  --divider-width: 100%;\n}\n<\/style>\n\t<\/section>\n\t\n\n","protected":false},"excerpt":{"rendered":"","protected":false},"author":1,"featured_media":0,"parent":0,"menu_order":0,"comment_status":"closed","ping_status":"closed","template":"page-blank.php","meta":{"footnotes":""},"class_list":["post-631","page","type-page","status-publish","hentry"],"yoast_head":"<!-- This site is optimized with the Yoast SEO plugin v19.9 - https:\/\/yoast.com\/wordpress\/plugins\/seo\/ -->\n<title>Os quartos Deluxe do hotel Atlantis Paris Saint-Germain-des-Pr\u00e9s<\/title>\n<meta name=\"description\" content=\"Extremamente espa\u00e7osos e luminosos, os Quartos Deluxe s\u00e3o verdadeiros ref\u00fagios de paz em pleno cora\u00e7\u00e3o de Saint-Germain-des-Pr\u00e9s.\" \/>\n<meta name=\"robots\" content=\"index, follow, max-snippet:-1, max-image-preview:large, max-video-preview:-1\" \/>\n<link rel=\"canonical\" href=\"https:\/\/www.hotelatlantisparis.com\/pt-br\/quarto-deluxe\/\" \/>\n<meta property=\"og:locale\" content=\"pt_BR\" \/>\n<meta property=\"og:type\" content=\"article\" \/>\n<meta property=\"og:title\" content=\"Os quartos Deluxe do hotel Atlantis Paris Saint-Germain-des-Pr\u00e9s\" \/>\n<meta property=\"og:description\" content=\"Extremamente espa\u00e7osos e luminosos, os Quartos Deluxe s\u00e3o verdadeiros ref\u00fagios de paz em pleno cora\u00e7\u00e3o de Saint-Germain-des-Pr\u00e9s.\" \/>\n<meta property=\"og:url\" content=\"https:\/\/www.hotelatlantisparis.com\/pt-br\/quarto-deluxe\/\" \/>\n<meta property=\"og:site_name\" content=\"H\u00f4tel Atlantis Saint-Germain-des-Pr\u00e9s\" \/>\n<meta property=\"article:modified_time\" content=\"2022-06-22T08:40:59+00:00\" \/>\n<meta property=\"og:image\" content=\"https:\/\/www.hotelatlantisparis.com\/wp-content\/uploads\/2022\/06\/deco-300x54.png\" \/>\n<meta name=\"twitter:card\" content=\"summary_large_image\" \/>\n<meta name=\"twitter:label1\" content=\"Est. tempo de leitura\" \/>\n\t<meta name=\"twitter:data1\" content=\"2 minutos\" \/>\n<script type=\"application\/ld+json\" class=\"yoast-schema-graph\">{\"@context\":\"https:\/\/schema.org\",\"@graph\":[{\"@type\":\"WebPage\",\"@id\":\"https:\/\/www.hotelatlantisparis.com\/pt-br\/quarto-deluxe\/\",\"url\":\"https:\/\/www.hotelatlantisparis.com\/pt-br\/quarto-deluxe\/\",\"name\":\"Os quartos Deluxe do hotel Atlantis Paris Saint-Germain-des-Pr\u00e9s\",\"isPartOf\":{\"@id\":\"https:\/\/www.hotelatlantisparis.com\/#website\"},\"datePublished\":\"2022-06-10T04:50:58+00:00\",\"dateModified\":\"2022-06-22T08:40:59+00:00\",\"description\":\"Extremamente espa\u00e7osos e luminosos, os Quartos Deluxe s\u00e3o verdadeiros ref\u00fagios de paz em pleno cora\u00e7\u00e3o de Saint-Germain-des-Pr\u00e9s.\",\"breadcrumb\":{\"@id\":\"https:\/\/www.hotelatlantisparis.com\/pt-br\/quarto-deluxe\/#breadcrumb\"},\"inLanguage\":\"pt-BR\",\"potentialAction\":[{\"@type\":\"ReadAction\",\"target\":[\"https:\/\/www.hotelatlantisparis.com\/pt-br\/quarto-deluxe\/\"]}]},{\"@type\":\"BreadcrumbList\",\"@id\":\"https:\/\/www.hotelatlantisparis.com\/pt-br\/quarto-deluxe\/#breadcrumb\",\"itemListElement\":[{\"@type\":\"ListItem\",\"position\":1,\"name\":\"Accueil\",\"item\":\"https:\/\/www.hotelatlantisparis.com\/pt-br\/\"},{\"@type\":\"ListItem\",\"position\":2,\"name\":\"Chambre deluxe\"}]},{\"@type\":\"WebSite\",\"@id\":\"https:\/\/www.hotelatlantisparis.com\/#website\",\"url\":\"https:\/\/www.hotelatlantisparis.com\/\",\"name\":\"H\u00f4tel Atlantis Saint-Germain-des-Pr\u00e9s\",\"description\":\"Un h\u00f4tel 3 \u00e9toiles de charme \u00e0 Paris\",\"publisher\":{\"@id\":\"https:\/\/www.hotelatlantisparis.com\/#organization\"},\"potentialAction\":[{\"@type\":\"SearchAction\",\"target\":{\"@type\":\"EntryPoint\",\"urlTemplate\":\"https:\/\/www.hotelatlantisparis.com\/?s={search_term_string}\"},\"query-input\":\"required name=search_term_string\"}],\"inLanguage\":\"pt-BR\"},{\"@type\":\"Organization\",\"@id\":\"https:\/\/www.hotelatlantisparis.com\/#organization\",\"name\":\"H\u00f4tel Atlantis Saint-Germain-des-Pr\u00e9s\",\"url\":\"https:\/\/www.hotelatlantisparis.com\/\",\"logo\":{\"@type\":\"ImageObject\",\"inLanguage\":\"pt-BR\",\"@id\":\"https:\/\/www.hotelatlantisparis.com\/#\/schema\/logo\/image\/\",\"url\":\"https:\/\/www.hotelatlantisparis.com\/wp-content\/uploads\/2022\/06\/logo-Hotel-Atlantis-Paris-2.png\",\"contentUrl\":\"https:\/\/www.hotelatlantisparis.com\/wp-content\/uploads\/2022\/06\/logo-Hotel-Atlantis-Paris-2.png\",\"width\":560,\"height\":150,\"caption\":\"H\u00f4tel Atlantis Saint-Germain-des-Pr\u00e9s\"},\"image\":{\"@id\":\"https:\/\/www.hotelatlantisparis.com\/#\/schema\/logo\/image\/\"}}]}<\/script>\n<!-- \/ Yoast SEO plugin. -->","yoast_head_json":{"title":"Os quartos Deluxe do hotel Atlantis Paris Saint-Germain-des-Pr\u00e9s","description":"Extremamente espa\u00e7osos e luminosos, os Quartos Deluxe s\u00e3o verdadeiros ref\u00fagios de paz em pleno cora\u00e7\u00e3o de Saint-Germain-des-Pr\u00e9s.","robots":{"index":"index","follow":"follow","max-snippet":"max-snippet:-1","max-image-preview":"max-image-preview:large","max-video-preview":"max-video-preview:-1"},"canonical":"https:\/\/www.hotelatlantisparis.com\/pt-br\/quarto-deluxe\/","og_locale":"pt_BR","og_type":"article","og_title":"Os quartos Deluxe do hotel Atlantis Paris Saint-Germain-des-Pr\u00e9s","og_description":"Extremamente espa\u00e7osos e luminosos, os Quartos Deluxe s\u00e3o verdadeiros ref\u00fagios de paz em pleno cora\u00e7\u00e3o de Saint-Germain-des-Pr\u00e9s.","og_url":"https:\/\/www.hotelatlantisparis.com\/pt-br\/quarto-deluxe\/","og_site_name":"H\u00f4tel Atlantis Saint-Germain-des-Pr\u00e9s","article_modified_time":"2022-06-22T08:40:59+00:00","og_image":[{"url":"https:\/\/www.hotelatlantisparis.com\/wp-content\/uploads\/2022\/06\/deco-300x54.png"}],"twitter_card":"summary_large_image","twitter_misc":{"Est. tempo de leitura":"2 minutos"},"schema":{"@context":"https:\/\/schema.org","@graph":[{"@type":"WebPage","@id":"https:\/\/www.hotelatlantisparis.com\/pt-br\/quarto-deluxe\/","url":"https:\/\/www.hotelatlantisparis.com\/pt-br\/quarto-deluxe\/","name":"Os quartos Deluxe do hotel Atlantis Paris Saint-Germain-des-Pr\u00e9s","isPartOf":{"@id":"https:\/\/www.hotelatlantisparis.com\/#website"},"datePublished":"2022-06-10T04:50:58+00:00","dateModified":"2022-06-22T08:40:59+00:00","description":"Extremamente espa\u00e7osos e luminosos, os Quartos Deluxe s\u00e3o verdadeiros ref\u00fagios de paz em pleno cora\u00e7\u00e3o de Saint-Germain-des-Pr\u00e9s.","breadcrumb":{"@id":"https:\/\/www.hotelatlantisparis.com\/pt-br\/quarto-deluxe\/#breadcrumb"},"inLanguage":"pt-BR","potentialAction":[{"@type":"ReadAction","target":["https:\/\/www.hotelatlantisparis.com\/pt-br\/quarto-deluxe\/"]}]},{"@type":"BreadcrumbList","@id":"https:\/\/www.hotelatlantisparis.com\/pt-br\/quarto-deluxe\/#breadcrumb","itemListElement":[{"@type":"ListItem","position":1,"name":"Accueil","item":"https:\/\/www.hotelatlantisparis.com\/pt-br\/"},{"@type":"ListItem","position":2,"name":"Chambre deluxe"}]},{"@type":"WebSite","@id":"https:\/\/www.hotelatlantisparis.com\/#website","url":"https:\/\/www.hotelatlantisparis.com\/","name":"H\u00f4tel Atlantis Saint-Germain-des-Pr\u00e9s","description":"Un h\u00f4tel 3 \u00e9toiles de charme \u00e0 Paris","publisher":{"@id":"https:\/\/www.hotelatlantisparis.com\/#organization"},"potentialAction":[{"@type":"SearchAction","target":{"@type":"EntryPoint","urlTemplate":"https:\/\/www.hotelatlantisparis.com\/?s={search_term_string}"},"query-input":"required name=search_term_string"}],"inLanguage":"pt-BR"},{"@type":"Organization","@id":"https:\/\/www.hotelatlantisparis.com\/#organization","name":"H\u00f4tel Atlantis Saint-Germain-des-Pr\u00e9s","url":"https:\/\/www.hotelatlantisparis.com\/","logo":{"@type":"ImageObject","inLanguage":"pt-BR","@id":"https:\/\/www.hotelatlantisparis.com\/#\/schema\/logo\/image\/","url":"https:\/\/www.hotelatlantisparis.com\/wp-content\/uploads\/2022\/06\/logo-Hotel-Atlantis-Paris-2.png","contentUrl":"https:\/\/www.hotelatlantisparis.com\/wp-content\/uploads\/2022\/06\/logo-Hotel-Atlantis-Paris-2.png","width":560,"height":150,"caption":"H\u00f4tel Atlantis Saint-Germain-des-Pr\u00e9s"},"image":{"@id":"https:\/\/www.hotelatlantisparis.com\/#\/schema\/logo\/image\/"}}]}},"_links":{"self":[{"href":"https:\/\/www.hotelatlantisparis.com\/pt-br\/wp-json\/wp\/v2\/pages\/631","targetHints":{"allow":["GET"]}}],"collection":[{"href":"https:\/\/www.hotelatlantisparis.com\/pt-br\/wp-json\/wp\/v2\/pages"}],"about":[{"href":"https:\/\/www.hotelatlantisparis.com\/pt-br\/wp-json\/wp\/v2\/types\/page"}],"author":[{"embeddable":true,"href":"https:\/\/www.hotelatlantisparis.com\/pt-br\/wp-json\/wp\/v2\/users\/1"}],"replies":[{"embeddable":true,"href":"https:\/\/www.hotelatlantisparis.com\/pt-br\/wp-json\/wp\/v2\/comments?post=631"}],"version-history":[{"count":4,"href":"https:\/\/www.hotelatlantisparis.com\/pt-br\/wp-json\/wp\/v2\/pages\/631\/revisions"}],"predecessor-version":[{"id":834,"href":"https:\/\/www.hotelatlantisparis.com\/pt-br\/wp-json\/wp\/v2\/pages\/631\/revisions\/834"}],"wp:attachment":[{"href":"https:\/\/www.hotelatlantisparis.com\/pt-br\/wp-json\/wp\/v2\/media?parent=631"}],"curies":[{"name":"wp","href":"https:\/\/api.w.org\/{rel}","templated":true}]}}