{"id":641,"date":"2022-06-09T18:36:02","date_gmt":"2022-06-09T16:36:02","guid":{"rendered":"https:\/\/www.hotelatlantisparis.com\/chambre-standard\/"},"modified":"2022-06-22T10:40:22","modified_gmt":"2022-06-22T08:40:22","slug":"quarto-standard-2","status":"publish","type":"page","link":"https:\/\/www.hotelatlantisparis.com\/pt-br\/quarto-standard-2\/","title":{"rendered":"Chambre standard"},"content":{"rendered":"\n\t<section class=\"section\" id=\"section_310189865\">\n\t\t<div class=\"bg section-bg fill bg-fill  bg-loaded\" >\n\n\t\t\t\n\t\t\t\n\t\t\t\n\n\t\t<\/div>\n\n\t\t\n\n\t\t<div class=\"section-content relative\">\n\t\t\t\n\n<div class=\"slider-wrapper relative\" id=\"slider-1168902275\" >\n    <div class=\"slider slider-type-fade slider-nav-circle slider-nav-large slider-nav-light slider-style-normal\"\n        data-flickity-options='{\n            \"cellAlign\": \"center\",\n            \"imagesLoaded\": true,\n            \"lazyLoad\": 1,\n            \"freeScroll\": false,\n            \"wrapAround\": true,\n            \"autoPlay\": 6000,\n            \"pauseAutoPlayOnHover\" : true,\n            \"prevNextButtons\": true,\n            \"contain\" : true,\n            \"adaptiveHeight\" : true,\n            \"dragThreshold\" : 10,\n            \"percentPosition\": true,\n            \"pageDots\": true,\n            \"rightToLeft\": false,\n            \"draggable\": true,\n            \"selectedAttraction\": 0.1,\n            \"parallax\" : 0,\n            \"friction\": 0.6        }'\n        >\n        \n\n\n  <div class=\"banner has-hover\" id=\"banner-2098818976\">\n          <div class=\"banner-inner fill\">\n        <div class=\"banner-bg fill\" >\n            <div class=\"bg fill bg-fill \"><\/div>\n                                    \n                    <\/div>\n\t\t\n        <div class=\"banner-layers container\">\n            <div class=\"fill banner-link\"><\/div>            \n\n\n        <\/div>\n      <\/div>\n\n            \n<style>\n#banner-2098818976 {\n  padding-top: 56.25%;\n}\n#banner-2098818976 .bg.bg-loaded {\n  background-image: url(https:\/\/www.hotelatlantisparis.com\/wp-content\/uploads\/2022\/06\/CHAMBRE405_1.jpg);\n}\n#banner-2098818976 .ux-shape-divider--top svg {\n  height: 150px;\n  --divider-top-width: 100%;\n}\n#banner-2098818976 .ux-shape-divider--bottom svg {\n  height: 150px;\n  --divider-width: 100%;\n}\n<\/style>\n  <\/div>\n\n\n\n  <div class=\"banner has-hover\" id=\"banner-2051257726\">\n          <div class=\"banner-inner fill\">\n        <div class=\"banner-bg fill\" >\n            <div class=\"bg fill bg-fill \"><\/div>\n                                    \n                    <\/div>\n\t\t\n        <div class=\"banner-layers container\">\n            <div class=\"fill banner-link\"><\/div>            \n\n\n        <\/div>\n      <\/div>\n\n            \n<style>\n#banner-2051257726 {\n  padding-top: 56.25%;\n}\n#banner-2051257726 .bg.bg-loaded {\n  background-image: url(https:\/\/www.hotelatlantisparis.com\/wp-content\/uploads\/2022\/06\/CHAMBRE405_2.jpg);\n}\n#banner-2051257726 .ux-shape-divider--top svg {\n  height: 150px;\n  --divider-top-width: 100%;\n}\n#banner-2051257726 .ux-shape-divider--bottom svg {\n  height: 150px;\n  --divider-width: 100%;\n}\n<\/style>\n  <\/div>\n\n\n\n  <div class=\"banner has-hover\" id=\"banner-188289719\">\n          <div class=\"banner-inner fill\">\n        <div class=\"banner-bg fill\" >\n            <div class=\"bg fill bg-fill \"><\/div>\n                                    \n                    <\/div>\n\t\t\n        <div class=\"banner-layers container\">\n            <div class=\"fill banner-link\"><\/div>            \n\n\n        <\/div>\n      <\/div>\n\n            \n<style>\n#banner-188289719 {\n  padding-top: 56.25%;\n}\n#banner-188289719 .bg.bg-loaded {\n  background-image: url(https:\/\/www.hotelatlantisparis.com\/wp-content\/uploads\/2022\/06\/CHAMBRE405_3.jpg);\n}\n#banner-188289719 .ux-shape-divider--top svg {\n  height: 150px;\n  --divider-top-width: 100%;\n}\n#banner-188289719 .ux-shape-divider--bottom svg {\n  height: 150px;\n  --divider-width: 100%;\n}\n<\/style>\n  <\/div>\n\n\n\n  <div class=\"banner has-hover\" id=\"banner-391304012\">\n          <div class=\"banner-inner fill\">\n        <div class=\"banner-bg fill\" >\n            <div class=\"bg fill bg-fill \"><\/div>\n                                    \n                    <\/div>\n\t\t\n        <div class=\"banner-layers container\">\n            <div class=\"fill banner-link\"><\/div>            \n\n\n        <\/div>\n      <\/div>\n\n            \n<style>\n#banner-391304012 {\n  padding-top: 56.25%;\n}\n#banner-391304012 .bg.bg-loaded {\n  background-image: url(https:\/\/www.hotelatlantisparis.com\/wp-content\/uploads\/2022\/06\/CHAMBRE405_4.jpg);\n}\n#banner-391304012 .ux-shape-divider--top svg {\n  height: 150px;\n  --divider-top-width: 100%;\n}\n#banner-391304012 .ux-shape-divider--bottom svg {\n  height: 150px;\n  --divider-width: 100%;\n}\n<\/style>\n  <\/div>\n\n\n\n     <\/div>\n\n     <div class=\"loading-spin dark large centered\"><\/div>\n\n     \t<\/div>\n\n\n\n\t\t<\/div>\n\n\t\t\n<style>\n#section_310189865 {\n  padding-top: 0px;\n  padding-bottom: 0px;\n}\n#section_310189865 .ux-shape-divider--top svg {\n  height: 150px;\n  --divider-top-width: 100%;\n}\n#section_310189865 .ux-shape-divider--bottom svg {\n  height: 150px;\n  --divider-width: 100%;\n}\n<\/style>\n\t<\/section>\n\t\n\t<section class=\"section\" id=\"section_1321131296\">\n\t\t<div class=\"bg section-bg fill bg-fill  bg-loaded\" >\n\n\t\t\t\n\t\t\t\n\t\t\t\n\n\t\t<\/div>\n\n\t\t\n\n\t\t<div class=\"section-content relative\">\n\t\t\t\n\n<div class=\"row\"  id=\"row-82271279\">\n\n\n\t<div id=\"col-438225767\" class=\"col small-12 large-12\"  data-animate=\"fadeInUp\">\n\t\t\t\t<div class=\"col-inner\"  >\n\t\t\t\n\t\t\t\n\n<h1 style=\"text-align: center;\">QUARTO STANDARD<\/h1>\n<p style=\"text-align:center;\"><img decoding=\"async\" class=\"aligncenter size-medium wp-image-133\" src=\"https:\/\/www.hotelatlantisparis.com\/wp-content\/uploads\/2022\/06\/deco-300x54.png\" alt=\"\" width=\"300\" height=\"54\" srcset=\"https:\/\/www.hotelatlantisparis.com\/wp-content\/uploads\/2022\/06\/deco-300x54.png 300w, https:\/\/www.hotelatlantisparis.com\/wp-content\/uploads\/2022\/06\/deco.png 500w\" sizes=\"(max-width: 300px) 100vw, 300px\" \/><\/p>\n<p style=\"text-align: center; color: #b89f80; font-weight: bold;\">Cama 140 x 190 cm <br \/>2 pessoas<\/p>\n<p>Com vista para o grande p\u00e1tio, os quartos Standard s\u00e3o ideais para quem deseja desfrutar de um pouco de tranquilidade ap\u00f3s um dia de passeios agitado em pleno cora\u00e7\u00e3o da Cidade Luz. Equipados com uma pequena banheira e uma cama de casal confort\u00e1vel (140cm x 190cm), eles oferecem um conforto agrad\u00e1vel e possuem uma decora\u00e7\u00e3o requintada e \u00fanica.  <\/p>\n\n<a rel=\"noopener noreferrer\" href=\"https:\/\/www.secure-hotel-booking.com\/Atlantis-Saint-Germain-des-Pres\/2EVV\/pt?hotelId=11385\" target=\"_blank\" class=\"button alert is-shade expand\"  >\n    <span>Reservar<\/span>\n  <\/a>\n\n\n\n\t\t<\/div>\n\t\t\t\t\n<style>\n#col-438225767 > .col-inner {\n  margin: 20px 0px 0px 0px;\n}\n<\/style>\n\t<\/div>\n\n\t\n\n<\/div>\n\n\t\t<\/div>\n\n\t\t\n<style>\n#section_1321131296 {\n  padding-top: 30px;\n  padding-bottom: 30px;\n}\n#section_1321131296 .ux-shape-divider--top svg {\n  height: 150px;\n  --divider-top-width: 100%;\n}\n#section_1321131296 .ux-shape-divider--bottom svg {\n  height: 150px;\n  --divider-width: 100%;\n}\n<\/style>\n\t<\/section>\n\t\n\t<section class=\"section\" id=\"section_1468319883\">\n\t\t<div class=\"bg section-bg fill bg-fill  bg-loaded\" >\n\n\t\t\t\n\t\t\t\n\t\t\t\n\n\t\t<\/div>\n\n\t\t\n\n\t\t<div class=\"section-content relative\">\n\t\t\t\n\n<div class=\"row\"  id=\"row-892925864\">\n\n\n\t<div id=\"col-1783041592\" class=\"col small-12 large-12\"  >\n\t\t\t\t<div class=\"col-inner\"  >\n\t\t\t\n\t\t\t\n\n\t<div id=\"text-3347761684\" class=\"text\">\n\t\t\n\n<p style=\"text-align:center;\"><img decoding=\"async\" class=\"size-medium wp-image-133 aligncenter\" src=\"https:\/\/www.hotelatlantisparis.com\/wp-content\/uploads\/2022\/06\/deco-300x54.png\" alt=\"\" width=\"300\" height=\"54\" srcset=\"https:\/\/www.hotelatlantisparis.com\/wp-content\/uploads\/2022\/06\/deco-300x54.png 300w, https:\/\/www.hotelatlantisparis.com\/wp-content\/uploads\/2022\/06\/deco.png 500w\" sizes=\"(max-width: 300px) 100vw, 300px\" \/><\/p>\n<h2>SERVI\u00c7OS E EQUIPAMENTOS NO QUARTO<\/h2>\n\n\t\t\n<style>\n#text-3347761684 {\n  text-align: center;\n}\n<\/style>\n\t<\/div>\n\t\n\n\t\t<\/div>\n\t\t\t\t\t<\/div>\n\n\t\n\n\t<div id=\"col-1979704036\" class=\"col medium-6 small-12 large-6\"  >\n\t\t\t\t<div class=\"col-inner\"  >\n\t\t\t\n\t\t\t\n\n<p>&#8211; Produtos de boas-vindas<br \/>&#8211; Ar-condicionado revers\u00edvel<br \/>&#8211; Secador de cabelos<br \/>&#8211; WiFi gratuito e ilimitado <br \/>&#8211; Televisor com tela plana e canais internacionais<\/p>\n\n\n\t\t<\/div>\n\t\t\t\t\t<\/div>\n\n\t\n\n\t<div id=\"col-2143426095\" class=\"col medium-6 small-12 large-6\"  >\n\t\t\t\t<div class=\"col-inner\"  >\n\t\t\t\n\t\t\t\n\n<p>&#8211; Vista para o p\u00e1tio ou a rua (Igreja &#8211; Pra\u00e7a Saint Sulpice)<br \/>&#8211; Mesa de escrit\u00f3rio com cadeira<br \/>&#8211; Guarda-roupas com cabides<br \/>&#8211; Mesas de cabeceira com abajur<br \/>&#8211; Banheira \/ chuveiro<\/p>\n\n\n\t\t<\/div>\n\t\t\t\t\t<\/div>\n\n\t\n\n<\/div>\n\n\t\t<\/div>\n\n\t\t\n<style>\n#section_1468319883 {\n  padding-top: 30px;\n  padding-bottom: 30px;\n  background-color: rgb(255,255,255);\n}\n#section_1468319883 .ux-shape-divider--top svg {\n  height: 150px;\n  --divider-top-width: 100%;\n}\n#section_1468319883 .ux-shape-divider--bottom svg {\n  height: 150px;\n  --divider-width: 100%;\n}\n<\/style>\n\t<\/section>\n\t\n\n","protected":false},"excerpt":{"rendered":"","protected":false},"author":1,"featured_media":0,"parent":0,"menu_order":0,"comment_status":"closed","ping_status":"closed","template":"page-blank.php","meta":{"footnotes":""},"class_list":["post-641","page","type-page","status-publish","hentry"],"yoast_head":"<!-- This site is optimized with the Yoast SEO plugin v19.9 - https:\/\/yoast.com\/wordpress\/plugins\/seo\/ -->\n<title>Os quartos Standard do hotel Atlantis Paris Saint-Germain-des-Pr\u00e9s<\/title>\n<meta name=\"description\" content=\"Com vista para o grande p\u00e1tio, os quartos Standard s\u00e3o ideais para quem deseja desfrutar de um pouco de tranquilidade ap\u00f3s um dia de passeios agitado em pleno cora\u00e7\u00e3o da Cidade Luz.\" \/>\n<meta name=\"robots\" content=\"index, follow, max-snippet:-1, max-image-preview:large, max-video-preview:-1\" \/>\n<link rel=\"canonical\" href=\"https:\/\/www.hotelatlantisparis.com\/pt-br\/quarto-standard-2\/\" \/>\n<meta property=\"og:locale\" content=\"pt_BR\" \/>\n<meta property=\"og:type\" content=\"article\" \/>\n<meta property=\"og:title\" content=\"Os quartos Standard do hotel Atlantis Paris Saint-Germain-des-Pr\u00e9s\" \/>\n<meta property=\"og:description\" content=\"Com vista para o grande p\u00e1tio, os quartos Standard s\u00e3o ideais para quem deseja desfrutar de um pouco de tranquilidade ap\u00f3s um dia de passeios agitado em pleno cora\u00e7\u00e3o da Cidade Luz.\" \/>\n<meta property=\"og:url\" content=\"https:\/\/www.hotelatlantisparis.com\/pt-br\/quarto-standard-2\/\" \/>\n<meta property=\"og:site_name\" content=\"H\u00f4tel Atlantis Saint-Germain-des-Pr\u00e9s\" \/>\n<meta property=\"article:modified_time\" content=\"2022-06-22T08:40:22+00:00\" \/>\n<meta property=\"og:image\" content=\"https:\/\/www.hotelatlantisparis.com\/wp-content\/uploads\/2022\/06\/deco-300x54.png\" \/>\n<meta name=\"twitter:card\" content=\"summary_large_image\" \/>\n<meta name=\"twitter:label1\" content=\"Est. tempo de leitura\" \/>\n\t<meta name=\"twitter:data1\" content=\"2 minutos\" \/>\n<script type=\"application\/ld+json\" class=\"yoast-schema-graph\">{\"@context\":\"https:\/\/schema.org\",\"@graph\":[{\"@type\":\"WebPage\",\"@id\":\"https:\/\/www.hotelatlantisparis.com\/pt-br\/quarto-standard-2\/\",\"url\":\"https:\/\/www.hotelatlantisparis.com\/pt-br\/quarto-standard-2\/\",\"name\":\"Os quartos Standard do hotel Atlantis Paris Saint-Germain-des-Pr\u00e9s\",\"isPartOf\":{\"@id\":\"https:\/\/www.hotelatlantisparis.com\/#website\"},\"datePublished\":\"2022-06-09T16:36:02+00:00\",\"dateModified\":\"2022-06-22T08:40:22+00:00\",\"description\":\"Com vista para o grande p\u00e1tio, os quartos Standard s\u00e3o ideais para quem deseja desfrutar de um pouco de tranquilidade ap\u00f3s um dia de passeios agitado em pleno cora\u00e7\u00e3o da Cidade Luz.\",\"breadcrumb\":{\"@id\":\"https:\/\/www.hotelatlantisparis.com\/pt-br\/quarto-standard-2\/#breadcrumb\"},\"inLanguage\":\"pt-BR\",\"potentialAction\":[{\"@type\":\"ReadAction\",\"target\":[\"https:\/\/www.hotelatlantisparis.com\/pt-br\/quarto-standard-2\/\"]}]},{\"@type\":\"BreadcrumbList\",\"@id\":\"https:\/\/www.hotelatlantisparis.com\/pt-br\/quarto-standard-2\/#breadcrumb\",\"itemListElement\":[{\"@type\":\"ListItem\",\"position\":1,\"name\":\"Accueil\",\"item\":\"https:\/\/www.hotelatlantisparis.com\/pt-br\/\"},{\"@type\":\"ListItem\",\"position\":2,\"name\":\"Chambre standard\"}]},{\"@type\":\"WebSite\",\"@id\":\"https:\/\/www.hotelatlantisparis.com\/#website\",\"url\":\"https:\/\/www.hotelatlantisparis.com\/\",\"name\":\"H\u00f4tel Atlantis Saint-Germain-des-Pr\u00e9s\",\"description\":\"Un h\u00f4tel 3 \u00e9toiles de charme \u00e0 Paris\",\"publisher\":{\"@id\":\"https:\/\/www.hotelatlantisparis.com\/#organization\"},\"potentialAction\":[{\"@type\":\"SearchAction\",\"target\":{\"@type\":\"EntryPoint\",\"urlTemplate\":\"https:\/\/www.hotelatlantisparis.com\/?s={search_term_string}\"},\"query-input\":\"required name=search_term_string\"}],\"inLanguage\":\"pt-BR\"},{\"@type\":\"Organization\",\"@id\":\"https:\/\/www.hotelatlantisparis.com\/#organization\",\"name\":\"H\u00f4tel Atlantis Saint-Germain-des-Pr\u00e9s\",\"url\":\"https:\/\/www.hotelatlantisparis.com\/\",\"logo\":{\"@type\":\"ImageObject\",\"inLanguage\":\"pt-BR\",\"@id\":\"https:\/\/www.hotelatlantisparis.com\/#\/schema\/logo\/image\/\",\"url\":\"https:\/\/www.hotelatlantisparis.com\/wp-content\/uploads\/2022\/06\/logo-Hotel-Atlantis-Paris-2.png\",\"contentUrl\":\"https:\/\/www.hotelatlantisparis.com\/wp-content\/uploads\/2022\/06\/logo-Hotel-Atlantis-Paris-2.png\",\"width\":560,\"height\":150,\"caption\":\"H\u00f4tel Atlantis Saint-Germain-des-Pr\u00e9s\"},\"image\":{\"@id\":\"https:\/\/www.hotelatlantisparis.com\/#\/schema\/logo\/image\/\"}}]}<\/script>\n<!-- \/ Yoast SEO plugin. -->","yoast_head_json":{"title":"Os quartos Standard do hotel Atlantis Paris Saint-Germain-des-Pr\u00e9s","description":"Com vista para o grande p\u00e1tio, os quartos Standard s\u00e3o ideais para quem deseja desfrutar de um pouco de tranquilidade ap\u00f3s um dia de passeios agitado em pleno cora\u00e7\u00e3o da Cidade Luz.","robots":{"index":"index","follow":"follow","max-snippet":"max-snippet:-1","max-image-preview":"max-image-preview:large","max-video-preview":"max-video-preview:-1"},"canonical":"https:\/\/www.hotelatlantisparis.com\/pt-br\/quarto-standard-2\/","og_locale":"pt_BR","og_type":"article","og_title":"Os quartos Standard do hotel Atlantis Paris Saint-Germain-des-Pr\u00e9s","og_description":"Com vista para o grande p\u00e1tio, os quartos Standard s\u00e3o ideais para quem deseja desfrutar de um pouco de tranquilidade ap\u00f3s um dia de passeios agitado em pleno cora\u00e7\u00e3o da Cidade Luz.","og_url":"https:\/\/www.hotelatlantisparis.com\/pt-br\/quarto-standard-2\/","og_site_name":"H\u00f4tel Atlantis Saint-Germain-des-Pr\u00e9s","article_modified_time":"2022-06-22T08:40:22+00:00","og_image":[{"url":"https:\/\/www.hotelatlantisparis.com\/wp-content\/uploads\/2022\/06\/deco-300x54.png"}],"twitter_card":"summary_large_image","twitter_misc":{"Est. tempo de leitura":"2 minutos"},"schema":{"@context":"https:\/\/schema.org","@graph":[{"@type":"WebPage","@id":"https:\/\/www.hotelatlantisparis.com\/pt-br\/quarto-standard-2\/","url":"https:\/\/www.hotelatlantisparis.com\/pt-br\/quarto-standard-2\/","name":"Os quartos Standard do hotel Atlantis Paris Saint-Germain-des-Pr\u00e9s","isPartOf":{"@id":"https:\/\/www.hotelatlantisparis.com\/#website"},"datePublished":"2022-06-09T16:36:02+00:00","dateModified":"2022-06-22T08:40:22+00:00","description":"Com vista para o grande p\u00e1tio, os quartos Standard s\u00e3o ideais para quem deseja desfrutar de um pouco de tranquilidade ap\u00f3s um dia de passeios agitado em pleno cora\u00e7\u00e3o da Cidade Luz.","breadcrumb":{"@id":"https:\/\/www.hotelatlantisparis.com\/pt-br\/quarto-standard-2\/#breadcrumb"},"inLanguage":"pt-BR","potentialAction":[{"@type":"ReadAction","target":["https:\/\/www.hotelatlantisparis.com\/pt-br\/quarto-standard-2\/"]}]},{"@type":"BreadcrumbList","@id":"https:\/\/www.hotelatlantisparis.com\/pt-br\/quarto-standard-2\/#breadcrumb","itemListElement":[{"@type":"ListItem","position":1,"name":"Accueil","item":"https:\/\/www.hotelatlantisparis.com\/pt-br\/"},{"@type":"ListItem","position":2,"name":"Chambre standard"}]},{"@type":"WebSite","@id":"https:\/\/www.hotelatlantisparis.com\/#website","url":"https:\/\/www.hotelatlantisparis.com\/","name":"H\u00f4tel Atlantis Saint-Germain-des-Pr\u00e9s","description":"Un h\u00f4tel 3 \u00e9toiles de charme \u00e0 Paris","publisher":{"@id":"https:\/\/www.hotelatlantisparis.com\/#organization"},"potentialAction":[{"@type":"SearchAction","target":{"@type":"EntryPoint","urlTemplate":"https:\/\/www.hotelatlantisparis.com\/?s={search_term_string}"},"query-input":"required name=search_term_string"}],"inLanguage":"pt-BR"},{"@type":"Organization","@id":"https:\/\/www.hotelatlantisparis.com\/#organization","name":"H\u00f4tel Atlantis Saint-Germain-des-Pr\u00e9s","url":"https:\/\/www.hotelatlantisparis.com\/","logo":{"@type":"ImageObject","inLanguage":"pt-BR","@id":"https:\/\/www.hotelatlantisparis.com\/#\/schema\/logo\/image\/","url":"https:\/\/www.hotelatlantisparis.com\/wp-content\/uploads\/2022\/06\/logo-Hotel-Atlantis-Paris-2.png","contentUrl":"https:\/\/www.hotelatlantisparis.com\/wp-content\/uploads\/2022\/06\/logo-Hotel-Atlantis-Paris-2.png","width":560,"height":150,"caption":"H\u00f4tel Atlantis Saint-Germain-des-Pr\u00e9s"},"image":{"@id":"https:\/\/www.hotelatlantisparis.com\/#\/schema\/logo\/image\/"}}]}},"_links":{"self":[{"href":"https:\/\/www.hotelatlantisparis.com\/pt-br\/wp-json\/wp\/v2\/pages\/641","targetHints":{"allow":["GET"]}}],"collection":[{"href":"https:\/\/www.hotelatlantisparis.com\/pt-br\/wp-json\/wp\/v2\/pages"}],"about":[{"href":"https:\/\/www.hotelatlantisparis.com\/pt-br\/wp-json\/wp\/v2\/types\/page"}],"author":[{"embeddable":true,"href":"https:\/\/www.hotelatlantisparis.com\/pt-br\/wp-json\/wp\/v2\/users\/1"}],"replies":[{"embeddable":true,"href":"https:\/\/www.hotelatlantisparis.com\/pt-br\/wp-json\/wp\/v2\/comments?post=641"}],"version-history":[{"count":3,"href":"https:\/\/www.hotelatlantisparis.com\/pt-br\/wp-json\/wp\/v2\/pages\/641\/revisions"}],"predecessor-version":[{"id":832,"href":"https:\/\/www.hotelatlantisparis.com\/pt-br\/wp-json\/wp\/v2\/pages\/641\/revisions\/832"}],"wp:attachment":[{"href":"https:\/\/www.hotelatlantisparis.com\/pt-br\/wp-json\/wp\/v2\/media?parent=641"}],"curies":[{"name":"wp","href":"https:\/\/api.w.org\/{rel}","templated":true}]}}