{"id":651,"date":"2022-06-08T09:48:32","date_gmt":"2022-06-08T07:48:32","guid":{"rendered":"https:\/\/www.hotelatlantisparis.com\/chambres\/"},"modified":"2022-06-22T10:48:37","modified_gmt":"2022-06-22T08:48:37","slug":"quartos","status":"publish","type":"page","link":"https:\/\/www.hotelatlantisparis.com\/pt-br\/quartos\/","title":{"rendered":"Chambres"},"content":{"rendered":"\n\t<section class=\"section\" id=\"section_556439242\">\n\t\t<div class=\"bg section-bg fill bg-fill  bg-loaded\" >\n\n\t\t\t\n\t\t\t\n\t\t\t\n\n\t\t<\/div>\n\n\t\t\n\n\t\t<div class=\"section-content relative\">\n\t\t\t\n\n<div class=\"row\"  id=\"row-197492155\">\n\n\n\t<div id=\"col-853528217\" class=\"col small-12 large-12\"  data-animate=\"fadeInUp\">\n\t\t\t\t<div class=\"col-inner\"  >\n\t\t\t\n\t\t\t\n\n<h1 style=\"text-align: center;\">Quartos em pleno cora\u00e7\u00e3o do Quartier Latin<\/h1>\n<p style=\"text-align:center;\"><img decoding=\"async\" class=\"aligncenter size-medium wp-image-133\" src=\"https:\/\/www.hotelatlantisparis.com\/wp-content\/uploads\/2022\/06\/deco-300x54.png\" alt=\"\" width=\"300\" height=\"54\" srcset=\"https:\/\/www.hotelatlantisparis.com\/wp-content\/uploads\/2022\/06\/deco-300x54.png 300w, https:\/\/www.hotelatlantisparis.com\/wp-content\/uploads\/2022\/06\/deco.png 500w\" sizes=\"(max-width: 300px) 100vw, 300px\" \/><\/p>\n\n\n\t\t<\/div>\n\t\t\t\t\n<style>\n#col-853528217 > .col-inner {\n  margin: 20px 0px 0px 0px;\n}\n<\/style>\n\t<\/div>\n\n\t\n\n<\/div>\n\n\t\t<\/div>\n\n\t\t\n<style>\n#section_556439242 {\n  padding-top: 30px;\n  padding-bottom: 30px;\n}\n#section_556439242 .ux-shape-divider--top svg {\n  height: 150px;\n  --divider-top-width: 100%;\n}\n#section_556439242 .ux-shape-divider--bottom svg {\n  height: 150px;\n  --divider-width: 100%;\n}\n<\/style>\n\t<\/section>\n\t\n\t<section class=\"section\" id=\"section_302450266\">\n\t\t<div class=\"bg section-bg fill bg-fill  bg-loaded\" >\n\n\t\t\t\n\t\t\t\n\t\t\t\n\n\t\t<\/div>\n\n\t\t\n\n\t\t<div class=\"section-content relative\">\n\t\t\t\n\n<div class=\"row row-small row-full-width align-center\"  id=\"row-298440929\">\n\n\n\t<div id=\"col-2072737745\" class=\"col medium-6 small-12 large-6\"  data-animate=\"fadeInUp\">\n\t\t\t\t<div class=\"col-inner\"  >\n\t\t\t\n\t\t\t\n\n\t<div class=\"img has-hover x md-x lg-x y md-y lg-y\" id=\"image_1448755589\">\n\t\t\t\t\t\t\t\t<div class=\"img-inner image-cover box-shadow-4 dark\" style=\"padding-top:50%;\">\n\t\t\t<img decoding=\"async\" width=\"1020\" height=\"680\" src=\"https:\/\/www.hotelatlantisparis.com\/wp-content\/uploads\/2022\/06\/CHAMBRE405_1-1024x683.jpg\" class=\"attachment-large size-large\" alt=\"H\u00f4tel Atlantis Paris Saint-Germain-des-Pr\u00e9s\" srcset=\"https:\/\/www.hotelatlantisparis.com\/wp-content\/uploads\/2022\/06\/CHAMBRE405_1-1024x683.jpg 1024w, https:\/\/www.hotelatlantisparis.com\/wp-content\/uploads\/2022\/06\/CHAMBRE405_1-300x200.jpg 300w, https:\/\/www.hotelatlantisparis.com\/wp-content\/uploads\/2022\/06\/CHAMBRE405_1-768x512.jpg 768w, https:\/\/www.hotelatlantisparis.com\/wp-content\/uploads\/2022\/06\/CHAMBRE405_1.jpg 1500w\" sizes=\"(max-width: 1020px) 100vw, 1020px\" \/>\t\t\t\t\t\t\n\t\t\t\t\t<\/div>\n\t\t\t\t\t\t\t\t\n<style>\n#image_1448755589 {\n  width: 100%;\n}\n<\/style>\n\t<\/div>\n\t\n\n<h4 style=\"text-align: center;\">STANDARD<\/h4>\n<div class=\"row\"  id=\"row-1064964331\">\n\n\n\t<div id=\"col-1565392337\" class=\"col medium-6 small-12 large-6\"  >\n\t\t\t\t<div class=\"col-inner\"  >\n\t\t\t\n\t\t\t\n\n<a href=\"https:\/\/www.hotelatlantisparis.com\/pt-br\/quarto-standard\/\" target=\"_self\" class=\"button primary is-outline lowercase expand\"  >\n    <span>Descobrir<\/span>\n  <\/a>\n\n\n\n\t\t<\/div>\n\t\t\t\t\t<\/div>\n\n\t\n\n\t<div id=\"col-510850386\" class=\"col medium-6 small-12 large-6\"  >\n\t\t\t\t<div class=\"col-inner\"  >\n\t\t\t\n\t\t\t\n\n<a rel=\"noopener noreferrer\" href=\"https:\/\/www.secure-hotel-booking.com\/Atlantis-Saint-Germain-des-Pres\/2EVV\/pt?hotelId=11385\" target=\"_blank\" class=\"button alert is-shade expand\"  >\n    <span>Reservar<\/span>\n  <\/a>\n\n\n\n\t\t<\/div>\n\t\t\t\t\t<\/div>\n\n\t\n\n<\/div>\n\n\t\t<\/div>\n\t\t\t\t\t<\/div>\n\n\t\n\n\t<div id=\"col-792578402\" class=\"col medium-6 small-12 large-6\"  data-animate=\"fadeInUp\">\n\t\t\t\t<div class=\"col-inner\"  >\n\t\t\t\n\t\t\t\n\n\t<div class=\"img has-hover x md-x lg-x y md-y lg-y\" id=\"image_1066450882\">\n\t\t\t\t\t\t\t\t<div class=\"img-inner image-cover box-shadow-4 dark\" style=\"padding-top:50%;\">\n\t\t\t<img decoding=\"async\" width=\"1020\" height=\"680\" src=\"https:\/\/www.hotelatlantisparis.com\/wp-content\/uploads\/2022\/06\/CHAMBRE304_1-1024x683.jpg\" class=\"attachment-large size-large\" alt=\"H\u00f4tel Atlantis Paris Saint-Germain-des-Pr\u00e9s\" srcset=\"https:\/\/www.hotelatlantisparis.com\/wp-content\/uploads\/2022\/06\/CHAMBRE304_1-1024x683.jpg 1024w, https:\/\/www.hotelatlantisparis.com\/wp-content\/uploads\/2022\/06\/CHAMBRE304_1-300x200.jpg 300w, https:\/\/www.hotelatlantisparis.com\/wp-content\/uploads\/2022\/06\/CHAMBRE304_1-768x512.jpg 768w, https:\/\/www.hotelatlantisparis.com\/wp-content\/uploads\/2022\/06\/CHAMBRE304_1.jpg 1500w\" sizes=\"(max-width: 1020px) 100vw, 1020px\" \/>\t\t\t\t\t\t\n\t\t\t\t\t<\/div>\n\t\t\t\t\t\t\t\t\n<style>\n#image_1066450882 {\n  width: 100%;\n}\n<\/style>\n\t<\/div>\n\t\n\n<h4 style=\"text-align: center;\">CL\u00c1SSICO<\/h4>\n\n<div class=\"row\"  id=\"row-478088094\">\n\n\n\t<div id=\"col-232205899\" class=\"col medium-6 small-12 large-6\"  >\n\t\t\t\t<div class=\"col-inner\"  >\n\t\t\t\n\t\t\t\n\n<a href=\"https:\/\/www.hotelatlantisparis.com\/pt-br\/quarto-classico\/\" target=\"_self\" class=\"button primary is-outline lowercase expand\"  >\n    <span>Descobrir<\/span>\n  <\/a>\n\n\n\n\t\t<\/div>\n\t\t\t\t\t<\/div>\n\n\t\n\n\t<div id=\"col-1966952532\" class=\"col medium-6 small-12 large-6\"  >\n\t\t\t\t<div class=\"col-inner\"  >\n\t\t\t\n\t\t\t\n\n<a rel=\"noopener noreferrer\" href=\"https:\/\/www.secure-hotel-booking.com\/Atlantis-Saint-Germain-des-Pres\/2EVV\/pt?hotelId=11385\" target=\"_blank\" class=\"button alert is-shade expand\"  >\n    <span>Descobrir<\/span>\n  <\/a>\n\n\n\n\t\t<\/div>\n\t\t\t\t\t<\/div>\n\n\t\n\n<\/div>\n\n\t\t<\/div>\n\t\t\t\t\t<\/div>\n\n\t\n\n\t<div id=\"col-1826183396\" class=\"col medium-6 small-12 large-6\"  data-animate=\"fadeInUp\">\n\t\t\t\t<div class=\"col-inner\"  >\n\t\t\t\n\t\t\t\n\n\t<div class=\"img has-hover x md-x lg-x y md-y lg-y\" id=\"image_1975946981\">\n\t\t\t\t\t\t\t\t<div class=\"img-inner image-cover box-shadow-4 dark\" style=\"padding-top:50%;\">\n\t\t\t<img decoding=\"async\" width=\"1020\" height=\"680\" src=\"https:\/\/www.hotelatlantisparis.com\/wp-content\/uploads\/2022\/06\/CHAMBRE303_1-1024x683.jpg\" class=\"attachment-large size-large\" alt=\"H\u00f4tel Atlantis Paris Saint-Germain-des-Pr\u00e9s\" srcset=\"https:\/\/www.hotelatlantisparis.com\/wp-content\/uploads\/2022\/06\/CHAMBRE303_1-1024x683.jpg 1024w, https:\/\/www.hotelatlantisparis.com\/wp-content\/uploads\/2022\/06\/CHAMBRE303_1-300x200.jpg 300w, https:\/\/www.hotelatlantisparis.com\/wp-content\/uploads\/2022\/06\/CHAMBRE303_1-768x512.jpg 768w, https:\/\/www.hotelatlantisparis.com\/wp-content\/uploads\/2022\/06\/CHAMBRE303_1.jpg 1500w\" sizes=\"(max-width: 1020px) 100vw, 1020px\" \/>\t\t\t\t\t\t\n\t\t\t\t\t<\/div>\n\t\t\t\t\t\t\t\t\n<style>\n#image_1975946981 {\n  width: 100%;\n}\n<\/style>\n\t<\/div>\n\t\n\n<h4 style=\"text-align: center;\">SUPERIOR<\/h4>\n\n<div class=\"row\"  id=\"row-262417051\">\n\n\n\t<div id=\"col-1673375588\" class=\"col medium-6 small-12 large-6\"  >\n\t\t\t\t<div class=\"col-inner\"  >\n\t\t\t\n\t\t\t\n\n<a href=\"https:\/\/www.hotelatlantisparis.com\/pt-br\/quarto-superior\/\" target=\"_self\" class=\"button primary is-outline lowercase expand\"  >\n    <span>Descobrir<\/span>\n  <\/a>\n\n\n\n\t\t<\/div>\n\t\t\t\t\t<\/div>\n\n\t\n\n\t<div id=\"col-195546560\" class=\"col medium-6 small-12 large-6\"  >\n\t\t\t\t<div class=\"col-inner\"  >\n\t\t\t\n\t\t\t\n\n<a rel=\"noopener noreferrer\" href=\"https:\/\/www.secure-hotel-booking.com\/Atlantis-Saint-Germain-des-Pres\/2EVV\/pt?hotelId=11385\" target=\"_blank\" class=\"button alert is-shade expand\"  >\n    <span>Reservar<\/span>\n  <\/a>\n\n\n\n\t\t<\/div>\n\t\t\t\t\t<\/div>\n\n\t\n\n<\/div>\n\n\t\t<\/div>\n\t\t\t\t\t<\/div>\n\n\t\n\n\t<div id=\"col-674353692\" class=\"col medium-6 small-12 large-6\"  data-animate=\"fadeInUp\">\n\t\t\t\t<div class=\"col-inner\"  >\n\t\t\t\n\t\t\t\n\n\t<div class=\"img has-hover x md-x lg-x y md-y lg-y\" id=\"image_1695607394\">\n\t\t\t\t\t\t\t\t<div class=\"img-inner image-cover box-shadow-4 dark\" style=\"padding-top:50%;\">\n\t\t\t<img decoding=\"async\" width=\"1020\" height=\"680\" src=\"https:\/\/www.hotelatlantisparis.com\/wp-content\/uploads\/2022\/06\/CHAMBRE502_1-1024x683.jpg\" class=\"attachment-large size-large\" alt=\"H\u00f4tel Atlantis Paris Saint-Germain-des-Pr\u00e9s\" srcset=\"https:\/\/www.hotelatlantisparis.com\/wp-content\/uploads\/2022\/06\/CHAMBRE502_1-1024x683.jpg 1024w, https:\/\/www.hotelatlantisparis.com\/wp-content\/uploads\/2022\/06\/CHAMBRE502_1-300x200.jpg 300w, https:\/\/www.hotelatlantisparis.com\/wp-content\/uploads\/2022\/06\/CHAMBRE502_1-768x512.jpg 768w, https:\/\/www.hotelatlantisparis.com\/wp-content\/uploads\/2022\/06\/CHAMBRE502_1.jpg 1500w\" sizes=\"(max-width: 1020px) 100vw, 1020px\" \/>\t\t\t\t\t\t\n\t\t\t\t\t<\/div>\n\t\t\t\t\t\t\t\t\n<style>\n#image_1695607394 {\n  width: 100%;\n}\n<\/style>\n\t<\/div>\n\t\n\n<h4 style=\"text-align: center;\">DELUXE<\/h4>\n<div class=\"row\"  id=\"row-978018214\">\n\n\n\t<div id=\"col-259902486\" class=\"col medium-6 small-12 large-6\"  >\n\t\t\t\t<div class=\"col-inner\"  >\n\t\t\t\n\t\t\t\n\n<a href=\"https:\/\/www.hotelatlantisparis.com\/pt-br\/quarto-deluxe\/\" target=\"_self\" class=\"button primary is-outline lowercase expand\"  >\n    <span>Descobrir<\/span>\n  <\/a>\n\n\n\n\t\t<\/div>\n\t\t\t\t\t<\/div>\n\n\t\n\n\t<div id=\"col-1983488240\" class=\"col medium-6 small-12 large-6\"  >\n\t\t\t\t<div class=\"col-inner\"  >\n\t\t\t\n\t\t\t\n\n<a rel=\"noopener noreferrer\" href=\"https:\/\/www.secure-hotel-booking.com\/Atlantis-Saint-Germain-des-Pres\/2EVV\/pt?hotelId=11385\" target=\"_blank\" class=\"button alert is-shade expand\"  >\n    <span>Reservar<\/span>\n  <\/a>\n\n\n\n\t\t<\/div>\n\t\t\t\t\t<\/div>\n\n\t\n\n<\/div>\n\n\t\t<\/div>\n\t\t\t\t\t<\/div>\n\n\t\n\n\t<div id=\"col-386726852\" class=\"col medium-6 small-12 large-6\"  data-animate=\"fadeInUp\">\n\t\t\t\t<div class=\"col-inner\"  >\n\t\t\t\n\t\t\t\n\n\t<div class=\"img has-hover x md-x lg-x y md-y lg-y\" id=\"image_1831206661\">\n\t\t\t\t\t\t\t\t<div class=\"img-inner image-cover box-shadow-4 dark\" style=\"padding-top:50%;\">\n\t\t\t<img decoding=\"async\" width=\"1020\" height=\"680\" src=\"https:\/\/www.hotelatlantisparis.com\/wp-content\/uploads\/2022\/06\/CHAMBRE501_1-1024x683.jpg\" class=\"attachment-large size-large\" alt=\"H\u00f4tel Atlantis Paris Saint-Germain-des-Pr\u00e9s\" srcset=\"https:\/\/www.hotelatlantisparis.com\/wp-content\/uploads\/2022\/06\/CHAMBRE501_1-1024x683.jpg 1024w, https:\/\/www.hotelatlantisparis.com\/wp-content\/uploads\/2022\/06\/CHAMBRE501_1-300x200.jpg 300w, https:\/\/www.hotelatlantisparis.com\/wp-content\/uploads\/2022\/06\/CHAMBRE501_1-768x512.jpg 768w, https:\/\/www.hotelatlantisparis.com\/wp-content\/uploads\/2022\/06\/CHAMBRE501_1.jpg 1500w\" sizes=\"(max-width: 1020px) 100vw, 1020px\" \/>\t\t\t\t\t\t\n\t\t\t\t\t<\/div>\n\t\t\t\t\t\t\t\t\n<style>\n#image_1831206661 {\n  width: 100%;\n}\n<\/style>\n\t<\/div>\n\t\n\n<h4 style=\"text-align: center;\">DELUXE 3 PESSOAS<\/h4>\n\n<div class=\"row\"  id=\"row-553892341\">\n\n\n\t<div id=\"col-784800001\" class=\"col medium-6 small-12 large-6\"  >\n\t\t\t\t<div class=\"col-inner\"  >\n\t\t\t\n\t\t\t\n\n<a href=\"https:\/\/www.hotelatlantisparis.com\/pt-br\/quarto-triplo-deluxe\/\" target=\"_self\" class=\"button primary is-outline lowercase expand\"  >\n    <span>Descobrir<\/span>\n  <\/a>\n\n\n\n\t\t<\/div>\n\t\t\t\t\t<\/div>\n\n\t\n\n\t<div id=\"col-97561160\" class=\"col medium-6 small-12 large-6\"  >\n\t\t\t\t<div class=\"col-inner\"  >\n\t\t\t\n\t\t\t\n\n<a rel=\"noopener noreferrer\" href=\"https:\/\/www.secure-hotel-booking.com\/Atlantis-Saint-Germain-des-Pres\/2EVV\/pt?hotelId=11385\" target=\"_blank\" class=\"button alert is-shade expand\"  >\n    <span>Reservar<\/span>\n  <\/a>\n\n\n\n\t\t<\/div>\n\t\t\t\t\t<\/div>\n\n\t\n\n<\/div>\n\n\t\t<\/div>\n\t\t\t\t\t<\/div>\n\n\t\n\n<\/div>\n\n\t\t<\/div>\n\n\t\t\n<style>\n#section_302450266 {\n  padding-top: 0px;\n  padding-bottom: 0px;\n}\n#section_302450266 .ux-shape-divider--top svg {\n  height: 150px;\n  --divider-top-width: 100%;\n}\n#section_302450266 .ux-shape-divider--bottom svg {\n  height: 150px;\n  --divider-width: 100%;\n}\n<\/style>\n\t<\/section>\n\t\n\t<section class=\"section\" id=\"section_857380863\">\n\t\t<div class=\"bg section-bg fill bg-fill  bg-loaded\" >\n\n\t\t\t\n\t\t\t\n\t\t\t\n\n\t\t<\/div>\n\n\t\t\n\n\t\t<div class=\"section-content relative\">\n\t\t\t\n\n<div class=\"row\"  id=\"row-1741914904\">\n\n\n\t<div id=\"col-780909647\" class=\"col small-12 large-12\"  >\n\t\t\t\t<div class=\"col-inner\"  >\n\t\t\t\n\t\t\t\n\n\t<div id=\"text-1322935871\" class=\"text\">\n\t\t\n\n<p style=\"text-align:center;\"><img decoding=\"async\" class=\"size-medium wp-image-133 aligncenter\" src=\"https:\/\/www.hotelatlantisparis.com\/wp-content\/uploads\/2022\/06\/deco-300x54.png\" alt=\"\" width=\"300\" height=\"54\" srcset=\"https:\/\/www.hotelatlantisparis.com\/wp-content\/uploads\/2022\/06\/deco-300x54.png 300w, https:\/\/www.hotelatlantisparis.com\/wp-content\/uploads\/2022\/06\/deco.png 500w\" sizes=\"(max-width: 300px) 100vw, 300px\" \/><\/p>\n<h2>SERVI\u00c7OS E EQUIPAMENTOS NO QUARTO<\/h2>\n\n\t\t\n<style>\n#text-1322935871 {\n  text-align: center;\n}\n<\/style>\n\t<\/div>\n\t\n\n\t\t<\/div>\n\t\t\t\t\t<\/div>\n\n\t\n\n\t<div id=\"col-1310412499\" class=\"col medium-6 small-12 large-6\"  >\n\t\t\t\t<div class=\"col-inner\"  >\n\t\t\t\n\t\t\t\n\n<p>&#8211; Produtos de boas-vindas<br \/>&#8211; Ar-condicionado revers\u00edvel<br \/>&#8211; Secador de cabelos<br \/>&#8211; WiFi gratuito e ilimitado <br \/>&#8211; Televisor com tela plana e canais internacionais<\/p>\n\n\n\t\t<\/div>\n\t\t\t\t\t<\/div>\n\n\t\n\n\t<div id=\"col-1453920705\" class=\"col medium-6 small-12 large-6\"  >\n\t\t\t\t<div class=\"col-inner\"  >\n\t\t\t\n\t\t\t\n\n<p>&#8211; Vista para o p\u00e1tio ou a rua (Igreja &#8211; Pra\u00e7a Saint Sulpice)<br \/>&#8211; Mesa de escrit\u00f3rio com cadeira<br \/>&#8211; Guarda-roupas com cabides<br \/>&#8211; Mesas de cabeceira com abajur<br \/>&#8211; Banheira \/ chuveiro<\/p>\n\n\n\t\t<\/div>\n\t\t\t\t\t<\/div>\n\n\t\n\n<\/div>\n\n\t\t<\/div>\n\n\t\t\n<style>\n#section_857380863 {\n  padding-top: 30px;\n  padding-bottom: 30px;\n  background-color: rgb(255,255,255);\n}\n#section_857380863 .ux-shape-divider--top svg {\n  height: 150px;\n  --divider-top-width: 100%;\n}\n#section_857380863 .ux-shape-divider--bottom svg {\n  height: 150px;\n  --divider-width: 100%;\n}\n<\/style>\n\t<\/section>\n\t\n\n","protected":false},"excerpt":{"rendered":"","protected":false},"author":1,"featured_media":0,"parent":0,"menu_order":0,"comment_status":"closed","ping_status":"closed","template":"page-blank.php","meta":{"footnotes":""},"class_list":["post-651","page","type-page","status-publish","hentry"],"yoast_head":"<!-- This site is optimized with the Yoast SEO plugin v19.9 - https:\/\/yoast.com\/wordpress\/plugins\/seo\/ -->\n<title>Os quartos do hotel Atlantis Paris Saint-Germain-des-Pr\u00e9s<\/title>\n<meta name=\"description\" content=\"Quartos em pleno cora\u00e7\u00e3o do Quartier Latin\" \/>\n<meta name=\"robots\" content=\"index, follow, max-snippet:-1, max-image-preview:large, max-video-preview:-1\" \/>\n<link rel=\"canonical\" href=\"https:\/\/www.hotelatlantisparis.com\/pt-br\/quartos\/\" \/>\n<meta property=\"og:locale\" content=\"pt_BR\" \/>\n<meta property=\"og:type\" content=\"article\" \/>\n<meta property=\"og:title\" content=\"Os quartos do hotel Atlantis Paris Saint-Germain-des-Pr\u00e9s\" \/>\n<meta property=\"og:description\" content=\"Quartos em pleno cora\u00e7\u00e3o do Quartier Latin\" \/>\n<meta property=\"og:url\" content=\"https:\/\/www.hotelatlantisparis.com\/pt-br\/quartos\/\" \/>\n<meta property=\"og:site_name\" content=\"H\u00f4tel Atlantis Saint-Germain-des-Pr\u00e9s\" \/>\n<meta property=\"article:modified_time\" content=\"2022-06-22T08:48:37+00:00\" \/>\n<meta property=\"og:image\" content=\"https:\/\/www.hotelatlantisparis.com\/wp-content\/uploads\/2022\/06\/deco-300x54.png\" \/>\n<meta name=\"twitter:card\" content=\"summary_large_image\" \/>\n<meta name=\"twitter:label1\" content=\"Est. tempo de leitura\" \/>\n\t<meta name=\"twitter:data1\" content=\"2 minutos\" \/>\n<script type=\"application\/ld+json\" class=\"yoast-schema-graph\">{\"@context\":\"https:\/\/schema.org\",\"@graph\":[{\"@type\":\"WebPage\",\"@id\":\"https:\/\/www.hotelatlantisparis.com\/pt-br\/quartos\/\",\"url\":\"https:\/\/www.hotelatlantisparis.com\/pt-br\/quartos\/\",\"name\":\"Os quartos do hotel Atlantis Paris Saint-Germain-des-Pr\u00e9s\",\"isPartOf\":{\"@id\":\"https:\/\/www.hotelatlantisparis.com\/#website\"},\"datePublished\":\"2022-06-08T07:48:32+00:00\",\"dateModified\":\"2022-06-22T08:48:37+00:00\",\"description\":\"Quartos em pleno cora\u00e7\u00e3o do Quartier Latin\",\"breadcrumb\":{\"@id\":\"https:\/\/www.hotelatlantisparis.com\/pt-br\/quartos\/#breadcrumb\"},\"inLanguage\":\"pt-BR\",\"potentialAction\":[{\"@type\":\"ReadAction\",\"target\":[\"https:\/\/www.hotelatlantisparis.com\/pt-br\/quartos\/\"]}]},{\"@type\":\"BreadcrumbList\",\"@id\":\"https:\/\/www.hotelatlantisparis.com\/pt-br\/quartos\/#breadcrumb\",\"itemListElement\":[{\"@type\":\"ListItem\",\"position\":1,\"name\":\"Accueil\",\"item\":\"https:\/\/www.hotelatlantisparis.com\/pt-br\/\"},{\"@type\":\"ListItem\",\"position\":2,\"name\":\"Chambres\"}]},{\"@type\":\"WebSite\",\"@id\":\"https:\/\/www.hotelatlantisparis.com\/#website\",\"url\":\"https:\/\/www.hotelatlantisparis.com\/\",\"name\":\"H\u00f4tel Atlantis Saint-Germain-des-Pr\u00e9s\",\"description\":\"Un h\u00f4tel 3 \u00e9toiles de charme \u00e0 Paris\",\"publisher\":{\"@id\":\"https:\/\/www.hotelatlantisparis.com\/#organization\"},\"potentialAction\":[{\"@type\":\"SearchAction\",\"target\":{\"@type\":\"EntryPoint\",\"urlTemplate\":\"https:\/\/www.hotelatlantisparis.com\/?s={search_term_string}\"},\"query-input\":\"required name=search_term_string\"}],\"inLanguage\":\"pt-BR\"},{\"@type\":\"Organization\",\"@id\":\"https:\/\/www.hotelatlantisparis.com\/#organization\",\"name\":\"H\u00f4tel Atlantis Saint-Germain-des-Pr\u00e9s\",\"url\":\"https:\/\/www.hotelatlantisparis.com\/\",\"logo\":{\"@type\":\"ImageObject\",\"inLanguage\":\"pt-BR\",\"@id\":\"https:\/\/www.hotelatlantisparis.com\/#\/schema\/logo\/image\/\",\"url\":\"https:\/\/www.hotelatlantisparis.com\/wp-content\/uploads\/2022\/06\/logo-Hotel-Atlantis-Paris-2.png\",\"contentUrl\":\"https:\/\/www.hotelatlantisparis.com\/wp-content\/uploads\/2022\/06\/logo-Hotel-Atlantis-Paris-2.png\",\"width\":560,\"height\":150,\"caption\":\"H\u00f4tel Atlantis Saint-Germain-des-Pr\u00e9s\"},\"image\":{\"@id\":\"https:\/\/www.hotelatlantisparis.com\/#\/schema\/logo\/image\/\"}}]}<\/script>\n<!-- \/ Yoast SEO plugin. -->","yoast_head_json":{"title":"Os quartos do hotel Atlantis Paris Saint-Germain-des-Pr\u00e9s","description":"Quartos em pleno cora\u00e7\u00e3o do Quartier Latin","robots":{"index":"index","follow":"follow","max-snippet":"max-snippet:-1","max-image-preview":"max-image-preview:large","max-video-preview":"max-video-preview:-1"},"canonical":"https:\/\/www.hotelatlantisparis.com\/pt-br\/quartos\/","og_locale":"pt_BR","og_type":"article","og_title":"Os quartos do hotel Atlantis Paris Saint-Germain-des-Pr\u00e9s","og_description":"Quartos em pleno cora\u00e7\u00e3o do Quartier Latin","og_url":"https:\/\/www.hotelatlantisparis.com\/pt-br\/quartos\/","og_site_name":"H\u00f4tel Atlantis Saint-Germain-des-Pr\u00e9s","article_modified_time":"2022-06-22T08:48:37+00:00","og_image":[{"url":"https:\/\/www.hotelatlantisparis.com\/wp-content\/uploads\/2022\/06\/deco-300x54.png"}],"twitter_card":"summary_large_image","twitter_misc":{"Est. tempo de leitura":"2 minutos"},"schema":{"@context":"https:\/\/schema.org","@graph":[{"@type":"WebPage","@id":"https:\/\/www.hotelatlantisparis.com\/pt-br\/quartos\/","url":"https:\/\/www.hotelatlantisparis.com\/pt-br\/quartos\/","name":"Os quartos do hotel Atlantis Paris Saint-Germain-des-Pr\u00e9s","isPartOf":{"@id":"https:\/\/www.hotelatlantisparis.com\/#website"},"datePublished":"2022-06-08T07:48:32+00:00","dateModified":"2022-06-22T08:48:37+00:00","description":"Quartos em pleno cora\u00e7\u00e3o do Quartier Latin","breadcrumb":{"@id":"https:\/\/www.hotelatlantisparis.com\/pt-br\/quartos\/#breadcrumb"},"inLanguage":"pt-BR","potentialAction":[{"@type":"ReadAction","target":["https:\/\/www.hotelatlantisparis.com\/pt-br\/quartos\/"]}]},{"@type":"BreadcrumbList","@id":"https:\/\/www.hotelatlantisparis.com\/pt-br\/quartos\/#breadcrumb","itemListElement":[{"@type":"ListItem","position":1,"name":"Accueil","item":"https:\/\/www.hotelatlantisparis.com\/pt-br\/"},{"@type":"ListItem","position":2,"name":"Chambres"}]},{"@type":"WebSite","@id":"https:\/\/www.hotelatlantisparis.com\/#website","url":"https:\/\/www.hotelatlantisparis.com\/","name":"H\u00f4tel Atlantis Saint-Germain-des-Pr\u00e9s","description":"Un h\u00f4tel 3 \u00e9toiles de charme \u00e0 Paris","publisher":{"@id":"https:\/\/www.hotelatlantisparis.com\/#organization"},"potentialAction":[{"@type":"SearchAction","target":{"@type":"EntryPoint","urlTemplate":"https:\/\/www.hotelatlantisparis.com\/?s={search_term_string}"},"query-input":"required name=search_term_string"}],"inLanguage":"pt-BR"},{"@type":"Organization","@id":"https:\/\/www.hotelatlantisparis.com\/#organization","name":"H\u00f4tel Atlantis Saint-Germain-des-Pr\u00e9s","url":"https:\/\/www.hotelatlantisparis.com\/","logo":{"@type":"ImageObject","inLanguage":"pt-BR","@id":"https:\/\/www.hotelatlantisparis.com\/#\/schema\/logo\/image\/","url":"https:\/\/www.hotelatlantisparis.com\/wp-content\/uploads\/2022\/06\/logo-Hotel-Atlantis-Paris-2.png","contentUrl":"https:\/\/www.hotelatlantisparis.com\/wp-content\/uploads\/2022\/06\/logo-Hotel-Atlantis-Paris-2.png","width":560,"height":150,"caption":"H\u00f4tel Atlantis Saint-Germain-des-Pr\u00e9s"},"image":{"@id":"https:\/\/www.hotelatlantisparis.com\/#\/schema\/logo\/image\/"}}]}},"_links":{"self":[{"href":"https:\/\/www.hotelatlantisparis.com\/pt-br\/wp-json\/wp\/v2\/pages\/651","targetHints":{"allow":["GET"]}}],"collection":[{"href":"https:\/\/www.hotelatlantisparis.com\/pt-br\/wp-json\/wp\/v2\/pages"}],"about":[{"href":"https:\/\/www.hotelatlantisparis.com\/pt-br\/wp-json\/wp\/v2\/types\/page"}],"author":[{"embeddable":true,"href":"https:\/\/www.hotelatlantisparis.com\/pt-br\/wp-json\/wp\/v2\/users\/1"}],"replies":[{"embeddable":true,"href":"https:\/\/www.hotelatlantisparis.com\/pt-br\/wp-json\/wp\/v2\/comments?post=651"}],"version-history":[{"count":2,"href":"https:\/\/www.hotelatlantisparis.com\/pt-br\/wp-json\/wp\/v2\/pages\/651\/revisions"}],"predecessor-version":[{"id":839,"href":"https:\/\/www.hotelatlantisparis.com\/pt-br\/wp-json\/wp\/v2\/pages\/651\/revisions\/839"}],"wp:attachment":[{"href":"https:\/\/www.hotelatlantisparis.com\/pt-br\/wp-json\/wp\/v2\/media?parent=651"}],"curies":[{"name":"wp","href":"https:\/\/api.w.org\/{rel}","templated":true}]}}