{"id":656,"date":"2022-06-10T08:23:34","date_gmt":"2022-06-10T06:23:34","guid":{"rendered":"https:\/\/www.hotelatlantisparis.com\/contact-acces\/"},"modified":"2022-06-22T10:52:24","modified_gmt":"2022-06-22T08:52:24","slug":"contato-acesso","status":"publish","type":"page","link":"https:\/\/www.hotelatlantisparis.com\/pt-br\/contato-acesso\/","title":{"rendered":"Contact &#038; acc\u00e9s"},"content":{"rendered":"\n\n\n<iframe src=\"https:\/\/www.google.com\/maps\/embed?pb=!1m18!1m12!1m3!1d10501.41523103213!2d2.323764868771253!3d48.85146330914813!2m3!1f0!2f0!3f0!3m2!1i1024!2i768!4f13.1!3m3!1m2!1s0x47e671d754ae27b1%3A0x8ce38e396805f33c!2s4%20Rue%20du%20Vieux%20Colombier%2C%2075006%20Paris!5e0!3m2!1sfr!2sfr!4v1654672939234!5m2!1sfr!2sfr\" width=\"100%\" height=\"400\" style=\"border:0;\" allowfullscreen=\"\" loading=\"lazy\" referrerpolicy=\"no-referrer-when-downgrade\"><\/iframe>\n\n\t<section class=\"section\" id=\"section_490916642\">\n\t\t<div class=\"bg section-bg fill bg-fill  bg-loaded\" >\n\n\t\t\t\n\t\t\t\n\t\t\t\n\n\t\t<\/div>\n\n\t\t\n\n\t\t<div class=\"section-content relative\">\n\t\t\t\n\n<div class=\"row\"  id=\"row-1580690191\">\n\n\n\t<div id=\"col-491700933\" class=\"col small-12 large-12\"  data-animate=\"fadeInUp\">\n\t\t\t\t<div class=\"col-inner\"  >\n\t\t\t\n\t\t\t\n\n<h1 style=\"text-align: center;\">COMO CHEGAR? <\/h1>\n<p style=\"text-align: center;\"><img decoding=\"async\" class=\"aligncenter size-medium wp-image-133\" src=\"https:\/\/www.hotelatlantisparis.com\/wp-content\/uploads\/2022\/06\/deco-300x54.png\" alt=\"\" width=\"300\" height=\"54\" srcset=\"https:\/\/www.hotelatlantisparis.com\/wp-content\/uploads\/2022\/06\/deco-300x54.png 300w, https:\/\/www.hotelatlantisparis.com\/wp-content\/uploads\/2022\/06\/deco.png 500w\" sizes=\"(max-width: 300px) 100vw, 300px\" \/><\/p>\n<p><strong>DE METR\u00d4<\/strong><br \/>Metr\u00f4 Saint Sulpice linha 4 ou Mabillon linha 10<\/p>\n<p><strong>DE AVI\u00c3O<\/strong><br \/>De t\u00e1xi, a partir de ambos os aeroportos parisienses, os pre\u00e7os s\u00e3o regulamentados.<br \/> \nRoissy Charles de Gaulle: Pegue o RER B at\u00e9 Saint-Michel, em seguida tome a linha 4 do metr\u00f4 ou o \u00f4nibus 96 at\u00e9 \u00e0 parada Saint Sulpice.<br \/>\nOrly: Pegue o Orly Bus at\u00e9 Antony, em seguida, o RER B at\u00e9 Saint-Michel e, finalmente, a linha 4 do metr\u00f4 ou o \u00f4nibus 96 at\u00e9 Saint-Sulpice. <\/p>\n<p><strong>DE TREM<\/strong><br \/>A partir da esta\u00e7\u00e3o ferrovi\u00e1ria Gare de Montparnasse, tome a linha 4 do metr\u00f4 ou o \u00f4nibus 95 ou 96 at\u00e9 a parada Saint Sulpice. <br \/>\nA partir das esta\u00e7\u00f5es ferrovi\u00e1rias Gare de l&#8217;Est e Gare du Nord, pegue a linha 4 do metr\u00f4 at\u00e9 a parada Saint Sulpice.<br \/>\nA partir da Gare de Lyon, pegue o \u00f4nibus 63 at\u00e9 Saint-Germain-des-Pr\u00e9s ou a linha 14 at\u00e9 Chatelet e, em seguida, a linha 4 at\u00e9 Saint Sulpice. <\/p>\n\n\n  \n    <div id=\"gallery-2095011615\" class=\"slider slider-auto-height row-collapse slider-nav-reveal\" data-flickity-options='{\"imagesLoaded\": true, \"dragThreshold\" : 5, \"cellAlign\": \"left\",\"wrapAround\": true,\"prevNextButtons\": true,\"percentPosition\": true,\"pageDots\": true, \"rightToLeft\": false, \"autoPlay\" : 3000}'>\n\n  <div class=\"gallery-col col\" >\n          <div class=\"col-inner\">\n            <a class=\"image-lightbox lightbox-gallery\" href=\"https:\/\/www.hotelatlantisparis.com\/wp-content\/uploads\/2022\/06\/PLACE-EGLISE_3-1024x683.jpg\" title=\"\">            <div class=\"box has-hover gallery-box box-overlay dark\">\n              <div class=\"box-image box-shadow-3\" >\n                <img decoding=\"async\" width=\"300\" height=\"200\" src=\"https:\/\/www.hotelatlantisparis.com\/wp-content\/uploads\/2022\/06\/PLACE-EGLISE_3-300x200.jpg\" class=\"attachment-medium size-medium\" alt=\"\" ids=\"70,71,69,68\" type=\"slider-full\" depth=\"3\" slider_nav_color=\"light\" slider_bullets=\"true\" auto_slide=\"3000\" srcset=\"https:\/\/www.hotelatlantisparis.com\/wp-content\/uploads\/2022\/06\/PLACE-EGLISE_3-300x200.jpg 300w, https:\/\/www.hotelatlantisparis.com\/wp-content\/uploads\/2022\/06\/PLACE-EGLISE_3-1024x683.jpg 1024w, https:\/\/www.hotelatlantisparis.com\/wp-content\/uploads\/2022\/06\/PLACE-EGLISE_3-768x512.jpg 768w, https:\/\/www.hotelatlantisparis.com\/wp-content\/uploads\/2022\/06\/PLACE-EGLISE_3.jpg 1500w\" sizes=\"(max-width: 300px) 100vw, 300px\" \/>                                  <div class=\"overlay fill\"\n                      style=\"background-color: rgba(0,0,0,.15)\">\n                  <\/div>\n                                                              <\/div>\n              <div class=\"box-text text-left\" >\n                 <p><\/p>\n              <\/div>\n            <\/div>\n            <\/a>          <\/div>\n         <\/div><div class=\"gallery-col col\" >\n          <div class=\"col-inner\">\n            <a class=\"image-lightbox lightbox-gallery\" href=\"https:\/\/www.hotelatlantisparis.com\/wp-content\/uploads\/2022\/06\/PLACE-EGLISE_4-1024x683.jpg\" title=\"\">            <div class=\"box has-hover gallery-box box-overlay dark\">\n              <div class=\"box-image box-shadow-3\" >\n                <img decoding=\"async\" width=\"300\" height=\"200\" src=\"https:\/\/www.hotelatlantisparis.com\/wp-content\/uploads\/2022\/06\/PLACE-EGLISE_4-300x200.jpg\" class=\"attachment-medium size-medium\" alt=\"\" ids=\"70,71,69,68\" type=\"slider-full\" depth=\"3\" slider_nav_color=\"light\" slider_bullets=\"true\" auto_slide=\"3000\" srcset=\"https:\/\/www.hotelatlantisparis.com\/wp-content\/uploads\/2022\/06\/PLACE-EGLISE_4-300x200.jpg 300w, https:\/\/www.hotelatlantisparis.com\/wp-content\/uploads\/2022\/06\/PLACE-EGLISE_4-1024x683.jpg 1024w, https:\/\/www.hotelatlantisparis.com\/wp-content\/uploads\/2022\/06\/PLACE-EGLISE_4-768x512.jpg 768w, https:\/\/www.hotelatlantisparis.com\/wp-content\/uploads\/2022\/06\/PLACE-EGLISE_4.jpg 1500w\" sizes=\"(max-width: 300px) 100vw, 300px\" \/>                                  <div class=\"overlay fill\"\n                      style=\"background-color: rgba(0,0,0,.15)\">\n                  <\/div>\n                                                              <\/div>\n              <div class=\"box-text text-left\" >\n                 <p><\/p>\n              <\/div>\n            <\/div>\n            <\/a>          <\/div>\n         <\/div><div class=\"gallery-col col\" >\n          <div class=\"col-inner\">\n            <a class=\"image-lightbox lightbox-gallery\" href=\"https:\/\/www.hotelatlantisparis.com\/wp-content\/uploads\/2022\/06\/PLACE-EGLISE_2-1024x683.jpg\" title=\"\">            <div class=\"box has-hover gallery-box box-overlay dark\">\n              <div class=\"box-image box-shadow-3\" >\n                <img decoding=\"async\" width=\"300\" height=\"200\" src=\"https:\/\/www.hotelatlantisparis.com\/wp-content\/uploads\/2022\/06\/PLACE-EGLISE_2-300x200.jpg\" class=\"attachment-medium size-medium\" alt=\"\" ids=\"70,71,69,68\" type=\"slider-full\" depth=\"3\" slider_nav_color=\"light\" slider_bullets=\"true\" auto_slide=\"3000\" srcset=\"https:\/\/www.hotelatlantisparis.com\/wp-content\/uploads\/2022\/06\/PLACE-EGLISE_2-300x200.jpg 300w, https:\/\/www.hotelatlantisparis.com\/wp-content\/uploads\/2022\/06\/PLACE-EGLISE_2-1024x683.jpg 1024w, https:\/\/www.hotelatlantisparis.com\/wp-content\/uploads\/2022\/06\/PLACE-EGLISE_2-768x512.jpg 768w, https:\/\/www.hotelatlantisparis.com\/wp-content\/uploads\/2022\/06\/PLACE-EGLISE_2.jpg 1500w\" sizes=\"(max-width: 300px) 100vw, 300px\" \/>                                  <div class=\"overlay fill\"\n                      style=\"background-color: rgba(0,0,0,.15)\">\n                  <\/div>\n                                                              <\/div>\n              <div class=\"box-text text-left\" >\n                 <p><\/p>\n              <\/div>\n            <\/div>\n            <\/a>          <\/div>\n         <\/div><div class=\"gallery-col col\" >\n          <div class=\"col-inner\">\n            <a class=\"image-lightbox lightbox-gallery\" href=\"https:\/\/www.hotelatlantisparis.com\/wp-content\/uploads\/2022\/06\/PLACE-EGLISE_1-1024x683.jpg\" title=\"\">            <div class=\"box has-hover gallery-box box-overlay dark\">\n              <div class=\"box-image box-shadow-3\" >\n                <img decoding=\"async\" width=\"300\" height=\"200\" src=\"https:\/\/www.hotelatlantisparis.com\/wp-content\/uploads\/2022\/06\/PLACE-EGLISE_1-300x200.jpg\" class=\"attachment-medium size-medium\" alt=\"\" ids=\"70,71,69,68\" type=\"slider-full\" depth=\"3\" slider_nav_color=\"light\" slider_bullets=\"true\" auto_slide=\"3000\" srcset=\"https:\/\/www.hotelatlantisparis.com\/wp-content\/uploads\/2022\/06\/PLACE-EGLISE_1-300x200.jpg 300w, https:\/\/www.hotelatlantisparis.com\/wp-content\/uploads\/2022\/06\/PLACE-EGLISE_1-1024x683.jpg 1024w, https:\/\/www.hotelatlantisparis.com\/wp-content\/uploads\/2022\/06\/PLACE-EGLISE_1-768x512.jpg 768w, https:\/\/www.hotelatlantisparis.com\/wp-content\/uploads\/2022\/06\/PLACE-EGLISE_1.jpg 1500w\" sizes=\"(max-width: 300px) 100vw, 300px\" \/>                                  <div class=\"overlay fill\"\n                      style=\"background-color: rgba(0,0,0,.15)\">\n                  <\/div>\n                                                              <\/div>\n              <div class=\"box-text text-left\" >\n                 <p><\/p>\n              <\/div>\n            <\/div>\n            <\/a>          <\/div>\n         <\/div><\/div>\n\n\n\t\t<\/div>\n\t\t\t\t\n<style>\n#col-491700933 > .col-inner {\n  margin: 20px 0px 0px 0px;\n}\n<\/style>\n\t<\/div>\n\n\t\n\n<\/div>\n\n\t\t<\/div>\n\n\t\t\n<style>\n#section_490916642 {\n  padding-top: 30px;\n  padding-bottom: 30px;\n}\n#section_490916642 .ux-shape-divider--top svg {\n  height: 150px;\n  --divider-top-width: 100%;\n}\n#section_490916642 .ux-shape-divider--bottom svg {\n  height: 150px;\n  --divider-width: 100%;\n}\n<\/style>\n\t<\/section>\n\t\n\n","protected":false},"excerpt":{"rendered":"","protected":false},"author":1,"featured_media":0,"parent":0,"menu_order":0,"comment_status":"closed","ping_status":"closed","template":"page-blank.php","meta":{"footnotes":""},"class_list":["post-656","page","type-page","status-publish","hentry"],"yoast_head":"<!-- This site is optimized with the Yoast SEO plugin v19.9 - https:\/\/yoast.com\/wordpress\/plugins\/seo\/ -->\n<title>Contato &amp; acesso ao hotel Atlantis Paris Saint-Germain-des-Pr\u00e9s<\/title>\n<meta name=\"robots\" content=\"index, follow, max-snippet:-1, max-image-preview:large, max-video-preview:-1\" \/>\n<link rel=\"canonical\" href=\"https:\/\/www.hotelatlantisparis.com\/pt-br\/contato-acesso\/\" \/>\n<meta property=\"og:locale\" content=\"pt_BR\" \/>\n<meta property=\"og:type\" content=\"article\" \/>\n<meta property=\"og:title\" content=\"Contato &amp; acesso ao hotel Atlantis Paris Saint-Germain-des-Pr\u00e9s\" \/>\n<meta property=\"og:url\" content=\"https:\/\/www.hotelatlantisparis.com\/pt-br\/contato-acesso\/\" \/>\n<meta property=\"og:site_name\" content=\"H\u00f4tel Atlantis Saint-Germain-des-Pr\u00e9s\" \/>\n<meta property=\"article:modified_time\" content=\"2022-06-22T08:52:24+00:00\" \/>\n<meta property=\"og:image\" content=\"https:\/\/www.hotelatlantisparis.com\/wp-content\/uploads\/2022\/06\/deco-300x54.png\" \/>\n<meta name=\"twitter:card\" content=\"summary_large_image\" \/>\n<meta name=\"twitter:label1\" content=\"Est. tempo de leitura\" \/>\n\t<meta name=\"twitter:data1\" content=\"2 minutos\" \/>\n<script type=\"application\/ld+json\" class=\"yoast-schema-graph\">{\"@context\":\"https:\/\/schema.org\",\"@graph\":[{\"@type\":\"WebPage\",\"@id\":\"https:\/\/www.hotelatlantisparis.com\/pt-br\/contato-acesso\/\",\"url\":\"https:\/\/www.hotelatlantisparis.com\/pt-br\/contato-acesso\/\",\"name\":\"Contato & acesso ao hotel Atlantis Paris Saint-Germain-des-Pr\u00e9s\",\"isPartOf\":{\"@id\":\"https:\/\/www.hotelatlantisparis.com\/#website\"},\"datePublished\":\"2022-06-10T06:23:34+00:00\",\"dateModified\":\"2022-06-22T08:52:24+00:00\",\"breadcrumb\":{\"@id\":\"https:\/\/www.hotelatlantisparis.com\/pt-br\/contato-acesso\/#breadcrumb\"},\"inLanguage\":\"pt-BR\",\"potentialAction\":[{\"@type\":\"ReadAction\",\"target\":[\"https:\/\/www.hotelatlantisparis.com\/pt-br\/contato-acesso\/\"]}]},{\"@type\":\"BreadcrumbList\",\"@id\":\"https:\/\/www.hotelatlantisparis.com\/pt-br\/contato-acesso\/#breadcrumb\",\"itemListElement\":[{\"@type\":\"ListItem\",\"position\":1,\"name\":\"Accueil\",\"item\":\"https:\/\/www.hotelatlantisparis.com\/pt-br\/\"},{\"@type\":\"ListItem\",\"position\":2,\"name\":\"Contact &#038; acc\u00e9s\"}]},{\"@type\":\"WebSite\",\"@id\":\"https:\/\/www.hotelatlantisparis.com\/#website\",\"url\":\"https:\/\/www.hotelatlantisparis.com\/\",\"name\":\"H\u00f4tel Atlantis Saint-Germain-des-Pr\u00e9s\",\"description\":\"Un h\u00f4tel 3 \u00e9toiles de charme \u00e0 Paris\",\"publisher\":{\"@id\":\"https:\/\/www.hotelatlantisparis.com\/#organization\"},\"potentialAction\":[{\"@type\":\"SearchAction\",\"target\":{\"@type\":\"EntryPoint\",\"urlTemplate\":\"https:\/\/www.hotelatlantisparis.com\/?s={search_term_string}\"},\"query-input\":\"required name=search_term_string\"}],\"inLanguage\":\"pt-BR\"},{\"@type\":\"Organization\",\"@id\":\"https:\/\/www.hotelatlantisparis.com\/#organization\",\"name\":\"H\u00f4tel Atlantis Saint-Germain-des-Pr\u00e9s\",\"url\":\"https:\/\/www.hotelatlantisparis.com\/\",\"logo\":{\"@type\":\"ImageObject\",\"inLanguage\":\"pt-BR\",\"@id\":\"https:\/\/www.hotelatlantisparis.com\/#\/schema\/logo\/image\/\",\"url\":\"https:\/\/www.hotelatlantisparis.com\/wp-content\/uploads\/2022\/06\/logo-Hotel-Atlantis-Paris-2.png\",\"contentUrl\":\"https:\/\/www.hotelatlantisparis.com\/wp-content\/uploads\/2022\/06\/logo-Hotel-Atlantis-Paris-2.png\",\"width\":560,\"height\":150,\"caption\":\"H\u00f4tel Atlantis Saint-Germain-des-Pr\u00e9s\"},\"image\":{\"@id\":\"https:\/\/www.hotelatlantisparis.com\/#\/schema\/logo\/image\/\"}}]}<\/script>\n<!-- \/ Yoast SEO plugin. -->","yoast_head_json":{"title":"Contato & acesso ao hotel Atlantis Paris Saint-Germain-des-Pr\u00e9s","robots":{"index":"index","follow":"follow","max-snippet":"max-snippet:-1","max-image-preview":"max-image-preview:large","max-video-preview":"max-video-preview:-1"},"canonical":"https:\/\/www.hotelatlantisparis.com\/pt-br\/contato-acesso\/","og_locale":"pt_BR","og_type":"article","og_title":"Contato & acesso ao hotel Atlantis Paris Saint-Germain-des-Pr\u00e9s","og_url":"https:\/\/www.hotelatlantisparis.com\/pt-br\/contato-acesso\/","og_site_name":"H\u00f4tel Atlantis Saint-Germain-des-Pr\u00e9s","article_modified_time":"2022-06-22T08:52:24+00:00","og_image":[{"url":"https:\/\/www.hotelatlantisparis.com\/wp-content\/uploads\/2022\/06\/deco-300x54.png"}],"twitter_card":"summary_large_image","twitter_misc":{"Est. tempo de leitura":"2 minutos"},"schema":{"@context":"https:\/\/schema.org","@graph":[{"@type":"WebPage","@id":"https:\/\/www.hotelatlantisparis.com\/pt-br\/contato-acesso\/","url":"https:\/\/www.hotelatlantisparis.com\/pt-br\/contato-acesso\/","name":"Contato & acesso ao hotel Atlantis Paris Saint-Germain-des-Pr\u00e9s","isPartOf":{"@id":"https:\/\/www.hotelatlantisparis.com\/#website"},"datePublished":"2022-06-10T06:23:34+00:00","dateModified":"2022-06-22T08:52:24+00:00","breadcrumb":{"@id":"https:\/\/www.hotelatlantisparis.com\/pt-br\/contato-acesso\/#breadcrumb"},"inLanguage":"pt-BR","potentialAction":[{"@type":"ReadAction","target":["https:\/\/www.hotelatlantisparis.com\/pt-br\/contato-acesso\/"]}]},{"@type":"BreadcrumbList","@id":"https:\/\/www.hotelatlantisparis.com\/pt-br\/contato-acesso\/#breadcrumb","itemListElement":[{"@type":"ListItem","position":1,"name":"Accueil","item":"https:\/\/www.hotelatlantisparis.com\/pt-br\/"},{"@type":"ListItem","position":2,"name":"Contact &#038; acc\u00e9s"}]},{"@type":"WebSite","@id":"https:\/\/www.hotelatlantisparis.com\/#website","url":"https:\/\/www.hotelatlantisparis.com\/","name":"H\u00f4tel Atlantis Saint-Germain-des-Pr\u00e9s","description":"Un h\u00f4tel 3 \u00e9toiles de charme \u00e0 Paris","publisher":{"@id":"https:\/\/www.hotelatlantisparis.com\/#organization"},"potentialAction":[{"@type":"SearchAction","target":{"@type":"EntryPoint","urlTemplate":"https:\/\/www.hotelatlantisparis.com\/?s={search_term_string}"},"query-input":"required name=search_term_string"}],"inLanguage":"pt-BR"},{"@type":"Organization","@id":"https:\/\/www.hotelatlantisparis.com\/#organization","name":"H\u00f4tel Atlantis Saint-Germain-des-Pr\u00e9s","url":"https:\/\/www.hotelatlantisparis.com\/","logo":{"@type":"ImageObject","inLanguage":"pt-BR","@id":"https:\/\/www.hotelatlantisparis.com\/#\/schema\/logo\/image\/","url":"https:\/\/www.hotelatlantisparis.com\/wp-content\/uploads\/2022\/06\/logo-Hotel-Atlantis-Paris-2.png","contentUrl":"https:\/\/www.hotelatlantisparis.com\/wp-content\/uploads\/2022\/06\/logo-Hotel-Atlantis-Paris-2.png","width":560,"height":150,"caption":"H\u00f4tel Atlantis Saint-Germain-des-Pr\u00e9s"},"image":{"@id":"https:\/\/www.hotelatlantisparis.com\/#\/schema\/logo\/image\/"}}]}},"_links":{"self":[{"href":"https:\/\/www.hotelatlantisparis.com\/pt-br\/wp-json\/wp\/v2\/pages\/656","targetHints":{"allow":["GET"]}}],"collection":[{"href":"https:\/\/www.hotelatlantisparis.com\/pt-br\/wp-json\/wp\/v2\/pages"}],"about":[{"href":"https:\/\/www.hotelatlantisparis.com\/pt-br\/wp-json\/wp\/v2\/types\/page"}],"author":[{"embeddable":true,"href":"https:\/\/www.hotelatlantisparis.com\/pt-br\/wp-json\/wp\/v2\/users\/1"}],"replies":[{"embeddable":true,"href":"https:\/\/www.hotelatlantisparis.com\/pt-br\/wp-json\/wp\/v2\/comments?post=656"}],"version-history":[{"count":2,"href":"https:\/\/www.hotelatlantisparis.com\/pt-br\/wp-json\/wp\/v2\/pages\/656\/revisions"}],"predecessor-version":[{"id":842,"href":"https:\/\/www.hotelatlantisparis.com\/pt-br\/wp-json\/wp\/v2\/pages\/656\/revisions\/842"}],"wp:attachment":[{"href":"https:\/\/www.hotelatlantisparis.com\/pt-br\/wp-json\/wp\/v2\/media?parent=656"}],"curies":[{"name":"wp","href":"https:\/\/api.w.org\/{rel}","templated":true}]}}