{"id":666,"date":"2022-06-10T06:57:27","date_gmt":"2022-06-10T04:57:27","guid":{"rendered":"https:\/\/www.hotelatlantisparis.com\/services\/"},"modified":"2022-06-22T10:56:07","modified_gmt":"2022-06-22T08:56:07","slug":"servicos","status":"publish","type":"page","link":"https:\/\/www.hotelatlantisparis.com\/pt-br\/servicos\/","title":{"rendered":"Services"},"content":{"rendered":"\n\t<section class=\"section\" id=\"section_1540243587\">\n\t\t<div class=\"bg section-bg fill bg-fill  bg-loaded\" >\n\n\t\t\t\n\t\t\t\n\t\t\t\n\n\t\t<\/div>\n\n\t\t\n\n\t\t<div class=\"section-content relative\">\n\t\t\t\n\n<div class=\"slider-wrapper relative\" id=\"slider-1329636560\" >\n    <div class=\"slider slider-type-fade slider-nav-circle slider-nav-large slider-nav-light slider-style-normal\"\n        data-flickity-options='{\n            \"cellAlign\": \"center\",\n            \"imagesLoaded\": true,\n            \"lazyLoad\": 1,\n            \"freeScroll\": false,\n            \"wrapAround\": true,\n            \"autoPlay\": 6000,\n            \"pauseAutoPlayOnHover\" : true,\n            \"prevNextButtons\": true,\n            \"contain\" : true,\n            \"adaptiveHeight\" : true,\n            \"dragThreshold\" : 10,\n            \"percentPosition\": true,\n            \"pageDots\": true,\n            \"rightToLeft\": false,\n            \"draggable\": true,\n            \"selectedAttraction\": 0.1,\n            \"parallax\" : 0,\n            \"friction\": 0.6        }'\n        >\n        \n\n\n  <div class=\"banner has-hover is-full-height\" id=\"banner-2087485342\">\n          <div class=\"banner-inner fill\">\n        <div class=\"banner-bg fill\" >\n            <div class=\"bg fill bg-fill \"><\/div>\n                                    \n                    <\/div>\n\t\t\n        <div class=\"banner-layers container\">\n            <div class=\"fill banner-link\"><\/div>            \n\n\n        <\/div>\n      <\/div>\n\n            \n<style>\n#banner-2087485342 {\n  padding-top: 100%;\n}\n#banner-2087485342 .bg.bg-loaded {\n  background-image: url(https:\/\/www.hotelatlantisparis.com\/wp-content\/uploads\/2022\/06\/PARTIES-COMMUNES_11.jpg);\n}\n#banner-2087485342 .ux-shape-divider--top svg {\n  height: 150px;\n  --divider-top-width: 100%;\n}\n#banner-2087485342 .ux-shape-divider--bottom svg {\n  height: 150px;\n  --divider-width: 100%;\n}\n<\/style>\n  <\/div>\n\n\n\n  <div class=\"banner has-hover is-full-height\" id=\"banner-599626762\">\n          <div class=\"banner-inner fill\">\n        <div class=\"banner-bg fill\" >\n            <div class=\"bg fill bg-fill \"><\/div>\n                                    \n                    <\/div>\n\t\t\n        <div class=\"banner-layers container\">\n            <div class=\"fill banner-link\"><\/div>            \n\n\n        <\/div>\n      <\/div>\n\n            \n<style>\n#banner-599626762 {\n  padding-top: 100%;\n}\n#banner-599626762 .bg.bg-loaded {\n  background-image: url(https:\/\/www.hotelatlantisparis.com\/wp-content\/uploads\/2022\/06\/PARTIES-COMMUNES_8.jpg);\n}\n#banner-599626762 .ux-shape-divider--top svg {\n  height: 150px;\n  --divider-top-width: 100%;\n}\n#banner-599626762 .ux-shape-divider--bottom svg {\n  height: 150px;\n  --divider-width: 100%;\n}\n<\/style>\n  <\/div>\n\n\n\n  <div class=\"banner has-hover is-full-height\" id=\"banner-619791867\">\n          <div class=\"banner-inner fill\">\n        <div class=\"banner-bg fill\" >\n            <div class=\"bg fill bg-fill \"><\/div>\n                                    \n                    <\/div>\n\t\t\n        <div class=\"banner-layers container\">\n            <div class=\"fill banner-link\"><\/div>            \n\n\n        <\/div>\n      <\/div>\n\n            \n<style>\n#banner-619791867 {\n  padding-top: 100%;\n}\n#banner-619791867 .bg.bg-loaded {\n  background-image: url(https:\/\/www.hotelatlantisparis.com\/wp-content\/uploads\/2022\/06\/PARTIES-COMMUNES_12.jpg);\n}\n#banner-619791867 .ux-shape-divider--top svg {\n  height: 150px;\n  --divider-top-width: 100%;\n}\n#banner-619791867 .ux-shape-divider--bottom svg {\n  height: 150px;\n  --divider-width: 100%;\n}\n<\/style>\n  <\/div>\n\n\n\n  <div class=\"banner has-hover is-full-height\" id=\"banner-371728066\">\n          <div class=\"banner-inner fill\">\n        <div class=\"banner-bg fill\" >\n            <div class=\"bg fill bg-fill \"><\/div>\n                                    \n                    <\/div>\n\t\t\n        <div class=\"banner-layers container\">\n            <div class=\"fill banner-link\"><\/div>            \n\n\n        <\/div>\n      <\/div>\n\n            \n<style>\n#banner-371728066 {\n  padding-top: 100%;\n}\n#banner-371728066 .bg.bg-loaded {\n  background-image: url(https:\/\/www.hotelatlantisparis.com\/wp-content\/uploads\/2022\/06\/PARTIES-COMMUNES_3.jpg);\n}\n#banner-371728066 .ux-shape-divider--top svg {\n  height: 150px;\n  --divider-top-width: 100%;\n}\n#banner-371728066 .ux-shape-divider--bottom svg {\n  height: 150px;\n  --divider-width: 100%;\n}\n<\/style>\n  <\/div>\n\n\n\n  <div class=\"banner has-hover is-full-height\" id=\"banner-1049451703\">\n          <div class=\"banner-inner fill\">\n        <div class=\"banner-bg fill\" >\n            <div class=\"bg fill bg-fill \"><\/div>\n                                    \n                    <\/div>\n\t\t\n        <div class=\"banner-layers container\">\n            <div class=\"fill banner-link\"><\/div>            \n\n\n        <\/div>\n      <\/div>\n\n            \n<style>\n#banner-1049451703 {\n  padding-top: 100%;\n}\n#banner-1049451703 .bg.bg-loaded {\n  background-image: url(https:\/\/www.hotelatlantisparis.com\/wp-content\/uploads\/2022\/06\/PARTIES-COMMUNES_6.jpg);\n}\n#banner-1049451703 .ux-shape-divider--top svg {\n  height: 150px;\n  --divider-top-width: 100%;\n}\n#banner-1049451703 .ux-shape-divider--bottom svg {\n  height: 150px;\n  --divider-width: 100%;\n}\n<\/style>\n  <\/div>\n\n\n\n     <\/div>\n\n     <div class=\"loading-spin dark large centered\"><\/div>\n\n     \t<\/div>\n\n\n\n\t\t<\/div>\n\n\t\t\n<style>\n#section_1540243587 {\n  padding-top: 0px;\n  padding-bottom: 0px;\n}\n#section_1540243587 .ux-shape-divider--top svg {\n  height: 150px;\n  --divider-top-width: 100%;\n}\n#section_1540243587 .ux-shape-divider--bottom svg {\n  height: 150px;\n  --divider-width: 100%;\n}\n<\/style>\n\t<\/section>\n\t\n\t<section class=\"section\" id=\"section_356103785\">\n\t\t<div class=\"bg section-bg fill bg-fill  \" >\n\n\t\t\t\n\t\t\t<div class=\"section-bg-overlay absolute fill\"><\/div>\n\t\t\t\n\n\t\t<\/div>\n\n\t\t\n\n\t\t<div class=\"section-content relative\">\n\t\t\t\n\n<div class=\"row row-collapse row-full-width align-middle\"  id=\"row-406414368\">\n\n\n\t<div id=\"col-672934779\" class=\"col medium-12 small-12 large-6\"  data-animate=\"fadeInLeft\">\n\t\t\t\t<div class=\"col-inner\" style=\"max-width:600px;\" >\n\t\t\t\n\t\t\t\n\n<h3 style=\"text-align: center; margin-bottom:0; font-size:20px;\">OS NOSSOS SERVI\u00c7OS<\/h3>\n<p>Dirigido pela mesma fam\u00edlia h\u00e1 3 gera\u00e7\u00f5es, o hotel Atlantis \u00e9 um hotel onde reina a convivialidade. Aqui, a acolhida e o bem-estar dos clientes s\u00e3o valores fundamentais e todos os membros da equipe s\u00e3o atenciosos e calorosos em quaisquer circunst\u00e2ncias.<br \/>\nAssim que chegar e durante toda a sua estadia, a nossa equipe permanecer\u00e1 \u00e0 sua disposi\u00e7\u00e3o para responder a todas as suas perguntas, recomendar lugares imperd\u00edveis no bairro ou ajud\u00e1-lo no que precisar. <br \/>\nDesde cedo at\u00e9 \u00e0 noite, n\u00e3o deixe de desfrutar do ambiente \u00fanico do nosso pequeno sal\u00e3o. Com os seus grandes vitrais, suas pequenas luzes e a sua decora\u00e7\u00e3o ecl\u00e9tica, que mistura poltronas confort\u00e1veis, mesinhas vintage e elementos trazidos de diferentes viagens, ele oferece um ambiente agrad\u00e1vel para tomar o seu caf\u00e9 da manh\u00e3 ou desfrutar de um momento de partilha e de convivialidade.  <\/p>\n\n\n\t\t<\/div>\n\t\t\t\t\n<style>\n#col-672934779 > .col-inner {\n  padding: 20px 20px 20px 20px;\n}\n@media (min-width:850px) {\n  #col-672934779 > .col-inner {\n    padding: 20px 50px 20px 50px;\n  }\n}\n<\/style>\n\t<\/div>\n\n\t\n\n\t<div id=\"col-770801581\" class=\"col medium-12 small-12 large-6\"  data-animate=\"fadeInRight\">\n\t\t\t\t<div class=\"col-inner\"  >\n\t\t\t\n\t\t\t\n\n\t<div class=\"img has-hover x md-x lg-x y md-y lg-y\" id=\"image_50462130\">\n\t\t\t\t\t\t\t\t<div class=\"img-inner dark\" >\n\t\t\t<img decoding=\"async\" width=\"1020\" height=\"680\" src=\"https:\/\/www.hotelatlantisparis.com\/wp-content\/uploads\/2022\/06\/PARTIES-COMMUNES_18-1024x683.jpg\" class=\"attachment-large size-large\" alt=\"H\u00f4tel Atlantis Paris Saint-Germain-des-Pr\u00e9s\" srcset=\"https:\/\/www.hotelatlantisparis.com\/wp-content\/uploads\/2022\/06\/PARTIES-COMMUNES_18-1024x683.jpg 1024w, https:\/\/www.hotelatlantisparis.com\/wp-content\/uploads\/2022\/06\/PARTIES-COMMUNES_18-300x200.jpg 300w, https:\/\/www.hotelatlantisparis.com\/wp-content\/uploads\/2022\/06\/PARTIES-COMMUNES_18-768x512.jpg 768w, https:\/\/www.hotelatlantisparis.com\/wp-content\/uploads\/2022\/06\/PARTIES-COMMUNES_18.jpg 1500w\" sizes=\"(max-width: 1020px) 100vw, 1020px\" \/>\t\t\t\t\t\t\n\t\t\t\t\t<\/div>\n\t\t\t\t\t\t\t\t\n<style>\n#image_50462130 {\n  width: 100%;\n}\n<\/style>\n\t<\/div>\n\t\n\n\n\t\t<\/div>\n\t\t\t\t\t<\/div>\n\n\t\n\n<\/div>\n\n\t\t<\/div>\n\n\t\t\n<style>\n#section_356103785 {\n  padding-top: 0px;\n  padding-bottom: 0px;\n  margin-bottom: 0px;\n}\n#section_356103785 .section-bg-overlay {\n  background-color: rgba(255, 255, 255, 0.8);\n}\n#section_356103785 .section-bg.bg-loaded {\n  background-image: url(https:\/\/www.hotelatlantisparis.com\/wp-content\/uploads\/2022\/06\/PARTIES-COMMUNES_4.jpg);\n}\n#section_356103785 .ux-shape-divider--top svg {\n  height: 150px;\n  --divider-top-width: 100%;\n}\n#section_356103785 .ux-shape-divider--bottom svg {\n  height: 150px;\n  --divider-width: 100%;\n}\n<\/style>\n\t<\/section>\n\t\n\t<section class=\"section\" id=\"section_1936611141\">\n\t\t<div class=\"bg section-bg fill bg-fill  \" >\n\n\t\t\t\n\t\t\t<div class=\"section-bg-overlay absolute fill\"><\/div>\n\t\t\t\n\n\t\t<\/div>\n\n\t\t\n\n\t\t<div class=\"section-content relative\">\n\t\t\t\n\n<div class=\"row row-collapse row-full-width align-middle\"  id=\"row-773893134\">\n\n\n\t<div id=\"col-238916221\" class=\"col medium-12 small-12 large-6\"  data-animate=\"fadeInRight\">\n\t\t\t\t<div class=\"col-inner\"  >\n\t\t\t\n\t\t\t\n\n\t<div class=\"img has-hover x md-x lg-x y md-y lg-y\" id=\"image_951545153\">\n\t\t\t\t\t\t\t\t<div class=\"img-inner dark\" >\n\t\t\t<img decoding=\"async\" width=\"1020\" height=\"680\" src=\"https:\/\/www.hotelatlantisparis.com\/wp-content\/uploads\/2022\/06\/PARTIES-COMMUNES_16-1024x683.jpg\" class=\"attachment-large size-large\" alt=\"H\u00f4tel Atlantis Paris Saint-Germain-des-Pr\u00e9s\" srcset=\"https:\/\/www.hotelatlantisparis.com\/wp-content\/uploads\/2022\/06\/PARTIES-COMMUNES_16-1024x683.jpg 1024w, https:\/\/www.hotelatlantisparis.com\/wp-content\/uploads\/2022\/06\/PARTIES-COMMUNES_16-300x200.jpg 300w, https:\/\/www.hotelatlantisparis.com\/wp-content\/uploads\/2022\/06\/PARTIES-COMMUNES_16-768x512.jpg 768w, https:\/\/www.hotelatlantisparis.com\/wp-content\/uploads\/2022\/06\/PARTIES-COMMUNES_16.jpg 1500w\" sizes=\"(max-width: 1020px) 100vw, 1020px\" \/>\t\t\t\t\t\t\n\t\t\t\t\t<\/div>\n\t\t\t\t\t\t\t\t\n<style>\n#image_951545153 {\n  width: 100%;\n}\n<\/style>\n\t<\/div>\n\t\n\n\n\t\t<\/div>\n\t\t\t\t\t<\/div>\n\n\t\n\n\t<div id=\"col-1057158791\" class=\"col medium-12 small-12 large-6 medium-col-first\"  data-animate=\"fadeInLeft\">\n\t\t\t\t<div class=\"col-inner\" style=\"max-width:600px;\" >\n\t\t\t\n\t\t\t\n\n<h3 style=\"text-align: center; margin-bottom:0; font-size:20px;\">CAF\u00c9 DA MANH\u00c3<\/h3>\n<p>Todas as manh\u00e3s, o hotel Atlantis abre aos seus h\u00f3spedes as portas do seu sal\u00e3o caloroso, para que possam come\u00e7ar o dia com o p\u00e9 direito, saboreando um delicioso caf\u00e9 da manh\u00e3 &#8220;\u00e0 francesa&#8221;. Servido na mesa, ele inclui uma bebida quente, um suco, um iogurte, uma viennoiserie, p\u00e3o, manteiga e geleias. Ou seja, todo o essencial para que voc\u00ea possa ter uma pequena amostra da deliciosa gastronomia parisiense.  <\/p>\n\n\n\t\t<\/div>\n\t\t\t\t\n<style>\n#col-1057158791 > .col-inner {\n  padding: 20px 20px 20px 20px;\n}\n@media (min-width:850px) {\n  #col-1057158791 > .col-inner {\n    padding: 20px 50px 20px 50px;\n  }\n}\n<\/style>\n\t<\/div>\n\n\t\n\n<\/div>\n\n\t\t<\/div>\n\n\t\t\n<style>\n#section_1936611141 {\n  padding-top: 0px;\n  padding-bottom: 0px;\n  margin-bottom: 0px;\n}\n#section_1936611141 .section-bg-overlay {\n  background-color: rgba(255, 255, 255, 0.8);\n}\n#section_1936611141 .section-bg.bg-loaded {\n  background-image: url(https:\/\/www.hotelatlantisparis.com\/wp-content\/uploads\/2022\/06\/PARTIES-COMMUNES_4.jpg);\n}\n#section_1936611141 .ux-shape-divider--top svg {\n  height: 150px;\n  --divider-top-width: 100%;\n}\n#section_1936611141 .ux-shape-divider--bottom svg {\n  height: 150px;\n  --divider-width: 100%;\n}\n<\/style>\n\t<\/section>\n\t\n\n","protected":false},"excerpt":{"rendered":"","protected":false},"author":1,"featured_media":0,"parent":0,"menu_order":0,"comment_status":"closed","ping_status":"closed","template":"page-transparent-header.php","meta":{"footnotes":""},"class_list":["post-666","page","type-page","status-publish","hentry"],"yoast_head":"<!-- This site is optimized with the Yoast SEO plugin v19.9 - https:\/\/yoast.com\/wordpress\/plugins\/seo\/ -->\n<title>OS NOSSOS SERVI\u00c7OS PENSADOS PARA VOC\u00ca<\/title>\n<meta name=\"description\" content=\"Dirigido pela mesma fam\u00edlia h\u00e1 3 gera\u00e7\u00f5es, o hotel Atlantis \u00e9 um hotel onde reina a convivialidade.\" \/>\n<meta name=\"robots\" content=\"index, follow, max-snippet:-1, max-image-preview:large, max-video-preview:-1\" \/>\n<link rel=\"canonical\" href=\"https:\/\/www.hotelatlantisparis.com\/pt-br\/servicos\/\" \/>\n<meta property=\"og:locale\" content=\"pt_BR\" \/>\n<meta property=\"og:type\" content=\"article\" \/>\n<meta property=\"og:title\" content=\"OS NOSSOS SERVI\u00c7OS PENSADOS PARA VOC\u00ca\" \/>\n<meta property=\"og:description\" content=\"Dirigido pela mesma fam\u00edlia h\u00e1 3 gera\u00e7\u00f5es, o hotel Atlantis \u00e9 um hotel onde reina a convivialidade.\" \/>\n<meta property=\"og:url\" content=\"https:\/\/www.hotelatlantisparis.com\/pt-br\/servicos\/\" \/>\n<meta property=\"og:site_name\" content=\"H\u00f4tel Atlantis Saint-Germain-des-Pr\u00e9s\" \/>\n<meta property=\"article:modified_time\" content=\"2022-06-22T08:56:07+00:00\" \/>\n<meta name=\"twitter:card\" content=\"summary_large_image\" \/>\n<meta name=\"twitter:label1\" content=\"Est. tempo de leitura\" \/>\n\t<meta name=\"twitter:data1\" content=\"2 minutos\" \/>\n<script type=\"application\/ld+json\" class=\"yoast-schema-graph\">{\"@context\":\"https:\/\/schema.org\",\"@graph\":[{\"@type\":\"WebPage\",\"@id\":\"https:\/\/www.hotelatlantisparis.com\/pt-br\/servicos\/\",\"url\":\"https:\/\/www.hotelatlantisparis.com\/pt-br\/servicos\/\",\"name\":\"OS NOSSOS SERVI\u00c7OS PENSADOS PARA VOC\u00ca\",\"isPartOf\":{\"@id\":\"https:\/\/www.hotelatlantisparis.com\/#website\"},\"datePublished\":\"2022-06-10T04:57:27+00:00\",\"dateModified\":\"2022-06-22T08:56:07+00:00\",\"description\":\"Dirigido pela mesma fam\u00edlia h\u00e1 3 gera\u00e7\u00f5es, o hotel Atlantis \u00e9 um hotel onde reina a convivialidade.\",\"breadcrumb\":{\"@id\":\"https:\/\/www.hotelatlantisparis.com\/pt-br\/servicos\/#breadcrumb\"},\"inLanguage\":\"pt-BR\",\"potentialAction\":[{\"@type\":\"ReadAction\",\"target\":[\"https:\/\/www.hotelatlantisparis.com\/pt-br\/servicos\/\"]}]},{\"@type\":\"BreadcrumbList\",\"@id\":\"https:\/\/www.hotelatlantisparis.com\/pt-br\/servicos\/#breadcrumb\",\"itemListElement\":[{\"@type\":\"ListItem\",\"position\":1,\"name\":\"Accueil\",\"item\":\"https:\/\/www.hotelatlantisparis.com\/pt-br\/\"},{\"@type\":\"ListItem\",\"position\":2,\"name\":\"Services\"}]},{\"@type\":\"WebSite\",\"@id\":\"https:\/\/www.hotelatlantisparis.com\/#website\",\"url\":\"https:\/\/www.hotelatlantisparis.com\/\",\"name\":\"H\u00f4tel Atlantis Saint-Germain-des-Pr\u00e9s\",\"description\":\"Un h\u00f4tel 3 \u00e9toiles de charme \u00e0 Paris\",\"publisher\":{\"@id\":\"https:\/\/www.hotelatlantisparis.com\/#organization\"},\"potentialAction\":[{\"@type\":\"SearchAction\",\"target\":{\"@type\":\"EntryPoint\",\"urlTemplate\":\"https:\/\/www.hotelatlantisparis.com\/?s={search_term_string}\"},\"query-input\":\"required name=search_term_string\"}],\"inLanguage\":\"pt-BR\"},{\"@type\":\"Organization\",\"@id\":\"https:\/\/www.hotelatlantisparis.com\/#organization\",\"name\":\"H\u00f4tel Atlantis Saint-Germain-des-Pr\u00e9s\",\"url\":\"https:\/\/www.hotelatlantisparis.com\/\",\"logo\":{\"@type\":\"ImageObject\",\"inLanguage\":\"pt-BR\",\"@id\":\"https:\/\/www.hotelatlantisparis.com\/#\/schema\/logo\/image\/\",\"url\":\"https:\/\/www.hotelatlantisparis.com\/wp-content\/uploads\/2022\/06\/logo-Hotel-Atlantis-Paris-2.png\",\"contentUrl\":\"https:\/\/www.hotelatlantisparis.com\/wp-content\/uploads\/2022\/06\/logo-Hotel-Atlantis-Paris-2.png\",\"width\":560,\"height\":150,\"caption\":\"H\u00f4tel Atlantis Saint-Germain-des-Pr\u00e9s\"},\"image\":{\"@id\":\"https:\/\/www.hotelatlantisparis.com\/#\/schema\/logo\/image\/\"}}]}<\/script>\n<!-- \/ Yoast SEO plugin. -->","yoast_head_json":{"title":"OS NOSSOS SERVI\u00c7OS PENSADOS PARA VOC\u00ca","description":"Dirigido pela mesma fam\u00edlia h\u00e1 3 gera\u00e7\u00f5es, o hotel Atlantis \u00e9 um hotel onde reina a convivialidade.","robots":{"index":"index","follow":"follow","max-snippet":"max-snippet:-1","max-image-preview":"max-image-preview:large","max-video-preview":"max-video-preview:-1"},"canonical":"https:\/\/www.hotelatlantisparis.com\/pt-br\/servicos\/","og_locale":"pt_BR","og_type":"article","og_title":"OS NOSSOS SERVI\u00c7OS PENSADOS PARA VOC\u00ca","og_description":"Dirigido pela mesma fam\u00edlia h\u00e1 3 gera\u00e7\u00f5es, o hotel Atlantis \u00e9 um hotel onde reina a convivialidade.","og_url":"https:\/\/www.hotelatlantisparis.com\/pt-br\/servicos\/","og_site_name":"H\u00f4tel Atlantis Saint-Germain-des-Pr\u00e9s","article_modified_time":"2022-06-22T08:56:07+00:00","twitter_card":"summary_large_image","twitter_misc":{"Est. tempo de leitura":"2 minutos"},"schema":{"@context":"https:\/\/schema.org","@graph":[{"@type":"WebPage","@id":"https:\/\/www.hotelatlantisparis.com\/pt-br\/servicos\/","url":"https:\/\/www.hotelatlantisparis.com\/pt-br\/servicos\/","name":"OS NOSSOS SERVI\u00c7OS PENSADOS PARA VOC\u00ca","isPartOf":{"@id":"https:\/\/www.hotelatlantisparis.com\/#website"},"datePublished":"2022-06-10T04:57:27+00:00","dateModified":"2022-06-22T08:56:07+00:00","description":"Dirigido pela mesma fam\u00edlia h\u00e1 3 gera\u00e7\u00f5es, o hotel Atlantis \u00e9 um hotel onde reina a convivialidade.","breadcrumb":{"@id":"https:\/\/www.hotelatlantisparis.com\/pt-br\/servicos\/#breadcrumb"},"inLanguage":"pt-BR","potentialAction":[{"@type":"ReadAction","target":["https:\/\/www.hotelatlantisparis.com\/pt-br\/servicos\/"]}]},{"@type":"BreadcrumbList","@id":"https:\/\/www.hotelatlantisparis.com\/pt-br\/servicos\/#breadcrumb","itemListElement":[{"@type":"ListItem","position":1,"name":"Accueil","item":"https:\/\/www.hotelatlantisparis.com\/pt-br\/"},{"@type":"ListItem","position":2,"name":"Services"}]},{"@type":"WebSite","@id":"https:\/\/www.hotelatlantisparis.com\/#website","url":"https:\/\/www.hotelatlantisparis.com\/","name":"H\u00f4tel Atlantis Saint-Germain-des-Pr\u00e9s","description":"Un h\u00f4tel 3 \u00e9toiles de charme \u00e0 Paris","publisher":{"@id":"https:\/\/www.hotelatlantisparis.com\/#organization"},"potentialAction":[{"@type":"SearchAction","target":{"@type":"EntryPoint","urlTemplate":"https:\/\/www.hotelatlantisparis.com\/?s={search_term_string}"},"query-input":"required name=search_term_string"}],"inLanguage":"pt-BR"},{"@type":"Organization","@id":"https:\/\/www.hotelatlantisparis.com\/#organization","name":"H\u00f4tel Atlantis Saint-Germain-des-Pr\u00e9s","url":"https:\/\/www.hotelatlantisparis.com\/","logo":{"@type":"ImageObject","inLanguage":"pt-BR","@id":"https:\/\/www.hotelatlantisparis.com\/#\/schema\/logo\/image\/","url":"https:\/\/www.hotelatlantisparis.com\/wp-content\/uploads\/2022\/06\/logo-Hotel-Atlantis-Paris-2.png","contentUrl":"https:\/\/www.hotelatlantisparis.com\/wp-content\/uploads\/2022\/06\/logo-Hotel-Atlantis-Paris-2.png","width":560,"height":150,"caption":"H\u00f4tel Atlantis Saint-Germain-des-Pr\u00e9s"},"image":{"@id":"https:\/\/www.hotelatlantisparis.com\/#\/schema\/logo\/image\/"}}]}},"_links":{"self":[{"href":"https:\/\/www.hotelatlantisparis.com\/pt-br\/wp-json\/wp\/v2\/pages\/666","targetHints":{"allow":["GET"]}}],"collection":[{"href":"https:\/\/www.hotelatlantisparis.com\/pt-br\/wp-json\/wp\/v2\/pages"}],"about":[{"href":"https:\/\/www.hotelatlantisparis.com\/pt-br\/wp-json\/wp\/v2\/types\/page"}],"author":[{"embeddable":true,"href":"https:\/\/www.hotelatlantisparis.com\/pt-br\/wp-json\/wp\/v2\/users\/1"}],"replies":[{"embeddable":true,"href":"https:\/\/www.hotelatlantisparis.com\/pt-br\/wp-json\/wp\/v2\/comments?post=666"}],"version-history":[{"count":2,"href":"https:\/\/www.hotelatlantisparis.com\/pt-br\/wp-json\/wp\/v2\/pages\/666\/revisions"}],"predecessor-version":[{"id":845,"href":"https:\/\/www.hotelatlantisparis.com\/pt-br\/wp-json\/wp\/v2\/pages\/666\/revisions\/845"}],"wp:attachment":[{"href":"https:\/\/www.hotelatlantisparis.com\/pt-br\/wp-json\/wp\/v2\/media?parent=666"}],"curies":[{"name":"wp","href":"https:\/\/api.w.org\/{rel}","templated":true}]}}