{"id":671,"date":"2022-06-10T08:16:52","date_gmt":"2022-06-10T06:16:52","guid":{"rendered":"https:\/\/www.hotelatlantisparis.com\/situation\/"},"modified":"2022-06-22T10:58:26","modified_gmt":"2022-06-22T08:58:26","slug":"localizacao","status":"publish","type":"page","link":"https:\/\/www.hotelatlantisparis.com\/pt-br\/localizacao\/","title":{"rendered":"Situation"},"content":{"rendered":"\n\n\n<iframe src=\"https:\/\/www.google.com\/maps\/embed?pb=!1m18!1m12!1m3!1d10501.41523103213!2d2.323764868771253!3d48.85146330914813!2m3!1f0!2f0!3f0!3m2!1i1024!2i768!4f13.1!3m3!1m2!1s0x47e671d754ae27b1%3A0x8ce38e396805f33c!2s4%20Rue%20du%20Vieux%20Colombier%2C%2075006%20Paris!5e0!3m2!1sfr!2sfr!4v1654672939234!5m2!1sfr!2sfr\" width=\"100%\" height=\"400\" style=\"border:0;\" allowfullscreen=\"\" loading=\"lazy\" referrerpolicy=\"no-referrer-when-downgrade\"><\/iframe>\n\n\t<section class=\"section\" id=\"section_1226489681\">\n\t\t<div class=\"bg section-bg fill bg-fill  bg-loaded\" >\n\n\t\t\t\n\t\t\t\n\t\t\t\n\n\t\t<\/div>\n\n\t\t\n\n\t\t<div class=\"section-content relative\">\n\t\t\t\n\n<div class=\"row\"  id=\"row-2105067782\">\n\n\n\t<div id=\"col-1496125146\" class=\"col small-12 large-12\"  data-animate=\"fadeInUp\">\n\t\t\t\t<div class=\"col-inner\"  >\n\t\t\t\n\t\t\t\n\n<h1 style=\"text-align: center;\">LOCALIZA\u00c7\u00c3O DOS SONHOS, EM PLENO CORA\u00c7\u00c3O DE PARIS<\/h1>\n<p style=\"text-align:center;\"><img decoding=\"async\" class=\"aligncenter size-medium wp-image-133\" src=\"https:\/\/www.hotelatlantisparis.com\/wp-content\/uploads\/2022\/06\/deco-300x54.png\" alt=\"\" width=\"300\" height=\"54\" srcset=\"https:\/\/www.hotelatlantisparis.com\/wp-content\/uploads\/2022\/06\/deco-300x54.png 300w, https:\/\/www.hotelatlantisparis.com\/wp-content\/uploads\/2022\/06\/deco.png 500w\" sizes=\"(max-width: 300px) 100vw, 300px\" \/><\/p>\n<p>Localizado no chique e elegante &#8220;6e arrondissement&#8221; de Paris, em pleno cora\u00e7\u00e3o de Saint-Germain-des-Pr\u00e8s, o hotel Atlantis oferece um ambiente de tirar o f\u00f4lego a todos os h\u00f3spedes que ali passarem a sua estadia. Diante do hotel, a impressionante pra\u00e7a Saint Sulpice, a sua igreja majestosa e a sua bela e charmosa fonte est\u00e3o \u00e0 espera dos visitantes, ou seja, um verdadeiro ponto de partida para tudo o que este bairro &#8211; e toda a cidade de Paris &#8211; tem de melhor para oferecer. <\/p>\n<p>Totalmente acess\u00edvel pelos meios de transporte p\u00fablicos, esta localiza\u00e7\u00e3o privilegiada permite que passeie por toda a cidade facilmente. Notre Dame, o Louvre, a Torre Eiffel, Montmartre, ou ainda, as Grandes Lojas s\u00e3o facilmente acess\u00edveis pelos transportes p\u00fablicos, e alguns monumentos s\u00e3o at\u00e9 mesmo facilmente acess\u00edveis a p\u00e9, tais como o Pante\u00e3o, o espl\u00eandido Jardim do Luxemburgo, ou ainda, a Torre Montparnasse e o rio Sena.<\/p>\n<p>Aqui, toda a cidade de Paris est\u00e1 de portas abertas. <\/p>\n\n\n  \n    <div id=\"gallery-577549196\" class=\"slider slider-auto-height row-collapse slider-nav-reveal\" data-flickity-options='{\"imagesLoaded\": true, \"dragThreshold\" : 5, \"cellAlign\": \"left\",\"wrapAround\": true,\"prevNextButtons\": true,\"percentPosition\": true,\"pageDots\": true, \"rightToLeft\": false, \"autoPlay\" : 3000}'>\n\n  <div class=\"gallery-col col\" >\n          <div class=\"col-inner\">\n            <a class=\"image-lightbox lightbox-gallery\" href=\"https:\/\/www.hotelatlantisparis.com\/wp-content\/uploads\/2022\/06\/PLACE-EGLISE_3-1024x683.jpg\" title=\"\">            <div class=\"box has-hover gallery-box box-overlay dark\">\n              <div class=\"box-image box-shadow-3\" >\n                <img decoding=\"async\" width=\"300\" height=\"200\" src=\"https:\/\/www.hotelatlantisparis.com\/wp-content\/uploads\/2022\/06\/PLACE-EGLISE_3-300x200.jpg\" class=\"attachment-medium size-medium\" alt=\"\" ids=\"70,71,69,68\" type=\"slider-full\" depth=\"3\" slider_nav_color=\"light\" slider_bullets=\"true\" auto_slide=\"3000\" srcset=\"https:\/\/www.hotelatlantisparis.com\/wp-content\/uploads\/2022\/06\/PLACE-EGLISE_3-300x200.jpg 300w, https:\/\/www.hotelatlantisparis.com\/wp-content\/uploads\/2022\/06\/PLACE-EGLISE_3-1024x683.jpg 1024w, https:\/\/www.hotelatlantisparis.com\/wp-content\/uploads\/2022\/06\/PLACE-EGLISE_3-768x512.jpg 768w, https:\/\/www.hotelatlantisparis.com\/wp-content\/uploads\/2022\/06\/PLACE-EGLISE_3.jpg 1500w\" sizes=\"(max-width: 300px) 100vw, 300px\" \/>                                  <div class=\"overlay fill\"\n                      style=\"background-color: rgba(0,0,0,.15)\">\n                  <\/div>\n                                                              <\/div>\n              <div class=\"box-text text-left\" >\n                 <p><\/p>\n              <\/div>\n            <\/div>\n            <\/a>          <\/div>\n         <\/div><div class=\"gallery-col col\" >\n          <div class=\"col-inner\">\n            <a class=\"image-lightbox lightbox-gallery\" href=\"https:\/\/www.hotelatlantisparis.com\/wp-content\/uploads\/2022\/06\/PLACE-EGLISE_4-1024x683.jpg\" title=\"\">            <div class=\"box has-hover gallery-box box-overlay dark\">\n              <div class=\"box-image box-shadow-3\" >\n                <img decoding=\"async\" width=\"300\" height=\"200\" src=\"https:\/\/www.hotelatlantisparis.com\/wp-content\/uploads\/2022\/06\/PLACE-EGLISE_4-300x200.jpg\" class=\"attachment-medium size-medium\" alt=\"\" ids=\"70,71,69,68\" type=\"slider-full\" depth=\"3\" slider_nav_color=\"light\" slider_bullets=\"true\" auto_slide=\"3000\" srcset=\"https:\/\/www.hotelatlantisparis.com\/wp-content\/uploads\/2022\/06\/PLACE-EGLISE_4-300x200.jpg 300w, https:\/\/www.hotelatlantisparis.com\/wp-content\/uploads\/2022\/06\/PLACE-EGLISE_4-1024x683.jpg 1024w, https:\/\/www.hotelatlantisparis.com\/wp-content\/uploads\/2022\/06\/PLACE-EGLISE_4-768x512.jpg 768w, https:\/\/www.hotelatlantisparis.com\/wp-content\/uploads\/2022\/06\/PLACE-EGLISE_4.jpg 1500w\" sizes=\"(max-width: 300px) 100vw, 300px\" \/>                                  <div class=\"overlay fill\"\n                      style=\"background-color: rgba(0,0,0,.15)\">\n                  <\/div>\n                                                              <\/div>\n              <div class=\"box-text text-left\" >\n                 <p><\/p>\n              <\/div>\n            <\/div>\n            <\/a>          <\/div>\n         <\/div><div class=\"gallery-col col\" >\n          <div class=\"col-inner\">\n            <a class=\"image-lightbox lightbox-gallery\" href=\"https:\/\/www.hotelatlantisparis.com\/wp-content\/uploads\/2022\/06\/PLACE-EGLISE_2-1024x683.jpg\" title=\"\">            <div class=\"box has-hover gallery-box box-overlay dark\">\n              <div class=\"box-image box-shadow-3\" >\n                <img decoding=\"async\" width=\"300\" height=\"200\" src=\"https:\/\/www.hotelatlantisparis.com\/wp-content\/uploads\/2022\/06\/PLACE-EGLISE_2-300x200.jpg\" class=\"attachment-medium size-medium\" alt=\"\" ids=\"70,71,69,68\" type=\"slider-full\" depth=\"3\" slider_nav_color=\"light\" slider_bullets=\"true\" auto_slide=\"3000\" srcset=\"https:\/\/www.hotelatlantisparis.com\/wp-content\/uploads\/2022\/06\/PLACE-EGLISE_2-300x200.jpg 300w, https:\/\/www.hotelatlantisparis.com\/wp-content\/uploads\/2022\/06\/PLACE-EGLISE_2-1024x683.jpg 1024w, https:\/\/www.hotelatlantisparis.com\/wp-content\/uploads\/2022\/06\/PLACE-EGLISE_2-768x512.jpg 768w, https:\/\/www.hotelatlantisparis.com\/wp-content\/uploads\/2022\/06\/PLACE-EGLISE_2.jpg 1500w\" sizes=\"(max-width: 300px) 100vw, 300px\" \/>                                  <div class=\"overlay fill\"\n                      style=\"background-color: rgba(0,0,0,.15)\">\n                  <\/div>\n                                                              <\/div>\n              <div class=\"box-text text-left\" >\n                 <p><\/p>\n              <\/div>\n            <\/div>\n            <\/a>          <\/div>\n         <\/div><div class=\"gallery-col col\" >\n          <div class=\"col-inner\">\n            <a class=\"image-lightbox lightbox-gallery\" href=\"https:\/\/www.hotelatlantisparis.com\/wp-content\/uploads\/2022\/06\/PLACE-EGLISE_1-1024x683.jpg\" title=\"\">            <div class=\"box has-hover gallery-box box-overlay dark\">\n              <div class=\"box-image box-shadow-3\" >\n                <img decoding=\"async\" width=\"300\" height=\"200\" src=\"https:\/\/www.hotelatlantisparis.com\/wp-content\/uploads\/2022\/06\/PLACE-EGLISE_1-300x200.jpg\" class=\"attachment-medium size-medium\" alt=\"\" ids=\"70,71,69,68\" type=\"slider-full\" depth=\"3\" slider_nav_color=\"light\" slider_bullets=\"true\" auto_slide=\"3000\" srcset=\"https:\/\/www.hotelatlantisparis.com\/wp-content\/uploads\/2022\/06\/PLACE-EGLISE_1-300x200.jpg 300w, https:\/\/www.hotelatlantisparis.com\/wp-content\/uploads\/2022\/06\/PLACE-EGLISE_1-1024x683.jpg 1024w, https:\/\/www.hotelatlantisparis.com\/wp-content\/uploads\/2022\/06\/PLACE-EGLISE_1-768x512.jpg 768w, https:\/\/www.hotelatlantisparis.com\/wp-content\/uploads\/2022\/06\/PLACE-EGLISE_1.jpg 1500w\" sizes=\"(max-width: 300px) 100vw, 300px\" \/>                                  <div class=\"overlay fill\"\n                      style=\"background-color: rgba(0,0,0,.15)\">\n                  <\/div>\n                                                              <\/div>\n              <div class=\"box-text text-left\" >\n                 <p><\/p>\n              <\/div>\n            <\/div>\n            <\/a>          <\/div>\n         <\/div><\/div>\n\n\n\t\t<\/div>\n\t\t\t\t\n<style>\n#col-1496125146 > .col-inner {\n  margin: 20px 0px 0px 0px;\n}\n<\/style>\n\t<\/div>\n\n\t\n\n<\/div>\n\n\t\t<\/div>\n\n\t\t\n<style>\n#section_1226489681 {\n  padding-top: 30px;\n  padding-bottom: 30px;\n}\n#section_1226489681 .ux-shape-divider--top svg {\n  height: 150px;\n  --divider-top-width: 100%;\n}\n#section_1226489681 .ux-shape-divider--bottom svg {\n  height: 150px;\n  --divider-width: 100%;\n}\n<\/style>\n\t<\/section>\n\t\n\t<section class=\"section\" id=\"section_80147729\">\n\t\t<div class=\"bg section-bg fill bg-fill  bg-loaded\" >\n\n\t\t\t\n\t\t\t\n\t\t\t\n\n\t\t<\/div>\n\n\t\t\n\n\t\t<div class=\"section-content relative\">\n\t\t\t\n\n<div class=\"row\"  id=\"row-2046656472\">\n\n\n\t<div id=\"col-16854690\" class=\"col small-12 large-12\"  >\n\t\t\t\t<div class=\"col-inner\"  >\n\t\t\t\n\t\t\t\n\n\t<div id=\"text-2120971164\" class=\"text\">\n\t\t\n\n<p style=\"text-align:center;\"><img decoding=\"async\" class=\"size-medium wp-image-133 aligncenter\" src=\"https:\/\/www.hotelatlantisparis.com\/wp-content\/uploads\/2022\/06\/deco-300x54.png\" alt=\"\" width=\"300\" height=\"54\" srcset=\"https:\/\/www.hotelatlantisparis.com\/wp-content\/uploads\/2022\/06\/deco-300x54.png 300w, https:\/\/www.hotelatlantisparis.com\/wp-content\/uploads\/2022\/06\/deco.png 500w\" sizes=\"(max-width: 300px) 100vw, 300px\" \/><\/p>\n<h2>UM BAIRRO TIPICAMENTE PARISIENSE<\/h2>\n<p>Muito mais do que um bairro-museu, Saint-Germain-des-Pr\u00e8s, principalmente \u00e0 proximidade da pra\u00e7a Saint Sulpice, \u00e9 um pequeno vilarejo em pleno cora\u00e7\u00e3o da cidade, um lugar perfeito para ser descoberto pouco a pouco, ao longo dos seus passeios. <\/p>\n<p>Nas ruas vizinhas, voc\u00ea encontrar\u00e1 lojas de criadores, livrarias emblem\u00e1ticas e restaurantes, uns mais criativos do que os outros, para animar e embelezar o bairro. Assim, a alguns passos do hotel, voc\u00ea poder\u00e1 degustar uma p\u00e2tisserie do famoso Christophe Michalak, saborear o t\u00e3o aclamado &#8220;p\u00e2t\u00e9 en cro\u00fbte&#8221; da Maison Verot, tomar um caf\u00e9 no Caf\u00e9 de Flore ou no Deux Magots, fazer as suas compras no Bon March\u00e9, perder-se pelas charmosas ruas, saborear um cr\u00eape inesquec\u00edvel na rue d\u2019Odessa\u2026 <\/p>\n<p>Deixe-se surpreender e encantar pelo bairro antes de voltar \u00e0 tranquilidade do hotel Atlantis. <\/p>\n\n\t\t\n<style>\n#text-2120971164 {\n  text-align: center;\n}\n<\/style>\n\t<\/div>\n\t\n\n\t\t<\/div>\n\t\t\t\t\t<\/div>\n\n\t\n\n<\/div>\n\n\t\t<\/div>\n\n\t\t\n<style>\n#section_80147729 {\n  padding-top: 30px;\n  padding-bottom: 30px;\n}\n#section_80147729 .ux-shape-divider--top svg {\n  height: 150px;\n  --divider-top-width: 100%;\n}\n#section_80147729 .ux-shape-divider--bottom svg {\n  height: 150px;\n  --divider-width: 100%;\n}\n<\/style>\n\t<\/section>\n\t\n\n","protected":false},"excerpt":{"rendered":"","protected":false},"author":1,"featured_media":0,"parent":0,"menu_order":0,"comment_status":"closed","ping_status":"closed","template":"page-blank.php","meta":{"footnotes":""},"class_list":["post-671","page","type-page","status-publish","hentry"],"yoast_head":"<!-- This site is optimized with the Yoast SEO plugin v19.9 - https:\/\/yoast.com\/wordpress\/plugins\/seo\/ -->\n<title>LOCALIZA\u00c7\u00c3O DOS SONHOS, EM PLENO CORA\u00c7\u00c3O DE PARIS<\/title>\n<meta name=\"description\" content=\"Localizado no chique e elegante &quot;6e arrondissement&quot; de Paris, em pleno cora\u00e7\u00e3o de Saint-Germain-des-Pr\u00e8s, o hotel Atlantis oferece um ambiente de tirar o f\u00f4lego a todos os h\u00f3spedes que ali passarem a sua estadia.\" \/>\n<meta name=\"robots\" content=\"index, follow, max-snippet:-1, max-image-preview:large, max-video-preview:-1\" \/>\n<link rel=\"canonical\" href=\"https:\/\/www.hotelatlantisparis.com\/pt-br\/localizacao\/\" \/>\n<meta property=\"og:locale\" content=\"pt_BR\" \/>\n<meta property=\"og:type\" content=\"article\" \/>\n<meta property=\"og:title\" content=\"LOCALIZA\u00c7\u00c3O DOS SONHOS, EM PLENO CORA\u00c7\u00c3O DE PARIS\" \/>\n<meta property=\"og:description\" content=\"Localizado no chique e elegante &quot;6e arrondissement&quot; de Paris, em pleno cora\u00e7\u00e3o de Saint-Germain-des-Pr\u00e8s, o hotel Atlantis oferece um ambiente de tirar o f\u00f4lego a todos os h\u00f3spedes que ali passarem a sua estadia.\" \/>\n<meta property=\"og:url\" content=\"https:\/\/www.hotelatlantisparis.com\/pt-br\/localizacao\/\" \/>\n<meta property=\"og:site_name\" content=\"H\u00f4tel Atlantis Saint-Germain-des-Pr\u00e9s\" \/>\n<meta property=\"article:modified_time\" content=\"2022-06-22T08:58:26+00:00\" \/>\n<meta property=\"og:image\" content=\"https:\/\/www.hotelatlantisparis.com\/wp-content\/uploads\/2022\/06\/deco-300x54.png\" \/>\n<meta name=\"twitter:card\" content=\"summary_large_image\" \/>\n<meta name=\"twitter:label1\" content=\"Est. tempo de leitura\" \/>\n\t<meta name=\"twitter:data1\" content=\"3 minutos\" \/>\n<script type=\"application\/ld+json\" class=\"yoast-schema-graph\">{\"@context\":\"https:\/\/schema.org\",\"@graph\":[{\"@type\":\"WebPage\",\"@id\":\"https:\/\/www.hotelatlantisparis.com\/pt-br\/localizacao\/\",\"url\":\"https:\/\/www.hotelatlantisparis.com\/pt-br\/localizacao\/\",\"name\":\"LOCALIZA\u00c7\u00c3O DOS SONHOS, EM PLENO CORA\u00c7\u00c3O DE PARIS\",\"isPartOf\":{\"@id\":\"https:\/\/www.hotelatlantisparis.com\/#website\"},\"datePublished\":\"2022-06-10T06:16:52+00:00\",\"dateModified\":\"2022-06-22T08:58:26+00:00\",\"description\":\"Localizado no chique e elegante \\\"6e arrondissement\\\" de Paris, em pleno cora\u00e7\u00e3o de Saint-Germain-des-Pr\u00e8s, o hotel Atlantis oferece um ambiente de tirar o f\u00f4lego a todos os h\u00f3spedes que ali passarem a sua estadia.\",\"breadcrumb\":{\"@id\":\"https:\/\/www.hotelatlantisparis.com\/pt-br\/localizacao\/#breadcrumb\"},\"inLanguage\":\"pt-BR\",\"potentialAction\":[{\"@type\":\"ReadAction\",\"target\":[\"https:\/\/www.hotelatlantisparis.com\/pt-br\/localizacao\/\"]}]},{\"@type\":\"BreadcrumbList\",\"@id\":\"https:\/\/www.hotelatlantisparis.com\/pt-br\/localizacao\/#breadcrumb\",\"itemListElement\":[{\"@type\":\"ListItem\",\"position\":1,\"name\":\"Accueil\",\"item\":\"https:\/\/www.hotelatlantisparis.com\/pt-br\/\"},{\"@type\":\"ListItem\",\"position\":2,\"name\":\"Situation\"}]},{\"@type\":\"WebSite\",\"@id\":\"https:\/\/www.hotelatlantisparis.com\/#website\",\"url\":\"https:\/\/www.hotelatlantisparis.com\/\",\"name\":\"H\u00f4tel Atlantis Saint-Germain-des-Pr\u00e9s\",\"description\":\"Un h\u00f4tel 3 \u00e9toiles de charme \u00e0 Paris\",\"publisher\":{\"@id\":\"https:\/\/www.hotelatlantisparis.com\/#organization\"},\"potentialAction\":[{\"@type\":\"SearchAction\",\"target\":{\"@type\":\"EntryPoint\",\"urlTemplate\":\"https:\/\/www.hotelatlantisparis.com\/?s={search_term_string}\"},\"query-input\":\"required name=search_term_string\"}],\"inLanguage\":\"pt-BR\"},{\"@type\":\"Organization\",\"@id\":\"https:\/\/www.hotelatlantisparis.com\/#organization\",\"name\":\"H\u00f4tel Atlantis Saint-Germain-des-Pr\u00e9s\",\"url\":\"https:\/\/www.hotelatlantisparis.com\/\",\"logo\":{\"@type\":\"ImageObject\",\"inLanguage\":\"pt-BR\",\"@id\":\"https:\/\/www.hotelatlantisparis.com\/#\/schema\/logo\/image\/\",\"url\":\"https:\/\/www.hotelatlantisparis.com\/wp-content\/uploads\/2022\/06\/logo-Hotel-Atlantis-Paris-2.png\",\"contentUrl\":\"https:\/\/www.hotelatlantisparis.com\/wp-content\/uploads\/2022\/06\/logo-Hotel-Atlantis-Paris-2.png\",\"width\":560,\"height\":150,\"caption\":\"H\u00f4tel Atlantis Saint-Germain-des-Pr\u00e9s\"},\"image\":{\"@id\":\"https:\/\/www.hotelatlantisparis.com\/#\/schema\/logo\/image\/\"}}]}<\/script>\n<!-- \/ Yoast SEO plugin. -->","yoast_head_json":{"title":"LOCALIZA\u00c7\u00c3O DOS SONHOS, EM PLENO CORA\u00c7\u00c3O DE PARIS","description":"Localizado no chique e elegante \"6e arrondissement\" de Paris, em pleno cora\u00e7\u00e3o de Saint-Germain-des-Pr\u00e8s, o hotel Atlantis oferece um ambiente de tirar o f\u00f4lego a todos os h\u00f3spedes que ali passarem a sua estadia.","robots":{"index":"index","follow":"follow","max-snippet":"max-snippet:-1","max-image-preview":"max-image-preview:large","max-video-preview":"max-video-preview:-1"},"canonical":"https:\/\/www.hotelatlantisparis.com\/pt-br\/localizacao\/","og_locale":"pt_BR","og_type":"article","og_title":"LOCALIZA\u00c7\u00c3O DOS SONHOS, EM PLENO CORA\u00c7\u00c3O DE PARIS","og_description":"Localizado no chique e elegante \"6e arrondissement\" de Paris, em pleno cora\u00e7\u00e3o de Saint-Germain-des-Pr\u00e8s, o hotel Atlantis oferece um ambiente de tirar o f\u00f4lego a todos os h\u00f3spedes que ali passarem a sua estadia.","og_url":"https:\/\/www.hotelatlantisparis.com\/pt-br\/localizacao\/","og_site_name":"H\u00f4tel Atlantis Saint-Germain-des-Pr\u00e9s","article_modified_time":"2022-06-22T08:58:26+00:00","og_image":[{"url":"https:\/\/www.hotelatlantisparis.com\/wp-content\/uploads\/2022\/06\/deco-300x54.png"}],"twitter_card":"summary_large_image","twitter_misc":{"Est. tempo de leitura":"3 minutos"},"schema":{"@context":"https:\/\/schema.org","@graph":[{"@type":"WebPage","@id":"https:\/\/www.hotelatlantisparis.com\/pt-br\/localizacao\/","url":"https:\/\/www.hotelatlantisparis.com\/pt-br\/localizacao\/","name":"LOCALIZA\u00c7\u00c3O DOS SONHOS, EM PLENO CORA\u00c7\u00c3O DE PARIS","isPartOf":{"@id":"https:\/\/www.hotelatlantisparis.com\/#website"},"datePublished":"2022-06-10T06:16:52+00:00","dateModified":"2022-06-22T08:58:26+00:00","description":"Localizado no chique e elegante \"6e arrondissement\" de Paris, em pleno cora\u00e7\u00e3o de Saint-Germain-des-Pr\u00e8s, o hotel Atlantis oferece um ambiente de tirar o f\u00f4lego a todos os h\u00f3spedes que ali passarem a sua estadia.","breadcrumb":{"@id":"https:\/\/www.hotelatlantisparis.com\/pt-br\/localizacao\/#breadcrumb"},"inLanguage":"pt-BR","potentialAction":[{"@type":"ReadAction","target":["https:\/\/www.hotelatlantisparis.com\/pt-br\/localizacao\/"]}]},{"@type":"BreadcrumbList","@id":"https:\/\/www.hotelatlantisparis.com\/pt-br\/localizacao\/#breadcrumb","itemListElement":[{"@type":"ListItem","position":1,"name":"Accueil","item":"https:\/\/www.hotelatlantisparis.com\/pt-br\/"},{"@type":"ListItem","position":2,"name":"Situation"}]},{"@type":"WebSite","@id":"https:\/\/www.hotelatlantisparis.com\/#website","url":"https:\/\/www.hotelatlantisparis.com\/","name":"H\u00f4tel Atlantis Saint-Germain-des-Pr\u00e9s","description":"Un h\u00f4tel 3 \u00e9toiles de charme \u00e0 Paris","publisher":{"@id":"https:\/\/www.hotelatlantisparis.com\/#organization"},"potentialAction":[{"@type":"SearchAction","target":{"@type":"EntryPoint","urlTemplate":"https:\/\/www.hotelatlantisparis.com\/?s={search_term_string}"},"query-input":"required name=search_term_string"}],"inLanguage":"pt-BR"},{"@type":"Organization","@id":"https:\/\/www.hotelatlantisparis.com\/#organization","name":"H\u00f4tel Atlantis Saint-Germain-des-Pr\u00e9s","url":"https:\/\/www.hotelatlantisparis.com\/","logo":{"@type":"ImageObject","inLanguage":"pt-BR","@id":"https:\/\/www.hotelatlantisparis.com\/#\/schema\/logo\/image\/","url":"https:\/\/www.hotelatlantisparis.com\/wp-content\/uploads\/2022\/06\/logo-Hotel-Atlantis-Paris-2.png","contentUrl":"https:\/\/www.hotelatlantisparis.com\/wp-content\/uploads\/2022\/06\/logo-Hotel-Atlantis-Paris-2.png","width":560,"height":150,"caption":"H\u00f4tel Atlantis Saint-Germain-des-Pr\u00e9s"},"image":{"@id":"https:\/\/www.hotelatlantisparis.com\/#\/schema\/logo\/image\/"}}]}},"_links":{"self":[{"href":"https:\/\/www.hotelatlantisparis.com\/pt-br\/wp-json\/wp\/v2\/pages\/671","targetHints":{"allow":["GET"]}}],"collection":[{"href":"https:\/\/www.hotelatlantisparis.com\/pt-br\/wp-json\/wp\/v2\/pages"}],"about":[{"href":"https:\/\/www.hotelatlantisparis.com\/pt-br\/wp-json\/wp\/v2\/types\/page"}],"author":[{"embeddable":true,"href":"https:\/\/www.hotelatlantisparis.com\/pt-br\/wp-json\/wp\/v2\/users\/1"}],"replies":[{"embeddable":true,"href":"https:\/\/www.hotelatlantisparis.com\/pt-br\/wp-json\/wp\/v2\/comments?post=671"}],"version-history":[{"count":2,"href":"https:\/\/www.hotelatlantisparis.com\/pt-br\/wp-json\/wp\/v2\/pages\/671\/revisions"}],"predecessor-version":[{"id":847,"href":"https:\/\/www.hotelatlantisparis.com\/pt-br\/wp-json\/wp\/v2\/pages\/671\/revisions\/847"}],"wp:attachment":[{"href":"https:\/\/www.hotelatlantisparis.com\/pt-br\/wp-json\/wp\/v2\/media?parent=671"}],"curies":[{"name":"wp","href":"https:\/\/api.w.org\/{rel}","templated":true}]}}